{"id":84421,"date":"2025-03-28T08:51:07","date_gmt":"2025-03-28T06:51:07","guid":{"rendered":"https:\/\/autodigi.ee\/product\/seat-ibiza-android-carplay-gps-multimedia\/"},"modified":"2026-03-03T11:44:56","modified_gmt":"2026-03-03T09:44:56","slug":"seat-ibiza-android-carplay-gps-multimedia","status":"publish","type":"product","link":"https:\/\/autodigi.ee\/ru\/product\/seat-ibiza-android-carplay-gps-multimedia\/","title":{"rendered":"Seat Ibiza (2008-2014) Android | GPS autoraadio ja multimeedia keskus"},"content":{"rendered":"<div style=\"border: 1px solid #e8e8e8; background: linear-gradient(#ebebeb 0%, #ffffff 3%, #ffffff 40%, #ebebeb 100%); visibility: visible;\" role=\"tabpanel\">\n<div style=\"hyphens: auto; padding: 20px; color: #2e2e2e; font-size: 1.05em; line-height: 1.5em; margin-top: 20px;\">\n<h1 style=\"font-family: Tahoma; margin: 0px 0px 30.5px;\"><span style=\"font-family: arial, helvetica, sans-serif; font-size: large;\"><strong style=\"font-size: 12.6px; font-family: arial, helvetica, sans-serif; color: #0d4a9b;\"><strong style=\"font-size: 14.7px;\">7&#8243; tollise puuteekraaniga | mudelip\u00f5hine Android GPS navi-raadio ja multimeediakeskus, spetsiaalselt \u00a0<\/strong><\/strong><\/span><\/h1>\n<h1 style=\"font-family: Tahoma; box-sizing: border-box; margin: 0px 0px 10.5px;\"><span style=\"font-family: arial, helvetica, sans-serif;\"><strong style=\"font-size: 12.6px; font-family: arial, helvetica, sans-serif; box-sizing: border-box; color: #0d4a9b;\"><strong style=\"box-sizing: border-box; font-size: 14.7px;\">Seat Ibiza (2008-2014) <\/strong><\/strong><\/span><\/h1>\n<p style=\"font-size: 12.6px; font-family: Tahoma; margin: 0px 0px 10.5px;\"><span style=\"color: #000000; font-family: arial, helvetica, sans-serif; font-size: 12.6px;\">Margip\u00f5hine auto meediakeskus, mis on loodud sobima enamikel juhtudel otse originaalse tehaseraadio asemele ja \u00fchenduma auto originaal pistikutega.<\/span><\/p>\n<p style=\"font-size: 12.6px; font-family: Tahoma; margin: 0px 0px 10.5px;\"><span style=\"color: #ff0000; font-family: arial, helvetica, sans-serif; font-size: 12.6px;\"><strong>Android 13 | Apple CarPlay | Android Auto<\/strong><\/span><\/p>\n<p style=\"font-size: 12.6px; font-family: Tahoma; margin: 0px 0px 10.5px;\"><span style=\"color: #000000; font-family: arial, helvetica, sans-serif; font-size: 12.6px;\"><strong>NB!<\/strong>\u00a0Android autoraadio kasutamiseks pole vaja Android-telefoni. See raadio on Android arvuti, millel on tavalisele tahvelarvutile sarnased funktsioonid. Meediapleier \u00fchildub iga telefoniga. Ei ole vahet, kas see on Android v\u00f5i iOS.<\/span><\/p>\n<p style=\"font-size: 12.6px; font-family: Tahoma; margin: 0px 0px 10.5px;\"><span style=\"font-family: arial, helvetica, sans-serif;\"><span style=\"color: #000000; font-size: 12.6px;\">See autoraadio on kaasaegne meediakeskus, mis muudab iga autos\u00f5idu elamuseks! Android GPS-raadio toob teie autosse k\u00f5ik kaasaegsed navigatsioonirakendused &#8212;\u00a0<\/span><strong style=\"color: #000000; font-family: arial, helvetica, sans-serif; font-size: 12.6px;\">Waze, Google Maps ja iGo<\/strong>.\u00a0<span style=\"color: #000000; font-size: 12.6px;\">Android v\u00f5imaldab lisaks tavap\u00e4rasele FM-raadio funktsioonile kasutada ka GooglePlay rakendusi, tuues autosse meelelahutust \u2013\u00a0<\/span><strong style=\"color: #000000; font-family: arial, helvetica, sans-serif; font-size: 12.6px;\">Spotify, YouTube, Gmail, Chrome<\/strong><span style=\"color: #000000; font-size: 12.6px;\">\u00a0jne.\u00a0Soovi korral saab auto multimeediaraadiosse paigaldada ka sotsiaalmeedia ja meilirakendusi &#8212;\u00a0<strong>Facebook, Instagram, Gmail, TikTok\u00a0<\/strong>jms.\u00a0Sisseehitatud Bluetooth k\u00e4ed-vabad telefoni funktsioon v\u00f5imaldab ka striimida muusikat oma telefonist. GPS-navigaator t\u00f6\u00f6tab samaaegselt meediakeskusega ja kombineerib marsruudi juhised sujuvalt muusikaga. Multimeediakeskus toetab 99% maailma keeltest (k\u00f5ik Google&#8217;i toetatud keeled) ja v\u00f5imaldab kasutada seadet teie emakeeles.\u00a0<\/span><\/span><\/p>\n<h3 style=\"font-size: 12.6px; font-family: Tahoma; margin: 0px 0px 10.5px;\"><span style=\"color: #0f499a; font-family: arial, helvetica, sans-serif; font-size: 120%;\"><strong style=\"color: #0d4a9b;\">\u00a0<\/strong><\/span><\/h3>\n<h3 style=\"font-size: 12.6px; font-family: Tahoma; margin: 0px 0px 10.5px;\"><span style=\"color: #0f499a; font-family: arial, helvetica, sans-serif; font-size: 120%;\"><strong style=\"color: #0d4a9b;\">T\u00e4psem kirjeldus<\/strong><\/span><\/h3>\n<ul class=\"wurfel\" style=\"margin-top: 0px; margin-bottom: 10.5px; margin-left: 0px; padding-left: 0px;\">\n<li style=\"font-family: Tahoma;\">Op. S\u00fcsteem<strong> Android 13\u00a0<\/strong><\/li>\n<li><span style=\"color: #000000; font-family: arial, helvetica, sans-serif;\"><strong>Apple CarPlay &amp; Android Auto:<\/strong>\u00a0sisseehitatud juhtmevaba CarPlay ja juhtmevaba Android Auto <\/span><\/li>\n<li><span style=\"color: #000000; font-family: arial, helvetica, sans-serif;\">Bluetooth 5.0 &#171;handsfree&#187; telefonik\u00f5ned<\/span><\/li>\n<li><span style=\"color: #000000; font-family: arial, helvetica, sans-serif;\">Bluetooth 5.0 muusika striim<\/span><\/li>\n<li><span style=\"color: #000000; font-family: arial, helvetica, sans-serif;\">Sisseehitatud GPS navigaator\u00a0<strong>Waze, GoogleMaps, iGo<\/strong><\/span><\/li>\n<li><span style=\"color: #000000; font-family: arial, helvetica, sans-serif;\">USB sisend\u00a0<\/span><\/li>\n<li><span style=\"color: #000000; font-family: arial, helvetica, sans-serif;\">K\u00f5igi android \u00e4ppide tugi &#8212; mh.\u00a0<strong>YouTube, Spotify, Gmail<\/strong><\/span><\/li>\n<li><span style=\"color: #000000; font-family: arial, helvetica, sans-serif;\"><strong>Screen Mirroring<\/strong>\u00a0telefoni ekraani kuvamine meediakeskuse ekraanile<\/span><\/li>\n<li><span style=\"color: #000000; font-family: arial, helvetica, sans-serif;\">FM RDS raadio<\/span><\/li>\n<li><span style=\"color: #000000; font-family: arial, helvetica, sans-serif;\">Tagurduskaamera lisamise valmidus<\/span><\/li>\n<li><span style=\"color: #000000; font-family: arial, helvetica, sans-serif;\">\u00dchildub auto originaal roolinuppudega<\/span><\/li>\n<li><span style=\"color: #000000; font-family: arial, helvetica, sans-serif;\">1080P video<\/span><\/li>\n<li><span style=\"color: #000000; font-family: arial, helvetica, sans-serif;\">1024 x 600 WVGA\u00a0mahutundlik puuteekraan<\/span><\/li>\n<li><span style=\"color: #000000; font-family: arial, helvetica, sans-serif;\"><strong>CD\/DVD<\/strong>\u00a0m\u00e4ngija &#8212;\u00a0<strong>Ei<\/strong><\/span><\/li>\n<li><span style=\"color: #000000; font-family: arial, helvetica, sans-serif;\"><strong>AVI \/ RCA<\/strong>\u00a0v\u00e4ljundid &#8212;<strong>\u00a0V\u00f5imalik ainult spetsiaalse mooduli &#171;USBRCA&#187; lisamisel<\/strong><\/span><\/li>\n<li><span style=\"color: #000000; font-family: arial, helvetica, sans-serif;\"><strong>HDMI<\/strong>\u00a0v\u00e4ljund &#8212;<strong>\u00a0 Jah, kuid vajalik on spetsiaalse mooduli &#171;USBHDMI&#187; lisamine<\/strong><\/span><\/li>\n<li><span style=\"color: #000000; font-family: arial, helvetica, sans-serif;\">Heli v\u00e4ljundv\u00f5imsus \u00a04 x 45 W<\/span><\/li>\n<li><span style=\"color: #000000; font-family: arial, helvetica, sans-serif;\"><strong>DSP<\/strong>\u00a0heliprotsessor &#8212;<strong>\u00a0Jah &#8212; sisseehitatud DSP protsessor<\/strong><\/span><\/li>\n<li><span style=\"color: #000000; font-family: arial, helvetica, sans-serif;\"><strong>SIM<\/strong>\u00a0kaardi pesa &#8212;<strong>\u00a0Jah, seadmel on sisseehitatud modem<\/strong><\/span><\/li>\n<li><span style=\"font-family: arial, helvetica, sans-serif;\"><strong style=\"font-size: 1.05em; background-color: initial;\">WiFi\u00a0<\/strong><span style=\"font-size: 1.05em; background-color: initial;\">&#8212; Jah, wifi modem on sisseehitatud<\/span><\/span><\/li>\n<li><span style=\"color: #000000; font-family: arial, helvetica, sans-serif;\">GooglePlay &#8212; Spotify, Chrome, YouTube, Gmail, Facebook, Waze, GoogleMap jt.<\/span><\/li>\n<li><span style=\"font-family: arial, helvetica, sans-serif;\"><strong style=\"font-size: 1.05em; background-color: initial;\">&#171;Plug and Play&#187;<\/strong><span style=\"font-size: 1.05em; background-color: initial;\">\u00a0&#8212;\u00a0Jah, mudelip\u00f5hine raadio sobib enamikel juhtudel otse tehaseraadio pesasse ja originaal pistikutele.<\/span><\/span><\/li>\n<\/ul>\n<p style=\"font-family: Tahoma; box-sizing: border-box; margin: 0px 0px 10.5px; text-align: justify;\"><span style=\"font-family: arial,helvetica,sans-serif;\"><strong>Raadio paigaldamine!<\/strong>\u00a0Ise paigaldamisel on abiks YouTube&#8217;i videod, kust leiate juhised originaal raadio eemaldamiseks ja uue raadio paigaldamiseks.\u00a0Kui te pole kindel toote sobivuses v\u00f5i soovite lasta raadiot paigaldada kogenud asjatundjal, v\u00f5tke meiega \u00fchendust meili teel info(@)automeedia.ee &#8212; anname teile l\u00e4hima paigaldus t\u00f6\u00f6koja kontaktid (Tallinnas, Tartus, P\u00e4rnus, J\u00f5hvis, Rakveres, Helsingis).\u00a0<\/span><\/p>\n<\/div>\n<\/div>\n<div id=\"detail_decorate_root\" data-host=\"337013492\" data-magic-global=\"%7B%22bizId%22%3A2568217627%2C%22pageId%22%3A21322380227%2C%22siteId%22%3A10003084034%7D\" data-id=\"detail_decorate_root\">\n<div class=\"J_module\"><\/div>\n<div class=\"J_module\"><\/div>\n<div class=\"J_module\">\n<div class=\"icbu-pc-images magic-8\">\n<div>\n<div class=\"flex-layout-v\">\n<div class=\"flex-layout-h magic-8\">\n<div class=\"magic-9\"><img decoding=\"async\" class=\"magic-10\" src=\"\/\/sc04.alicdn.com\/kf\/H9413ebd0c5a1465883bab6a539b52c56c\/224874211\/H9413ebd0c5a1465883bab6a539b52c56c.jpg\" data-id=\"child-image-0\" \/><\/div>\n<\/div>\n<\/div>\n<\/div>\n<\/div>\n<\/div>\n<div class=\"J_module\"><\/div>\n<div class=\"J_module\">\n<div class=\"icbu-pc-detailManyImage magic-13\" data-module-name=\"icbu-pc-detailManyImage\">\n<div class=\"magic-14\"><\/div>\n<div class=\"magic-16\"><img decoding=\"async\" class=\"magic-17\" src=\"\/\/sc04.alicdn.com\/kf\/H58f9e33da6b94886b0e0840aa5e73dccE\/224874211\/H58f9e33da6b94886b0e0840aa5e73dccE.jpg\" \/><\/div>\n<div class=\"magic-14\"><\/div>\n<div class=\"magic-18\"><img decoding=\"async\" class=\"magic-19\" src=\"\/\/sc04.alicdn.com\/kf\/H237d8107221e4ceba4c77e7c6e26c198x\/224874211\/H237d8107221e4ceba4c77e7c6e26c198x.jpg\" \/><\/div>\n<div class=\"magic-20\"><img decoding=\"async\" class=\"magic-21\" src=\"\/\/sc04.alicdn.com\/kf\/H9768c3e2f5d34ddeb17a58f221bb591eD\/224874211\/H9768c3e2f5d34ddeb17a58f221bb591eD.jpg\" \/><\/div>\n<div class=\"magic-16\"><img decoding=\"async\" class=\"magic-17\" src=\"\/\/sc04.alicdn.com\/kf\/Hf48684eff5244409ac1bfff810f8730fv\/224874211\/Hf48684eff5244409ac1bfff810f8730fv.jpg\" \/><\/div>\n<div class=\"magic-16\"><img decoding=\"async\" class=\"magic-17\" src=\"\/\/sc04.alicdn.com\/kf\/H6658c382b3864dd29ddf0e30ada89b4eF\/224874211\/H6658c382b3864dd29ddf0e30ada89b4eF.jpg\" \/><\/div>\n<div class=\"magic-16\"><\/div>\n<div class=\"magic-16\"><img decoding=\"async\" class=\"magic-17\" src=\"\/\/sc04.alicdn.com\/kf\/H7554654784984ddfb3f91289202a1ef08\/224874211\/H7554654784984ddfb3f91289202a1ef08.jpg\" \/><\/div>\n<div class=\"magic-16\"><img decoding=\"async\" class=\"magic-17\" src=\"\/\/sc04.alicdn.com\/kf\/H641ae112d3da48bc89d08c2afe263a18L\/224874211\/H641ae112d3da48bc89d08c2afe263a18L.jpg\" \/><\/div>\n<\/div>\n<\/div>\n<div class=\"J_module\">\n<div class=\"icbu-pc-images magic-8\">\n<div>\n<div class=\"flex-layout-v\">\n<div class=\"flex-layout-h magic-8\">\n<div class=\"magic-22\"><img decoding=\"async\" class=\"magic-23\" src=\"\/\/sc04.alicdn.com\/kf\/Ha9bf193a12614b0fbbbcf67e4f9c9afbU\/224874211\/Ha9bf193a12614b0fbbbcf67e4f9c9afbU.jpg\" data-id=\"child-image-0\" \/><\/div>\n<\/div>\n<\/div>\n<\/div>\n<\/div>\n<\/div>\n<div class=\"J_module\">\n<div class=\"icbu-pc-images magic-8\">\n<div>\n<div class=\"flex-layout-v\">\n<div class=\"flex-layout-h magic-8\">\n<div class=\"magic-24\"><img decoding=\"async\" class=\"magic-25\" src=\"\/\/sc04.alicdn.com\/kf\/H0c10f29c1a5943b1a2fec3abbea5a1e5M\/224874211\/H0c10f29c1a5943b1a2fec3abbea5a1e5M.jpg\" data-id=\"child-image-0\" \/><\/div>\n<\/div>\n<\/div>\n<\/div>\n<\/div>\n<\/div>\n<div class=\"J_module\">\n<div class=\"icbu-pc-images magic-8\">\n<div class=\"flex-layout-v\">\n<div class=\"flex-layout-h magic-8\">\n<div class=\"magic-26\"><\/div>\n<\/div>\n<\/div>\n<\/div>\n<\/div>\n<div class=\"J_module\">\n<div class=\"icbu-pc-images magic-8\">\n<div>\n<div class=\"flex-layout-v\">\n<div class=\"flex-layout-h magic-8\">\n<div class=\"magic-28\"><img decoding=\"async\" class=\"magic-29\" src=\"\/\/sc04.alicdn.com\/kf\/H751039b278db4ce29d7b6ecbebe2aa3ch\/224874211\/H751039b278db4ce29d7b6ecbebe2aa3ch.jpg\" data-id=\"child-image-0\" \/><\/div>\n<\/div>\n<\/div>\n<\/div>\n<\/div>\n<\/div>\n<div class=\"J_module\">\n<div class=\"icbu-pc-images magic-8\">\n<div>\n<div class=\"flex-layout-v\">\n<div class=\"flex-layout-h magic-8\">\n<div class=\"magic-30\"><img decoding=\"async\" class=\"magic-31\" src=\"\/\/sc04.alicdn.com\/kf\/H74b9eeba27c443bc9a870d11949ff70dF\/224874211\/H74b9eeba27c443bc9a870d11949ff70dF.jpg\" data-id=\"child-image-0\" \/><\/div>\n<\/div>\n<\/div>\n<\/div>\n<\/div>\n<\/div>\n<div class=\"J_module\">\n<div class=\"icbu-pc-images magic-8\">\n<div>\n<div class=\"flex-layout-v\">\n<div class=\"flex-layout-h magic-8\">\n<div class=\"magic-32\"><img decoding=\"async\" class=\"magic-33\" src=\"\/\/sc04.alicdn.com\/kf\/H51d28cfddcfb42e882f8ec7b4e526436Q\/224874211\/H51d28cfddcfb42e882f8ec7b4e526436Q.jpg\" data-id=\"child-image-0\" \/><\/div>\n<\/div>\n<\/div>\n<\/div>\n<\/div>\n<\/div>\n<div class=\"J_module\"><\/div>\n<\/div>\n","protected":false},"excerpt":{"rendered":"<p>7&#8243; tollise puuteekraaniga | mudelip\u00f5hine Android GPS navi-raadio ja multimeediakeskus, spetsiaalselt \u00a0 Seat Ibiza (2008-2014) Margip\u00f5hine auto meediakeskus, mis on loodud sobima enamikel juhtudel otse originaalse tehaseraadio asemele ja \u00fchenduma auto originaal pistikutega. Android 13 | Apple CarPlay | Android Auto NB!\u00a0Android autoraadio kasutamiseks pole vaja Android-telefoni. See raadio on Android arvuti, millel on tavalisele [&#8230;]\n","protected":false},"featured_media":84417,"template":"","meta":[],"product_brand":[],"product_cat":[2550,2880,2886,2888],"product_tag":[],"class_list":{"0":"post-84421","1":"product","2":"type-product","3":"status-publish","4":"has-post-thumbnail","6":"product_cat-autoraadiod","7":"product_cat-seat","8":"product_cat-ibiza","9":"product_cat-ibiza-2009-2013","11":"first","12":"instock","13":"taxable","14":"shipping-taxable","15":"purchasable","16":"product-type-variable"},"yoast_head":"<!-- This site is optimized with the Yoast SEO plugin v25.9 - https:\/\/yoast.com\/wordpress\/plugins\/seo\/ -->\n<title>Seat Ibiza (2008-2014) Android | GPS autoraadio ja multimeedia keskus - Autodigi.ee<\/title>\n<meta name=\"robots\" content=\"index, follow, max-snippet:-1, max-image-preview:large, max-video-preview:-1\" \/>\n<link rel=\"canonical\" href=\"https:\/\/autodigi.ee\/product\/seat-ibiza-android-carplay-gps-multimedia\/\" \/>\n<meta property=\"og:locale\" content=\"ru_RU\" \/>\n<meta property=\"og:type\" content=\"article\" \/>\n<meta property=\"og:title\" content=\"Seat Ibiza (2008-2014) Android | GPS autoraadio ja multimeedia keskus - Autodigi.ee\" \/>\n<meta property=\"og:description\" content=\"7&#8243; tollise puuteekraaniga | mudelip\u00f5hine Android GPS navi-raadio ja multimeediakeskus, spetsiaalselt \u00a0 Seat Ibiza (2008-2014) Margip\u00f5hine auto meediakeskus, mis on loodud sobima enamikel juhtudel otse originaalse tehaseraadio asemele ja \u00fchenduma auto originaal pistikutega. Android 13 | Apple CarPlay | Android Auto NB!\u00a0Android autoraadio kasutamiseks pole vaja Android-telefoni. See raadio on Android arvuti, millel on tavalisele [...]\" \/>\n<meta property=\"og:url\" content=\"https:\/\/autodigi.ee\/product\/seat-ibiza-android-carplay-gps-multimedia\/\" \/>\n<meta property=\"og:site_name\" content=\"Autodigi.ee\" \/>\n<meta property=\"article:publisher\" content=\"https:\/\/www.facebook.com\/AUTODIGI.ee\" \/>\n<meta property=\"article:modified_time\" content=\"2026-03-03T09:44:56+00:00\" \/>\n<meta property=\"og:image\" content=\"https:\/\/autodigi.ee\/wp-content\/uploads\/2025\/03\/H6ec056ba0737415d864d9d2258a5fb33B.webp\" \/>\n\t<meta property=\"og:image:width\" content=\"800\" \/>\n\t<meta property=\"og:image:height\" content=\"800\" \/>\n\t<meta property=\"og:image:type\" content=\"image\/webp\" \/>\n<meta name=\"twitter:card\" content=\"summary_large_image\" \/>\n<meta name=\"twitter:label1\" content=\"\u041f\u0440\u0438\u043c\u0435\u0440\u043d\u043e\u0435 \u0432\u0440\u0435\u043c\u044f \u0434\u043b\u044f \u0447\u0442\u0435\u043d\u0438\u044f\" \/>\n\t<meta name=\"twitter:data1\" content=\"5 \u043c\u0438\u043d\u0443\u0442\" \/>\n<script type=\"application\/ld+json\" class=\"yoast-schema-graph\">{\"@context\":\"https:\/\/schema.org\",\"@graph\":[{\"@type\":\"WebPage\",\"@id\":\"https:\/\/autodigi.ee\/product\/seat-ibiza-android-carplay-gps-multimedia\/\",\"url\":\"https:\/\/autodigi.ee\/product\/seat-ibiza-android-carplay-gps-multimedia\/\",\"name\":\"Seat Ibiza (2008-2014) Android | GPS autoraadio ja multimeedia keskus - Autodigi.ee\",\"isPartOf\":{\"@id\":\"https:\/\/autodigi.ee\/#website\"},\"primaryImageOfPage\":{\"@id\":\"https:\/\/autodigi.ee\/product\/seat-ibiza-android-carplay-gps-multimedia\/#primaryimage\"},\"image\":{\"@id\":\"https:\/\/autodigi.ee\/product\/seat-ibiza-android-carplay-gps-multimedia\/#primaryimage\"},\"thumbnailUrl\":\"https:\/\/autodigi.ee\/wp-content\/uploads\/2025\/03\/H6ec056ba0737415d864d9d2258a5fb33B.webp\",\"datePublished\":\"2025-03-28T06:51:07+00:00\",\"dateModified\":\"2026-03-03T09:44:56+00:00\",\"breadcrumb\":{\"@id\":\"https:\/\/autodigi.ee\/product\/seat-ibiza-android-carplay-gps-multimedia\/#breadcrumb\"},\"inLanguage\":\"ru-RU\",\"potentialAction\":[{\"@type\":\"ReadAction\",\"target\":[\"https:\/\/autodigi.ee\/product\/seat-ibiza-android-carplay-gps-multimedia\/\"]}]},{\"@type\":\"ImageObject\",\"inLanguage\":\"ru-RU\",\"@id\":\"https:\/\/autodigi.ee\/product\/seat-ibiza-android-carplay-gps-multimedia\/#primaryimage\",\"url\":\"https:\/\/autodigi.ee\/wp-content\/uploads\/2025\/03\/H6ec056ba0737415d864d9d2258a5fb33B.webp\",\"contentUrl\":\"https:\/\/autodigi.ee\/wp-content\/uploads\/2025\/03\/H6ec056ba0737415d864d9d2258a5fb33B.webp\",\"width\":800,\"height\":800},{\"@type\":\"BreadcrumbList\",\"@id\":\"https:\/\/autodigi.ee\/product\/seat-ibiza-android-carplay-gps-multimedia\/#breadcrumb\",\"itemListElement\":[{\"@type\":\"ListItem\",\"position\":1,\"name\":\"Home\",\"item\":\"https:\/\/autodigi.ee\/\"},{\"@type\":\"ListItem\",\"position\":2,\"name\":\"\u041c\u0430\u0433\u0430\u0437\u0438\u043d\",\"item\":\"https:\/\/autodigi.ee\/pood\/\"},{\"@type\":\"ListItem\",\"position\":3,\"name\":\"Seat Ibiza (2008-2014) Android | GPS autoraadio ja multimeedia keskus\"}]},{\"@type\":\"WebSite\",\"@id\":\"https:\/\/autodigi.ee\/#website\",\"url\":\"https:\/\/autodigi.ee\/\",\"name\":\"Autodigi.ee\",\"description\":\"Android multimeedia raadiod ja lisaekraanid autosse. Carplay ja Android Auto.\",\"publisher\":{\"@id\":\"https:\/\/autodigi.ee\/#organization\"},\"potentialAction\":[{\"@type\":\"SearchAction\",\"target\":{\"@type\":\"EntryPoint\",\"urlTemplate\":\"https:\/\/autodigi.ee\/?s={search_term_string}\"},\"query-input\":{\"@type\":\"PropertyValueSpecification\",\"valueRequired\":true,\"valueName\":\"search_term_string\"}}],\"inLanguage\":\"ru-RU\"},{\"@type\":\"Organization\",\"@id\":\"https:\/\/autodigi.ee\/#organization\",\"name\":\"Autodigi O\u00dc\",\"url\":\"https:\/\/autodigi.ee\/\",\"logo\":{\"@type\":\"ImageObject\",\"inLanguage\":\"ru-RU\",\"@id\":\"https:\/\/autodigi.ee\/#\/schema\/logo\/image\/\",\"url\":\"https:\/\/autodigi.ee\/wp-content\/uploads\/2022\/02\/Original_png-1.png\",\"contentUrl\":\"https:\/\/autodigi.ee\/wp-content\/uploads\/2022\/02\/Original_png-1.png\",\"width\":4096,\"height\":3692,\"caption\":\"Autodigi O\u00dc\"},\"image\":{\"@id\":\"https:\/\/autodigi.ee\/#\/schema\/logo\/image\/\"},\"sameAs\":[\"https:\/\/www.facebook.com\/AUTODIGI.ee\",\"https:\/\/www.instagram.com\/autodigi.ee\/\"]}]}<\/script>\n<!-- \/ Yoast SEO plugin. -->","yoast_head_json":{"title":"Seat Ibiza (2008-2014) Android | GPS autoraadio ja multimeedia keskus - Autodigi.ee","robots":{"index":"index","follow":"follow","max-snippet":"max-snippet:-1","max-image-preview":"max-image-preview:large","max-video-preview":"max-video-preview:-1"},"canonical":"https:\/\/autodigi.ee\/product\/seat-ibiza-android-carplay-gps-multimedia\/","og_locale":"ru_RU","og_type":"article","og_title":"Seat Ibiza (2008-2014) Android | GPS autoraadio ja multimeedia keskus - Autodigi.ee","og_description":"7&#8243; tollise puuteekraaniga | mudelip\u00f5hine Android GPS navi-raadio ja multimeediakeskus, spetsiaalselt \u00a0 Seat Ibiza (2008-2014) Margip\u00f5hine auto meediakeskus, mis on loodud sobima enamikel juhtudel otse originaalse tehaseraadio asemele ja \u00fchenduma auto originaal pistikutega. Android 13 | Apple CarPlay | Android Auto NB!\u00a0Android autoraadio kasutamiseks pole vaja Android-telefoni. See raadio on Android arvuti, millel on tavalisele [...]","og_url":"https:\/\/autodigi.ee\/product\/seat-ibiza-android-carplay-gps-multimedia\/","og_site_name":"Autodigi.ee","article_publisher":"https:\/\/www.facebook.com\/AUTODIGI.ee","article_modified_time":"2026-03-03T09:44:56+00:00","og_image":[{"width":800,"height":800,"url":"https:\/\/autodigi.ee\/wp-content\/uploads\/2025\/03\/H6ec056ba0737415d864d9d2258a5fb33B.webp","type":"image\/webp"}],"twitter_card":"summary_large_image","twitter_misc":{"\u041f\u0440\u0438\u043c\u0435\u0440\u043d\u043e\u0435 \u0432\u0440\u0435\u043c\u044f \u0434\u043b\u044f \u0447\u0442\u0435\u043d\u0438\u044f":"5 \u043c\u0438\u043d\u0443\u0442"},"schema":{"@context":"https:\/\/schema.org","@graph":[{"@type":"WebPage","@id":"https:\/\/autodigi.ee\/product\/seat-ibiza-android-carplay-gps-multimedia\/","url":"https:\/\/autodigi.ee\/product\/seat-ibiza-android-carplay-gps-multimedia\/","name":"Seat Ibiza (2008-2014) Android | GPS autoraadio ja multimeedia keskus - Autodigi.ee","isPartOf":{"@id":"https:\/\/autodigi.ee\/#website"},"primaryImageOfPage":{"@id":"https:\/\/autodigi.ee\/product\/seat-ibiza-android-carplay-gps-multimedia\/#primaryimage"},"image":{"@id":"https:\/\/autodigi.ee\/product\/seat-ibiza-android-carplay-gps-multimedia\/#primaryimage"},"thumbnailUrl":"https:\/\/autodigi.ee\/wp-content\/uploads\/2025\/03\/H6ec056ba0737415d864d9d2258a5fb33B.webp","datePublished":"2025-03-28T06:51:07+00:00","dateModified":"2026-03-03T09:44:56+00:00","breadcrumb":{"@id":"https:\/\/autodigi.ee\/product\/seat-ibiza-android-carplay-gps-multimedia\/#breadcrumb"},"inLanguage":"ru-RU","potentialAction":[{"@type":"ReadAction","target":["https:\/\/autodigi.ee\/product\/seat-ibiza-android-carplay-gps-multimedia\/"]}]},{"@type":"ImageObject","inLanguage":"ru-RU","@id":"https:\/\/autodigi.ee\/product\/seat-ibiza-android-carplay-gps-multimedia\/#primaryimage","url":"https:\/\/autodigi.ee\/wp-content\/uploads\/2025\/03\/H6ec056ba0737415d864d9d2258a5fb33B.webp","contentUrl":"https:\/\/autodigi.ee\/wp-content\/uploads\/2025\/03\/H6ec056ba0737415d864d9d2258a5fb33B.webp","width":800,"height":800},{"@type":"BreadcrumbList","@id":"https:\/\/autodigi.ee\/product\/seat-ibiza-android-carplay-gps-multimedia\/#breadcrumb","itemListElement":[{"@type":"ListItem","position":1,"name":"Home","item":"https:\/\/autodigi.ee\/"},{"@type":"ListItem","position":2,"name":"\u041c\u0430\u0433\u0430\u0437\u0438\u043d","item":"https:\/\/autodigi.ee\/pood\/"},{"@type":"ListItem","position":3,"name":"Seat Ibiza (2008-2014) Android | GPS autoraadio ja multimeedia keskus"}]},{"@type":"WebSite","@id":"https:\/\/autodigi.ee\/#website","url":"https:\/\/autodigi.ee\/","name":"Autodigi.ee","description":"Android multimeedia raadiod ja lisaekraanid autosse. Carplay ja Android Auto.","publisher":{"@id":"https:\/\/autodigi.ee\/#organization"},"potentialAction":[{"@type":"SearchAction","target":{"@type":"EntryPoint","urlTemplate":"https:\/\/autodigi.ee\/?s={search_term_string}"},"query-input":{"@type":"PropertyValueSpecification","valueRequired":true,"valueName":"search_term_string"}}],"inLanguage":"ru-RU"},{"@type":"Organization","@id":"https:\/\/autodigi.ee\/#organization","name":"Autodigi O\u00dc","url":"https:\/\/autodigi.ee\/","logo":{"@type":"ImageObject","inLanguage":"ru-RU","@id":"https:\/\/autodigi.ee\/#\/schema\/logo\/image\/","url":"https:\/\/autodigi.ee\/wp-content\/uploads\/2022\/02\/Original_png-1.png","contentUrl":"https:\/\/autodigi.ee\/wp-content\/uploads\/2022\/02\/Original_png-1.png","width":4096,"height":3692,"caption":"Autodigi O\u00dc"},"image":{"@id":"https:\/\/autodigi.ee\/#\/schema\/logo\/image\/"},"sameAs":["https:\/\/www.facebook.com\/AUTODIGI.ee","https:\/\/www.instagram.com\/autodigi.ee\/"]}]}},"_links":{"self":[{"href":"https:\/\/autodigi.ee\/ru\/wp-json\/wp\/v2\/product\/84421","targetHints":{"allow":["GET"]}}],"collection":[{"href":"https:\/\/autodigi.ee\/ru\/wp-json\/wp\/v2\/product"}],"about":[{"href":"https:\/\/autodigi.ee\/ru\/wp-json\/wp\/v2\/types\/product"}],"wp:featuredmedia":[{"embeddable":true,"href":"https:\/\/autodigi.ee\/ru\/wp-json\/wp\/v2\/media\/84417"}],"wp:attachment":[{"href":"https:\/\/autodigi.ee\/ru\/wp-json\/wp\/v2\/media?parent=84421"}],"wp:term":[{"taxonomy":"product_brand","embeddable":true,"href":"https:\/\/autodigi.ee\/ru\/wp-json\/wp\/v2\/product_brand?post=84421"},{"taxonomy":"product_cat","embeddable":true,"href":"https:\/\/autodigi.ee\/ru\/wp-json\/wp\/v2\/product_cat?post=84421"},{"taxonomy":"product_tag","embeddable":true,"href":"https:\/\/autodigi.ee\/ru\/wp-json\/wp\/v2\/product_tag?post=84421"}],"curies":[{"name":"wp","href":"https:\/\/api.w.org\/{rel}","templated":true}]}}