{"id":67643,"date":"2023-09-24T18:41:45","date_gmt":"2023-09-24T16:41:45","guid":{"rendered":"https:\/\/autodigi.ee\/product\/vw-passat-b6-b7-multivan-transporter-t5-t6-amarok-tiguan-touran-sharan-android-12-auto-gps-radio-ja-multimedia-nayttosoitin-8\/"},"modified":"2025-04-18T15:34:34","modified_gmt":"2025-04-18T13:34:34","slug":"vw-passat-b6-b7-multivan-transporter-t5-t6-amarok-tiguan-touran-sharan-android-12-auto-gps-radio-ja-multimedia-nayttosoitin-8","status":"publish","type":"product","link":"https:\/\/autodigi.ee\/ru\/product\/vw-passat-b6-b7-multivan-transporter-t5-t6-amarok-tiguan-touran-sharan-android-12-auto-gps-radio-ja-multimedia-nayttosoitin-8\/","title":{"rendered":"VW Passat B6 | B7 | Multivan | Transporter T5 | T6 | Amarok | Tiguan | Touran | Sharan Android 12 | auto GPS radio ja multimedia n\u00e4ytt\u00f6soitin"},"content":{"rendered":"<p>#N\/A<\/p>\n","protected":false},"excerpt":{"rendered":"<p> T\u00e4m\u00e4 laite t\u00e4ysiarvoinen Android tietokone &#8212; viihdekeskus autossasi. Tuettuja ovat kaikki Google Play sovellukset, mm. GoogleMap, Waze, Youtube, Spotify jne. Laite on yhteensopiva kaikkien puhelimien kanssa &#8212; Android, Apple iPhone ym.<span style=\"color: #993300;\"><strong><br \/><\/strong><\/span><\/p>\n<p><span style=\"color: #e42a1a;\"><strong>Android 12  | Octa-Core 2 x A75 + 6 x A55 64-bit 1800MHz CPU | Bluetooth 5.0 handsfree puhelut ja muusikin striimaus | 4 x 45 W wattia<\/strong><\/span><\/p>\n","protected":false},"featured_media":67620,"template":"","meta":[],"product_brand":[],"product_cat":[5078],"product_tag":[5603,5605,5157,5155,5604,5602,5152,5089,5090,5601,5061],"class_list":{"0":"post-67643","1":"product","2":"type-product","3":"status-publish","4":"has-post-thumbnail","6":"product_cat-uncategorized-fi","7":"product_tag-android","8":"product_tag-android-auto","9":"product_tag-carplay-fi","10":"product_tag-gps-fi","11":"product_tag-multimeedia","12":"product_tag-navi","13":"product_tag-passat-fi","14":"product_tag-passat-b6","15":"product_tag-passat-b7","16":"product_tag-raadio","17":"product_tag-volkswagen-fi","19":"first","20":"onbackorder","21":"taxable","22":"shipping-taxable","23":"purchasable","24":"product-type-simple"},"yoast_head":"<!-- This site is optimized with the Yoast SEO plugin v25.9 - https:\/\/yoast.com\/wordpress\/plugins\/seo\/ -->\n<title>VW Passat B6 | B7 | Multivan | Transporter T5 | T6 | Amarok | Tiguan | Touran | Sharan Android 12 | auto GPS radio ja multimedia n\u00e4ytt\u00f6soitin - Autodigi.ee<\/title>\n<meta name=\"robots\" content=\"index, follow, max-snippet:-1, max-image-preview:large, max-video-preview:-1\" \/>\n<link rel=\"canonical\" href=\"https:\/\/autodigi.ee\/product\/vw-passat-b6-b7-multivan-transporter-t5-t6-amarok-tiguan-touran-sharan-android-12-auto-gps-radio-ja-multimedia-nayttosoitin-8\/\" \/>\n<meta property=\"og:locale\" content=\"ru_RU\" \/>\n<meta property=\"og:type\" content=\"article\" \/>\n<meta property=\"og:title\" content=\"VW Passat B6 | B7 | Multivan | Transporter T5 | T6 | Amarok | Tiguan | Touran | Sharan Android 12 | auto GPS radio ja multimedia n\u00e4ytt\u00f6soitin - Autodigi.ee\" \/>\n<meta property=\"og:description\" content=\"T\u00e4m\u00e4 laite t\u00e4ysiarvoinen Android tietokone - viihdekeskus autossasi. Tuettuja ovat kaikki Google Play sovellukset, mm. GoogleMap, Waze, Youtube, Spotify jne. Laite on yhteensopiva kaikkien puhelimien kanssa - Android, Apple iPhone ym.Android 12 | Octa-Core 2 x A75 + 6 x A55 64-bit 1800MHz CPU | Bluetooth 5.0 handsfree puhelut ja muusikin striimaus | 4 x 45 W wattia\" \/>\n<meta property=\"og:url\" content=\"https:\/\/autodigi.ee\/product\/vw-passat-b6-b7-multivan-transporter-t5-t6-amarok-tiguan-touran-sharan-android-12-auto-gps-radio-ja-multimedia-nayttosoitin-8\/\" \/>\n<meta property=\"og:site_name\" content=\"Autodigi.ee\" \/>\n<meta property=\"article:publisher\" content=\"https:\/\/www.facebook.com\/AUTODIGI.ee\" \/>\n<meta property=\"article:modified_time\" content=\"2025-04-18T13:34:34+00:00\" \/>\n<meta property=\"og:image\" content=\"https:\/\/autodigi.ee\/wp-content\/uploads\/2023\/09\/01_Automedia_ES8515V_volkswagen_raadio_multimedia_GPS_navi_soitin.jpeg\" \/>\n\t<meta property=\"og:image:width\" content=\"640\" \/>\n\t<meta property=\"og:image:height\" content=\"640\" \/>\n\t<meta property=\"og:image:type\" content=\"image\/jpeg\" \/>\n<meta name=\"twitter:card\" content=\"summary_large_image\" \/>\n<script type=\"application\/ld+json\" class=\"yoast-schema-graph\">{\"@context\":\"https:\/\/schema.org\",\"@graph\":[{\"@type\":\"WebPage\",\"@id\":\"https:\/\/autodigi.ee\/product\/vw-passat-b6-b7-multivan-transporter-t5-t6-amarok-tiguan-touran-sharan-android-12-auto-gps-radio-ja-multimedia-nayttosoitin-8\/\",\"url\":\"https:\/\/autodigi.ee\/product\/vw-passat-b6-b7-multivan-transporter-t5-t6-amarok-tiguan-touran-sharan-android-12-auto-gps-radio-ja-multimedia-nayttosoitin-8\/\",\"name\":\"VW Passat B6 | B7 | Multivan | Transporter T5 | T6 | Amarok | Tiguan | Touran | Sharan Android 12 | auto GPS radio ja multimedia n\u00e4ytt\u00f6soitin - Autodigi.ee\",\"isPartOf\":{\"@id\":\"https:\/\/autodigi.ee\/#website\"},\"primaryImageOfPage\":{\"@id\":\"https:\/\/autodigi.ee\/product\/vw-passat-b6-b7-multivan-transporter-t5-t6-amarok-tiguan-touran-sharan-android-12-auto-gps-radio-ja-multimedia-nayttosoitin-8\/#primaryimage\"},\"image\":{\"@id\":\"https:\/\/autodigi.ee\/product\/vw-passat-b6-b7-multivan-transporter-t5-t6-amarok-tiguan-touran-sharan-android-12-auto-gps-radio-ja-multimedia-nayttosoitin-8\/#primaryimage\"},\"thumbnailUrl\":\"https:\/\/autodigi.ee\/wp-content\/uploads\/2023\/09\/01_Automedia_ES8515V_volkswagen_raadio_multimedia_GPS_navi_soitin.jpeg\",\"datePublished\":\"2023-09-24T16:41:45+00:00\",\"dateModified\":\"2025-04-18T13:34:34+00:00\",\"breadcrumb\":{\"@id\":\"https:\/\/autodigi.ee\/product\/vw-passat-b6-b7-multivan-transporter-t5-t6-amarok-tiguan-touran-sharan-android-12-auto-gps-radio-ja-multimedia-nayttosoitin-8\/#breadcrumb\"},\"inLanguage\":\"ru-RU\",\"potentialAction\":[{\"@type\":\"ReadAction\",\"target\":[\"https:\/\/autodigi.ee\/product\/vw-passat-b6-b7-multivan-transporter-t5-t6-amarok-tiguan-touran-sharan-android-12-auto-gps-radio-ja-multimedia-nayttosoitin-8\/\"]}]},{\"@type\":\"ImageObject\",\"inLanguage\":\"ru-RU\",\"@id\":\"https:\/\/autodigi.ee\/product\/vw-passat-b6-b7-multivan-transporter-t5-t6-amarok-tiguan-touran-sharan-android-12-auto-gps-radio-ja-multimedia-nayttosoitin-8\/#primaryimage\",\"url\":\"https:\/\/autodigi.ee\/wp-content\/uploads\/2023\/09\/01_Automedia_ES8515V_volkswagen_raadio_multimedia_GPS_navi_soitin.jpeg\",\"contentUrl\":\"https:\/\/autodigi.ee\/wp-content\/uploads\/2023\/09\/01_Automedia_ES8515V_volkswagen_raadio_multimedia_GPS_navi_soitin.jpeg\",\"width\":640,\"height\":640},{\"@type\":\"BreadcrumbList\",\"@id\":\"https:\/\/autodigi.ee\/product\/vw-passat-b6-b7-multivan-transporter-t5-t6-amarok-tiguan-touran-sharan-android-12-auto-gps-radio-ja-multimedia-nayttosoitin-8\/#breadcrumb\",\"itemListElement\":[{\"@type\":\"ListItem\",\"position\":1,\"name\":\"Home\",\"item\":\"https:\/\/autodigi.ee\/\"},{\"@type\":\"ListItem\",\"position\":2,\"name\":\"\u041c\u0430\u0433\u0430\u0437\u0438\u043d\",\"item\":\"https:\/\/autodigi.ee\/pood\/\"},{\"@type\":\"ListItem\",\"position\":3,\"name\":\"VW Passat B6 | B7 | Multivan | Transporter T5 | T6 | Amarok | Tiguan | Touran | Sharan Android 12 | auto GPS radio ja multimedia n\u00e4ytt\u00f6soitin\"}]},{\"@type\":\"WebSite\",\"@id\":\"https:\/\/autodigi.ee\/#website\",\"url\":\"https:\/\/autodigi.ee\/\",\"name\":\"Autodigi.ee\",\"description\":\"Android multimeedia raadiod ja lisaekraanid autosse. Carplay ja Android Auto.\",\"publisher\":{\"@id\":\"https:\/\/autodigi.ee\/#organization\"},\"potentialAction\":[{\"@type\":\"SearchAction\",\"target\":{\"@type\":\"EntryPoint\",\"urlTemplate\":\"https:\/\/autodigi.ee\/?s={search_term_string}\"},\"query-input\":{\"@type\":\"PropertyValueSpecification\",\"valueRequired\":true,\"valueName\":\"search_term_string\"}}],\"inLanguage\":\"ru-RU\"},{\"@type\":\"Organization\",\"@id\":\"https:\/\/autodigi.ee\/#organization\",\"name\":\"Autodigi O\u00dc\",\"url\":\"https:\/\/autodigi.ee\/\",\"logo\":{\"@type\":\"ImageObject\",\"inLanguage\":\"ru-RU\",\"@id\":\"https:\/\/autodigi.ee\/#\/schema\/logo\/image\/\",\"url\":\"https:\/\/autodigi.ee\/wp-content\/uploads\/2022\/02\/Original_png-1.png\",\"contentUrl\":\"https:\/\/autodigi.ee\/wp-content\/uploads\/2022\/02\/Original_png-1.png\",\"width\":4096,\"height\":3692,\"caption\":\"Autodigi O\u00dc\"},\"image\":{\"@id\":\"https:\/\/autodigi.ee\/#\/schema\/logo\/image\/\"},\"sameAs\":[\"https:\/\/www.facebook.com\/AUTODIGI.ee\",\"https:\/\/www.instagram.com\/autodigi.ee\/\"]}]}<\/script>\n<!-- \/ Yoast SEO plugin. -->","yoast_head_json":{"title":"VW Passat B6 | B7 | Multivan | Transporter T5 | T6 | Amarok | Tiguan | Touran | Sharan Android 12 | auto GPS radio ja multimedia n\u00e4ytt\u00f6soitin - Autodigi.ee","robots":{"index":"index","follow":"follow","max-snippet":"max-snippet:-1","max-image-preview":"max-image-preview:large","max-video-preview":"max-video-preview:-1"},"canonical":"https:\/\/autodigi.ee\/product\/vw-passat-b6-b7-multivan-transporter-t5-t6-amarok-tiguan-touran-sharan-android-12-auto-gps-radio-ja-multimedia-nayttosoitin-8\/","og_locale":"ru_RU","og_type":"article","og_title":"VW Passat B6 | B7 | Multivan | Transporter T5 | T6 | Amarok | Tiguan | Touran | Sharan Android 12 | auto GPS radio ja multimedia n\u00e4ytt\u00f6soitin - Autodigi.ee","og_description":"T\u00e4m\u00e4 laite t\u00e4ysiarvoinen Android tietokone - viihdekeskus autossasi. Tuettuja ovat kaikki Google Play sovellukset, mm. GoogleMap, Waze, Youtube, Spotify jne. Laite on yhteensopiva kaikkien puhelimien kanssa - Android, Apple iPhone ym.Android 12 | Octa-Core 2 x A75 + 6 x A55 64-bit 1800MHz CPU | Bluetooth 5.0 handsfree puhelut ja muusikin striimaus | 4 x 45 W wattia","og_url":"https:\/\/autodigi.ee\/product\/vw-passat-b6-b7-multivan-transporter-t5-t6-amarok-tiguan-touran-sharan-android-12-auto-gps-radio-ja-multimedia-nayttosoitin-8\/","og_site_name":"Autodigi.ee","article_publisher":"https:\/\/www.facebook.com\/AUTODIGI.ee","article_modified_time":"2025-04-18T13:34:34+00:00","og_image":[{"width":640,"height":640,"url":"https:\/\/autodigi.ee\/wp-content\/uploads\/2023\/09\/01_Automedia_ES8515V_volkswagen_raadio_multimedia_GPS_navi_soitin.jpeg","type":"image\/jpeg"}],"twitter_card":"summary_large_image","schema":{"@context":"https:\/\/schema.org","@graph":[{"@type":"WebPage","@id":"https:\/\/autodigi.ee\/product\/vw-passat-b6-b7-multivan-transporter-t5-t6-amarok-tiguan-touran-sharan-android-12-auto-gps-radio-ja-multimedia-nayttosoitin-8\/","url":"https:\/\/autodigi.ee\/product\/vw-passat-b6-b7-multivan-transporter-t5-t6-amarok-tiguan-touran-sharan-android-12-auto-gps-radio-ja-multimedia-nayttosoitin-8\/","name":"VW Passat B6 | B7 | Multivan | Transporter T5 | T6 | Amarok | Tiguan | Touran | Sharan Android 12 | auto GPS radio ja multimedia n\u00e4ytt\u00f6soitin - Autodigi.ee","isPartOf":{"@id":"https:\/\/autodigi.ee\/#website"},"primaryImageOfPage":{"@id":"https:\/\/autodigi.ee\/product\/vw-passat-b6-b7-multivan-transporter-t5-t6-amarok-tiguan-touran-sharan-android-12-auto-gps-radio-ja-multimedia-nayttosoitin-8\/#primaryimage"},"image":{"@id":"https:\/\/autodigi.ee\/product\/vw-passat-b6-b7-multivan-transporter-t5-t6-amarok-tiguan-touran-sharan-android-12-auto-gps-radio-ja-multimedia-nayttosoitin-8\/#primaryimage"},"thumbnailUrl":"https:\/\/autodigi.ee\/wp-content\/uploads\/2023\/09\/01_Automedia_ES8515V_volkswagen_raadio_multimedia_GPS_navi_soitin.jpeg","datePublished":"2023-09-24T16:41:45+00:00","dateModified":"2025-04-18T13:34:34+00:00","breadcrumb":{"@id":"https:\/\/autodigi.ee\/product\/vw-passat-b6-b7-multivan-transporter-t5-t6-amarok-tiguan-touran-sharan-android-12-auto-gps-radio-ja-multimedia-nayttosoitin-8\/#breadcrumb"},"inLanguage":"ru-RU","potentialAction":[{"@type":"ReadAction","target":["https:\/\/autodigi.ee\/product\/vw-passat-b6-b7-multivan-transporter-t5-t6-amarok-tiguan-touran-sharan-android-12-auto-gps-radio-ja-multimedia-nayttosoitin-8\/"]}]},{"@type":"ImageObject","inLanguage":"ru-RU","@id":"https:\/\/autodigi.ee\/product\/vw-passat-b6-b7-multivan-transporter-t5-t6-amarok-tiguan-touran-sharan-android-12-auto-gps-radio-ja-multimedia-nayttosoitin-8\/#primaryimage","url":"https:\/\/autodigi.ee\/wp-content\/uploads\/2023\/09\/01_Automedia_ES8515V_volkswagen_raadio_multimedia_GPS_navi_soitin.jpeg","contentUrl":"https:\/\/autodigi.ee\/wp-content\/uploads\/2023\/09\/01_Automedia_ES8515V_volkswagen_raadio_multimedia_GPS_navi_soitin.jpeg","width":640,"height":640},{"@type":"BreadcrumbList","@id":"https:\/\/autodigi.ee\/product\/vw-passat-b6-b7-multivan-transporter-t5-t6-amarok-tiguan-touran-sharan-android-12-auto-gps-radio-ja-multimedia-nayttosoitin-8\/#breadcrumb","itemListElement":[{"@type":"ListItem","position":1,"name":"Home","item":"https:\/\/autodigi.ee\/"},{"@type":"ListItem","position":2,"name":"\u041c\u0430\u0433\u0430\u0437\u0438\u043d","item":"https:\/\/autodigi.ee\/pood\/"},{"@type":"ListItem","position":3,"name":"VW Passat B6 | B7 | Multivan | Transporter T5 | T6 | Amarok | Tiguan | Touran | Sharan Android 12 | auto GPS radio ja multimedia n\u00e4ytt\u00f6soitin"}]},{"@type":"WebSite","@id":"https:\/\/autodigi.ee\/#website","url":"https:\/\/autodigi.ee\/","name":"Autodigi.ee","description":"Android multimeedia raadiod ja lisaekraanid autosse. Carplay ja Android Auto.","publisher":{"@id":"https:\/\/autodigi.ee\/#organization"},"potentialAction":[{"@type":"SearchAction","target":{"@type":"EntryPoint","urlTemplate":"https:\/\/autodigi.ee\/?s={search_term_string}"},"query-input":{"@type":"PropertyValueSpecification","valueRequired":true,"valueName":"search_term_string"}}],"inLanguage":"ru-RU"},{"@type":"Organization","@id":"https:\/\/autodigi.ee\/#organization","name":"Autodigi O\u00dc","url":"https:\/\/autodigi.ee\/","logo":{"@type":"ImageObject","inLanguage":"ru-RU","@id":"https:\/\/autodigi.ee\/#\/schema\/logo\/image\/","url":"https:\/\/autodigi.ee\/wp-content\/uploads\/2022\/02\/Original_png-1.png","contentUrl":"https:\/\/autodigi.ee\/wp-content\/uploads\/2022\/02\/Original_png-1.png","width":4096,"height":3692,"caption":"Autodigi O\u00dc"},"image":{"@id":"https:\/\/autodigi.ee\/#\/schema\/logo\/image\/"},"sameAs":["https:\/\/www.facebook.com\/AUTODIGI.ee","https:\/\/www.instagram.com\/autodigi.ee\/"]}]}},"_links":{"self":[{"href":"https:\/\/autodigi.ee\/ru\/wp-json\/wp\/v2\/product\/67643","targetHints":{"allow":["GET"]}}],"collection":[{"href":"https:\/\/autodigi.ee\/ru\/wp-json\/wp\/v2\/product"}],"about":[{"href":"https:\/\/autodigi.ee\/ru\/wp-json\/wp\/v2\/types\/product"}],"wp:featuredmedia":[{"embeddable":true,"href":"https:\/\/autodigi.ee\/ru\/wp-json\/wp\/v2\/media\/67620"}],"wp:attachment":[{"href":"https:\/\/autodigi.ee\/ru\/wp-json\/wp\/v2\/media?parent=67643"}],"wp:term":[{"taxonomy":"product_brand","embeddable":true,"href":"https:\/\/autodigi.ee\/ru\/wp-json\/wp\/v2\/product_brand?post=67643"},{"taxonomy":"product_cat","embeddable":true,"href":"https:\/\/autodigi.ee\/ru\/wp-json\/wp\/v2\/product_cat?post=67643"},{"taxonomy":"product_tag","embeddable":true,"href":"https:\/\/autodigi.ee\/ru\/wp-json\/wp\/v2\/product_tag?post=67643"}],"curies":[{"name":"wp","href":"https:\/\/api.w.org\/{rel}","templated":true}]}}