{"id":42576,"date":"2022-07-07T18:58:23","date_gmt":"2022-07-07T16:58:23","guid":{"rendered":"https:\/\/autodigi.ee\/product\/vidaxl-8-osaline-ventilaatoririhma-tooriistade-komplekt\/"},"modified":"2025-04-18T15:24:07","modified_gmt":"2025-04-18T13:24:07","slug":"vidaxl-8-osaline-ventilaatoririhma-tooriistade-komplekt","status":"publish","type":"product","link":"https:\/\/autodigi.ee\/ru\/product\/vidaxl-8-osaline-ventilaatoririhma-tooriistade-komplekt\/","title":{"rendered":"vidaXL 8-osaline ventilaatoririhma t\u00f6\u00f6riistade komplekt"},"content":{"rendered":"<p>Ventilaatoririhma t\u00f6\u00f6riistakomplekt on ideaalne t\u00f6\u00f6riist vedruga pingutusrullide pingestamiseks, paigaldamiseks v\u00f5i eemaldamiseks.<\/p>\n<\/p>\n<p>T\u00f6\u00f6riistakomplekti saab kasutada mitmesuguste s\u00f5idukite hooldamiseks, mis on varustatud ventilaatoririhmaga. Komplekt tagab vajaliku ruumi vedrude r\u00f5hu vabastamiseks ja pingutirataste eemaldamiseks.<\/p>\n<\/p>\n<p>Komplekti kuulub: 1 k\u00e4epide 3\/8&#8243; kandilise ajamiga, 1 k\u00e4epide 1\/2&#8243; kandilise ajamiga, 3 madalat mutrit (15 mm, 16 mm, 18 mm) ja 3 varsmutriv\u00f5tit (13 mm, 14 mm, 15 mm).<\/p>\n<ul>\n<li>Materjal: s\u00fcsinikteras<\/li>\n<li>Ventilaatoririhma eemaldamiseks v\u00f5i paigaldamiseks vedrupingutusega automaatsete rihmapingutitega s\u00f5idukitel.<\/li>\n<li>Sobilik enamikule s\u00f5idukitele<\/li>\n<li><strong>Komplekti kuulub:<\/strong><\/li>\n<li>1 x 3\/8&#8243; kandilise ajamiga k\u00e4epide<\/li>\n<li>1 x 1\/2&#8243; kandilise ajamiga k\u00e4epide<\/li>\n<li>3 x madal mutter (15 mm, 16 mm, 18 mm)<\/li>\n<li>3 x mutriv\u00f5ti (13 mm, 14 mm, 15 mm)<\/li>\n<\/ul>\n","protected":false},"excerpt":{"rendered":"<p>Ventilaatoririhma t\u00f6\u00f6riistakomplekt on ideaalne t\u00f6\u00f6riist vedruga pingutusrullide pingestamiseks, paigaldamiseks v\u00f5i eemaldamiseks. T\u00f6\u00f6riistakomplekti saab kasutada mitmesuguste s\u00f5idukite hooldamiseks, mis on varustatud ventilaatoririhmaga. Komplekt tagab vajaliku ruumi vedrude r\u00f5hu vabastamiseks ja pingutirataste eemaldamiseks. Komplekti kuulub: 1 k\u00e4epide 3\/8&#8243; kandilise ajamiga, 1 k\u00e4epide 1\/2&#8243; kandilise ajamiga, 3 madalat mutrit (15 mm, 16 mm, 18 mm) ja 3 varsmutriv\u00f5tit (13 mm, 14 mm, 15 mm).<\/p>\n","protected":false},"featured_media":42548,"template":"","meta":[],"product_brand":[],"product_cat":[5816,5814],"product_tag":[],"class_list":{"0":"post-42576","1":"product","2":"type-product","3":"status-publish","4":"has-post-thumbnail","6":"product_cat-tooriistakomplektid-2","7":"product_cat-tooriistad-2","9":"first","10":"instock","11":"taxable","12":"shipping-taxable","13":"purchasable","14":"product-type-simple"},"yoast_head":"<!-- This site is optimized with the Yoast SEO plugin v25.9 - https:\/\/yoast.com\/wordpress\/plugins\/seo\/ -->\n<title>vidaXL 8-osaline ventilaatoririhma t\u00f6\u00f6riistade komplekt - Autodigi.ee<\/title>\n<meta name=\"robots\" content=\"index, follow, max-snippet:-1, max-image-preview:large, max-video-preview:-1\" \/>\n<link rel=\"canonical\" href=\"https:\/\/autodigi.ee\/product\/vidaxl-8-osaline-ventilaatoririhma-tooriistade-komplekt\/\" \/>\n<meta property=\"og:locale\" content=\"ru_RU\" \/>\n<meta property=\"og:type\" content=\"article\" \/>\n<meta property=\"og:title\" content=\"vidaXL 8-osaline ventilaatoririhma t\u00f6\u00f6riistade komplekt - Autodigi.ee\" \/>\n<meta property=\"og:description\" content=\"Ventilaatoririhma t\u00f6\u00f6riistakomplekt on ideaalne t\u00f6\u00f6riist vedruga pingutusrullide pingestamiseks, paigaldamiseks v\u00f5i eemaldamiseks. T\u00f6\u00f6riistakomplekti saab kasutada mitmesuguste s\u00f5idukite hooldamiseks, mis on varustatud ventilaatoririhmaga. Komplekt tagab vajaliku ruumi vedrude r\u00f5hu vabastamiseks ja pingutirataste eemaldamiseks. Komplekti kuulub: 1 k\u00e4epide 3\/8&quot; kandilise ajamiga, 1 k\u00e4epide 1\/2&quot; kandilise ajamiga, 3 madalat mutrit (15 mm, 16 mm, 18 mm) ja 3 varsmutriv\u00f5tit (13 mm, 14 mm, 15 mm).\" \/>\n<meta property=\"og:url\" content=\"https:\/\/autodigi.ee\/product\/vidaxl-8-osaline-ventilaatoririhma-tooriistade-komplekt\/\" \/>\n<meta property=\"og:site_name\" content=\"Autodigi.ee\" \/>\n<meta property=\"article:publisher\" content=\"https:\/\/www.facebook.com\/AUTODIGI.ee\" \/>\n<meta property=\"article:modified_time\" content=\"2025-04-18T13:24:07+00:00\" \/>\n<meta property=\"og:image\" content=\"https:\/\/autodigi.ee\/wp-content\/uploads\/2022\/07\/8718475576600_a_en_hd_1.jpg\" \/>\n\t<meta property=\"og:image:width\" content=\"1024\" \/>\n\t<meta property=\"og:image:height\" content=\"1024\" \/>\n\t<meta property=\"og:image:type\" content=\"image\/jpeg\" \/>\n<meta name=\"twitter:card\" content=\"summary_large_image\" \/>\n<script type=\"application\/ld+json\" class=\"yoast-schema-graph\">{\"@context\":\"https:\/\/schema.org\",\"@graph\":[{\"@type\":\"WebPage\",\"@id\":\"https:\/\/autodigi.ee\/product\/vidaxl-8-osaline-ventilaatoririhma-tooriistade-komplekt\/\",\"url\":\"https:\/\/autodigi.ee\/product\/vidaxl-8-osaline-ventilaatoririhma-tooriistade-komplekt\/\",\"name\":\"vidaXL 8-osaline ventilaatoririhma t\u00f6\u00f6riistade komplekt - Autodigi.ee\",\"isPartOf\":{\"@id\":\"https:\/\/autodigi.ee\/#website\"},\"primaryImageOfPage\":{\"@id\":\"https:\/\/autodigi.ee\/product\/vidaxl-8-osaline-ventilaatoririhma-tooriistade-komplekt\/#primaryimage\"},\"image\":{\"@id\":\"https:\/\/autodigi.ee\/product\/vidaxl-8-osaline-ventilaatoririhma-tooriistade-komplekt\/#primaryimage\"},\"thumbnailUrl\":\"https:\/\/autodigi.ee\/wp-content\/uploads\/2022\/07\/8718475576600_a_en_hd_1.jpg\",\"datePublished\":\"2022-07-07T16:58:23+00:00\",\"dateModified\":\"2025-04-18T13:24:07+00:00\",\"breadcrumb\":{\"@id\":\"https:\/\/autodigi.ee\/product\/vidaxl-8-osaline-ventilaatoririhma-tooriistade-komplekt\/#breadcrumb\"},\"inLanguage\":\"ru-RU\",\"potentialAction\":[{\"@type\":\"ReadAction\",\"target\":[\"https:\/\/autodigi.ee\/product\/vidaxl-8-osaline-ventilaatoririhma-tooriistade-komplekt\/\"]}]},{\"@type\":\"ImageObject\",\"inLanguage\":\"ru-RU\",\"@id\":\"https:\/\/autodigi.ee\/product\/vidaxl-8-osaline-ventilaatoririhma-tooriistade-komplekt\/#primaryimage\",\"url\":\"https:\/\/autodigi.ee\/wp-content\/uploads\/2022\/07\/8718475576600_a_en_hd_1.jpg\",\"contentUrl\":\"https:\/\/autodigi.ee\/wp-content\/uploads\/2022\/07\/8718475576600_a_en_hd_1.jpg\",\"width\":1024,\"height\":1024},{\"@type\":\"BreadcrumbList\",\"@id\":\"https:\/\/autodigi.ee\/product\/vidaxl-8-osaline-ventilaatoririhma-tooriistade-komplekt\/#breadcrumb\",\"itemListElement\":[{\"@type\":\"ListItem\",\"position\":1,\"name\":\"Home\",\"item\":\"https:\/\/autodigi.ee\/\"},{\"@type\":\"ListItem\",\"position\":2,\"name\":\"\u041c\u0430\u0433\u0430\u0437\u0438\u043d\",\"item\":\"https:\/\/autodigi.ee\/pood\/\"},{\"@type\":\"ListItem\",\"position\":3,\"name\":\"vidaXL 8-osaline ventilaatoririhma t\u00f6\u00f6riistade komplekt\"}]},{\"@type\":\"WebSite\",\"@id\":\"https:\/\/autodigi.ee\/#website\",\"url\":\"https:\/\/autodigi.ee\/\",\"name\":\"Autodigi.ee\",\"description\":\"Android multimeedia raadiod ja lisaekraanid autosse. Carplay ja Android Auto.\",\"publisher\":{\"@id\":\"https:\/\/autodigi.ee\/#organization\"},\"potentialAction\":[{\"@type\":\"SearchAction\",\"target\":{\"@type\":\"EntryPoint\",\"urlTemplate\":\"https:\/\/autodigi.ee\/?s={search_term_string}\"},\"query-input\":{\"@type\":\"PropertyValueSpecification\",\"valueRequired\":true,\"valueName\":\"search_term_string\"}}],\"inLanguage\":\"ru-RU\"},{\"@type\":\"Organization\",\"@id\":\"https:\/\/autodigi.ee\/#organization\",\"name\":\"Autodigi O\u00dc\",\"url\":\"https:\/\/autodigi.ee\/\",\"logo\":{\"@type\":\"ImageObject\",\"inLanguage\":\"ru-RU\",\"@id\":\"https:\/\/autodigi.ee\/#\/schema\/logo\/image\/\",\"url\":\"https:\/\/autodigi.ee\/wp-content\/uploads\/2022\/02\/Original_png-1.png\",\"contentUrl\":\"https:\/\/autodigi.ee\/wp-content\/uploads\/2022\/02\/Original_png-1.png\",\"width\":4096,\"height\":3692,\"caption\":\"Autodigi O\u00dc\"},\"image\":{\"@id\":\"https:\/\/autodigi.ee\/#\/schema\/logo\/image\/\"},\"sameAs\":[\"https:\/\/www.facebook.com\/AUTODIGI.ee\",\"https:\/\/www.instagram.com\/autodigi.ee\/\"]}]}<\/script>\n<!-- \/ Yoast SEO plugin. -->","yoast_head_json":{"title":"vidaXL 8-osaline ventilaatoririhma t\u00f6\u00f6riistade komplekt - Autodigi.ee","robots":{"index":"index","follow":"follow","max-snippet":"max-snippet:-1","max-image-preview":"max-image-preview:large","max-video-preview":"max-video-preview:-1"},"canonical":"https:\/\/autodigi.ee\/product\/vidaxl-8-osaline-ventilaatoririhma-tooriistade-komplekt\/","og_locale":"ru_RU","og_type":"article","og_title":"vidaXL 8-osaline ventilaatoririhma t\u00f6\u00f6riistade komplekt - Autodigi.ee","og_description":"Ventilaatoririhma t\u00f6\u00f6riistakomplekt on ideaalne t\u00f6\u00f6riist vedruga pingutusrullide pingestamiseks, paigaldamiseks v\u00f5i eemaldamiseks. T\u00f6\u00f6riistakomplekti saab kasutada mitmesuguste s\u00f5idukite hooldamiseks, mis on varustatud ventilaatoririhmaga. Komplekt tagab vajaliku ruumi vedrude r\u00f5hu vabastamiseks ja pingutirataste eemaldamiseks. Komplekti kuulub: 1 k\u00e4epide 3\/8\" kandilise ajamiga, 1 k\u00e4epide 1\/2\" kandilise ajamiga, 3 madalat mutrit (15 mm, 16 mm, 18 mm) ja 3 varsmutriv\u00f5tit (13 mm, 14 mm, 15 mm).","og_url":"https:\/\/autodigi.ee\/product\/vidaxl-8-osaline-ventilaatoririhma-tooriistade-komplekt\/","og_site_name":"Autodigi.ee","article_publisher":"https:\/\/www.facebook.com\/AUTODIGI.ee","article_modified_time":"2025-04-18T13:24:07+00:00","og_image":[{"width":1024,"height":1024,"url":"https:\/\/autodigi.ee\/wp-content\/uploads\/2022\/07\/8718475576600_a_en_hd_1.jpg","type":"image\/jpeg"}],"twitter_card":"summary_large_image","schema":{"@context":"https:\/\/schema.org","@graph":[{"@type":"WebPage","@id":"https:\/\/autodigi.ee\/product\/vidaxl-8-osaline-ventilaatoririhma-tooriistade-komplekt\/","url":"https:\/\/autodigi.ee\/product\/vidaxl-8-osaline-ventilaatoririhma-tooriistade-komplekt\/","name":"vidaXL 8-osaline ventilaatoririhma t\u00f6\u00f6riistade komplekt - Autodigi.ee","isPartOf":{"@id":"https:\/\/autodigi.ee\/#website"},"primaryImageOfPage":{"@id":"https:\/\/autodigi.ee\/product\/vidaxl-8-osaline-ventilaatoririhma-tooriistade-komplekt\/#primaryimage"},"image":{"@id":"https:\/\/autodigi.ee\/product\/vidaxl-8-osaline-ventilaatoririhma-tooriistade-komplekt\/#primaryimage"},"thumbnailUrl":"https:\/\/autodigi.ee\/wp-content\/uploads\/2022\/07\/8718475576600_a_en_hd_1.jpg","datePublished":"2022-07-07T16:58:23+00:00","dateModified":"2025-04-18T13:24:07+00:00","breadcrumb":{"@id":"https:\/\/autodigi.ee\/product\/vidaxl-8-osaline-ventilaatoririhma-tooriistade-komplekt\/#breadcrumb"},"inLanguage":"ru-RU","potentialAction":[{"@type":"ReadAction","target":["https:\/\/autodigi.ee\/product\/vidaxl-8-osaline-ventilaatoririhma-tooriistade-komplekt\/"]}]},{"@type":"ImageObject","inLanguage":"ru-RU","@id":"https:\/\/autodigi.ee\/product\/vidaxl-8-osaline-ventilaatoririhma-tooriistade-komplekt\/#primaryimage","url":"https:\/\/autodigi.ee\/wp-content\/uploads\/2022\/07\/8718475576600_a_en_hd_1.jpg","contentUrl":"https:\/\/autodigi.ee\/wp-content\/uploads\/2022\/07\/8718475576600_a_en_hd_1.jpg","width":1024,"height":1024},{"@type":"BreadcrumbList","@id":"https:\/\/autodigi.ee\/product\/vidaxl-8-osaline-ventilaatoririhma-tooriistade-komplekt\/#breadcrumb","itemListElement":[{"@type":"ListItem","position":1,"name":"Home","item":"https:\/\/autodigi.ee\/"},{"@type":"ListItem","position":2,"name":"\u041c\u0430\u0433\u0430\u0437\u0438\u043d","item":"https:\/\/autodigi.ee\/pood\/"},{"@type":"ListItem","position":3,"name":"vidaXL 8-osaline ventilaatoririhma t\u00f6\u00f6riistade komplekt"}]},{"@type":"WebSite","@id":"https:\/\/autodigi.ee\/#website","url":"https:\/\/autodigi.ee\/","name":"Autodigi.ee","description":"Android multimeedia raadiod ja lisaekraanid autosse. Carplay ja Android Auto.","publisher":{"@id":"https:\/\/autodigi.ee\/#organization"},"potentialAction":[{"@type":"SearchAction","target":{"@type":"EntryPoint","urlTemplate":"https:\/\/autodigi.ee\/?s={search_term_string}"},"query-input":{"@type":"PropertyValueSpecification","valueRequired":true,"valueName":"search_term_string"}}],"inLanguage":"ru-RU"},{"@type":"Organization","@id":"https:\/\/autodigi.ee\/#organization","name":"Autodigi O\u00dc","url":"https:\/\/autodigi.ee\/","logo":{"@type":"ImageObject","inLanguage":"ru-RU","@id":"https:\/\/autodigi.ee\/#\/schema\/logo\/image\/","url":"https:\/\/autodigi.ee\/wp-content\/uploads\/2022\/02\/Original_png-1.png","contentUrl":"https:\/\/autodigi.ee\/wp-content\/uploads\/2022\/02\/Original_png-1.png","width":4096,"height":3692,"caption":"Autodigi O\u00dc"},"image":{"@id":"https:\/\/autodigi.ee\/#\/schema\/logo\/image\/"},"sameAs":["https:\/\/www.facebook.com\/AUTODIGI.ee","https:\/\/www.instagram.com\/autodigi.ee\/"]}]}},"_links":{"self":[{"href":"https:\/\/autodigi.ee\/ru\/wp-json\/wp\/v2\/product\/42576","targetHints":{"allow":["GET"]}}],"collection":[{"href":"https:\/\/autodigi.ee\/ru\/wp-json\/wp\/v2\/product"}],"about":[{"href":"https:\/\/autodigi.ee\/ru\/wp-json\/wp\/v2\/types\/product"}],"wp:featuredmedia":[{"embeddable":true,"href":"https:\/\/autodigi.ee\/ru\/wp-json\/wp\/v2\/media\/42548"}],"wp:attachment":[{"href":"https:\/\/autodigi.ee\/ru\/wp-json\/wp\/v2\/media?parent=42576"}],"wp:term":[{"taxonomy":"product_brand","embeddable":true,"href":"https:\/\/autodigi.ee\/ru\/wp-json\/wp\/v2\/product_brand?post=42576"},{"taxonomy":"product_cat","embeddable":true,"href":"https:\/\/autodigi.ee\/ru\/wp-json\/wp\/v2\/product_cat?post=42576"},{"taxonomy":"product_tag","embeddable":true,"href":"https:\/\/autodigi.ee\/ru\/wp-json\/wp\/v2\/product_tag?post=42576"}],"curies":[{"name":"wp","href":"https:\/\/api.w.org\/{rel}","templated":true}]}}