{"id":42547,"date":"2022-07-07T18:58:18","date_gmt":"2022-07-07T16:58:18","guid":{"rendered":"https:\/\/autodigi.ee\/product\/45-osaline-keermestamiskomplekt\/"},"modified":"2025-04-18T15:24:07","modified_gmt":"2025-04-18T13:24:07","slug":"45-osaline-keermestamiskomplekt","status":"publish","type":"product","link":"https:\/\/autodigi.ee\/ru\/product\/45-osaline-keermestamiskomplekt\/","title":{"rendered":"45-osaline keermestamiskomplekt"},"content":{"rendered":"<p>45-osaline praktiline keermestamiskomplekt sobib t\u00e4iuslikult puhastamiseks ning sisemiste ja v\u00e4limiste keermete l\u00f5ikamiseks ning seda saab kasutada autode ning \u00fcldiste t\u00f6\u00f6koja t\u00f6\u00f6de juures.<\/p>\n<\/p>\n<p>Kvaliteetsest s\u00fcsinikterasest t\u00f6\u00f6riistad on kuumt\u00f6\u00f6deldud ja karastatud, et muuta neid tugevaks ja vastupidavaks.<\/p>\n<\/p>\n<p>Komplekti kuuluv kohver muudab t\u00f6\u00f6riistade kaasas kandmise lihtsaks ja see ei v\u00f5ta palju ruumi.<\/p>\n<\/p>\n<p>Komplekti kuulub 1 x keermepuurip\u00f6\u00f6r 50 mm, 1 x keermepuurip\u00f6\u00f6r M6-M25, 1 x T-k\u00e4epidemega keermepuurip\u00f6\u00f6r, 1 x kruvikeeraja, 1 x stantsihoidja 50 mm, 20 x keermepuur ja 20 x stants.<\/p>\n<ul>\n<li>Materjal: s\u00fcsinikteras<\/li>\n<li><strong>Tarnitavasse komplekti kuulub:<\/strong><\/li>\n<li>1 x keermepuurip\u00f6\u00f6r 50 mm<\/li>\n<li>1 x keermepuurip\u00f6\u00f6r M6-M25<\/li>\n<li>1 x T-k\u00e4epidemega keermepuurip\u00f6\u00f6r<\/li>\n<li>1 x kruvikeeraja<\/li>\n<li>1 x stantsihoidja 50 mm<\/li>\n<li>20 x keermepuuri (M6 x 1,0; M6 x 0,75; M8 x 1,0; M8 x 1,25; M10 x 1,25; M10 x 1,5; M12 x 1,5; M12 x 1,75; M14 x 1,5; M14 x 2,0; M16 x 1, 5; M16 x 2,0; M18 x 1,5; M18 x 2,5; M20 x 1,5; M20 x 2,5; M22 x 1,5; M22 x 2,5; M24 x 1,5; M24 x 3,0)<\/li>\n<li>20 x stantsi (M6 x 0,75; M6 x 1,0; M8 x 1,0; M8 x 1,25; M10 x 1,25; M10 x 1,5; M12 x 1,5; M12 x 1,75; M14 x 1,5; M14 x 2,0; M16 x 1, 1,5; M16 x 2,0; M18 x 1,5; M18 x 2,5; M20 x 1,5; M20 x 2,5; M22 x 1,5; M22 x 2,5; M24 x 1,5; M24 x 3,0)<\/li>\n<li>Puhumisvormitud kandekohvris<\/li>\n<\/ul>\n","protected":false},"excerpt":{"rendered":"<p>45-osaline praktiline keermestamiskomplekt sobib t\u00e4iuslikult puhastamiseks ning sisemiste ja v\u00e4limiste keermete l\u00f5ikamiseks ning seda saab kasutada autode ning \u00fcldiste t\u00f6\u00f6koja t\u00f6\u00f6de juures. Kvaliteetsest s\u00fcsinikterasest t\u00f6\u00f6riistad on kuumt\u00f6\u00f6deldud ja karastatud, et muuta neid tugevaks ja vastupidavaks. Komplekti kuuluv kohver muudab t\u00f6\u00f6riistade kaasas kandmise lihtsaks ja see ei v\u00f5ta palju ruumi. Komplekti kuulub 1 x keermepuurip\u00f6\u00f6r 50 mm, 1 x keermepuurip\u00f6\u00f6r M6-M25, 1 x T-k\u00e4epidemega keermepuurip\u00f6\u00f6r, 1 x kruvikeeraja, 1 x stantsihoidja 50 mm, 20 x keermepuur ja 20 x stants.<\/p>\n","protected":false},"featured_media":42512,"template":"","meta":[],"product_brand":[],"product_cat":[5816,5814],"product_tag":[],"class_list":{"0":"post-42547","1":"product","2":"type-product","3":"status-publish","4":"has-post-thumbnail","6":"product_cat-tooriistakomplektid-2","7":"product_cat-tooriistad-2","9":"first","10":"instock","11":"taxable","12":"shipping-taxable","13":"purchasable","14":"product-type-simple"},"yoast_head":"<!-- This site is optimized with the Yoast SEO plugin v25.9 - https:\/\/yoast.com\/wordpress\/plugins\/seo\/ -->\n<title>45-osaline keermestamiskomplekt - Autodigi.ee<\/title>\n<meta name=\"robots\" content=\"index, follow, max-snippet:-1, max-image-preview:large, max-video-preview:-1\" \/>\n<link rel=\"canonical\" href=\"https:\/\/autodigi.ee\/product\/45-osaline-keermestamiskomplekt\/\" \/>\n<meta property=\"og:locale\" content=\"ru_RU\" \/>\n<meta property=\"og:type\" content=\"article\" \/>\n<meta property=\"og:title\" content=\"45-osaline keermestamiskomplekt - Autodigi.ee\" \/>\n<meta property=\"og:description\" content=\"45-osaline praktiline keermestamiskomplekt sobib t\u00e4iuslikult puhastamiseks ning sisemiste ja v\u00e4limiste keermete l\u00f5ikamiseks ning seda saab kasutada autode ning \u00fcldiste t\u00f6\u00f6koja t\u00f6\u00f6de juures. Kvaliteetsest s\u00fcsinikterasest t\u00f6\u00f6riistad on kuumt\u00f6\u00f6deldud ja karastatud, et muuta neid tugevaks ja vastupidavaks. Komplekti kuuluv kohver muudab t\u00f6\u00f6riistade kaasas kandmise lihtsaks ja see ei v\u00f5ta palju ruumi. Komplekti kuulub 1 x keermepuurip\u00f6\u00f6r 50 mm, 1 x keermepuurip\u00f6\u00f6r M6-M25, 1 x T-k\u00e4epidemega keermepuurip\u00f6\u00f6r, 1 x kruvikeeraja, 1 x stantsihoidja 50 mm, 20 x keermepuur ja 20 x stants.\" \/>\n<meta property=\"og:url\" content=\"https:\/\/autodigi.ee\/product\/45-osaline-keermestamiskomplekt\/\" \/>\n<meta property=\"og:site_name\" content=\"Autodigi.ee\" \/>\n<meta property=\"article:publisher\" content=\"https:\/\/www.facebook.com\/AUTODIGI.ee\" \/>\n<meta property=\"article:modified_time\" content=\"2025-04-18T13:24:07+00:00\" \/>\n<meta property=\"og:image\" content=\"https:\/\/autodigi.ee\/wp-content\/uploads\/2022\/07\/8718475938057_a_en_hd_1.jpg\" \/>\n\t<meta property=\"og:image:width\" content=\"1024\" \/>\n\t<meta property=\"og:image:height\" content=\"1024\" \/>\n\t<meta property=\"og:image:type\" content=\"image\/jpeg\" \/>\n<meta name=\"twitter:card\" content=\"summary_large_image\" \/>\n<meta name=\"twitter:label1\" content=\"\u041f\u0440\u0438\u043c\u0435\u0440\u043d\u043e\u0435 \u0432\u0440\u0435\u043c\u044f \u0434\u043b\u044f \u0447\u0442\u0435\u043d\u0438\u044f\" \/>\n\t<meta name=\"twitter:data1\" content=\"1 \u043c\u0438\u043d\u0443\u0442\u0430\" \/>\n<script type=\"application\/ld+json\" class=\"yoast-schema-graph\">{\"@context\":\"https:\/\/schema.org\",\"@graph\":[{\"@type\":\"WebPage\",\"@id\":\"https:\/\/autodigi.ee\/product\/45-osaline-keermestamiskomplekt\/\",\"url\":\"https:\/\/autodigi.ee\/product\/45-osaline-keermestamiskomplekt\/\",\"name\":\"45-osaline keermestamiskomplekt - Autodigi.ee\",\"isPartOf\":{\"@id\":\"https:\/\/autodigi.ee\/#website\"},\"primaryImageOfPage\":{\"@id\":\"https:\/\/autodigi.ee\/product\/45-osaline-keermestamiskomplekt\/#primaryimage\"},\"image\":{\"@id\":\"https:\/\/autodigi.ee\/product\/45-osaline-keermestamiskomplekt\/#primaryimage\"},\"thumbnailUrl\":\"https:\/\/autodigi.ee\/wp-content\/uploads\/2022\/07\/8718475938057_a_en_hd_1.jpg\",\"datePublished\":\"2022-07-07T16:58:18+00:00\",\"dateModified\":\"2025-04-18T13:24:07+00:00\",\"breadcrumb\":{\"@id\":\"https:\/\/autodigi.ee\/product\/45-osaline-keermestamiskomplekt\/#breadcrumb\"},\"inLanguage\":\"ru-RU\",\"potentialAction\":[{\"@type\":\"ReadAction\",\"target\":[\"https:\/\/autodigi.ee\/product\/45-osaline-keermestamiskomplekt\/\"]}]},{\"@type\":\"ImageObject\",\"inLanguage\":\"ru-RU\",\"@id\":\"https:\/\/autodigi.ee\/product\/45-osaline-keermestamiskomplekt\/#primaryimage\",\"url\":\"https:\/\/autodigi.ee\/wp-content\/uploads\/2022\/07\/8718475938057_a_en_hd_1.jpg\",\"contentUrl\":\"https:\/\/autodigi.ee\/wp-content\/uploads\/2022\/07\/8718475938057_a_en_hd_1.jpg\",\"width\":1024,\"height\":1024},{\"@type\":\"BreadcrumbList\",\"@id\":\"https:\/\/autodigi.ee\/product\/45-osaline-keermestamiskomplekt\/#breadcrumb\",\"itemListElement\":[{\"@type\":\"ListItem\",\"position\":1,\"name\":\"Home\",\"item\":\"https:\/\/autodigi.ee\/\"},{\"@type\":\"ListItem\",\"position\":2,\"name\":\"\u041c\u0430\u0433\u0430\u0437\u0438\u043d\",\"item\":\"https:\/\/autodigi.ee\/pood\/\"},{\"@type\":\"ListItem\",\"position\":3,\"name\":\"45-osaline keermestamiskomplekt\"}]},{\"@type\":\"WebSite\",\"@id\":\"https:\/\/autodigi.ee\/#website\",\"url\":\"https:\/\/autodigi.ee\/\",\"name\":\"Autodigi.ee\",\"description\":\"Android multimeedia raadiod ja lisaekraanid autosse. Carplay ja Android Auto.\",\"publisher\":{\"@id\":\"https:\/\/autodigi.ee\/#organization\"},\"potentialAction\":[{\"@type\":\"SearchAction\",\"target\":{\"@type\":\"EntryPoint\",\"urlTemplate\":\"https:\/\/autodigi.ee\/?s={search_term_string}\"},\"query-input\":{\"@type\":\"PropertyValueSpecification\",\"valueRequired\":true,\"valueName\":\"search_term_string\"}}],\"inLanguage\":\"ru-RU\"},{\"@type\":\"Organization\",\"@id\":\"https:\/\/autodigi.ee\/#organization\",\"name\":\"Autodigi O\u00dc\",\"url\":\"https:\/\/autodigi.ee\/\",\"logo\":{\"@type\":\"ImageObject\",\"inLanguage\":\"ru-RU\",\"@id\":\"https:\/\/autodigi.ee\/#\/schema\/logo\/image\/\",\"url\":\"https:\/\/autodigi.ee\/wp-content\/uploads\/2022\/02\/Original_png-1.png\",\"contentUrl\":\"https:\/\/autodigi.ee\/wp-content\/uploads\/2022\/02\/Original_png-1.png\",\"width\":4096,\"height\":3692,\"caption\":\"Autodigi O\u00dc\"},\"image\":{\"@id\":\"https:\/\/autodigi.ee\/#\/schema\/logo\/image\/\"},\"sameAs\":[\"https:\/\/www.facebook.com\/AUTODIGI.ee\",\"https:\/\/www.instagram.com\/autodigi.ee\/\"]}]}<\/script>\n<!-- \/ Yoast SEO plugin. -->","yoast_head_json":{"title":"45-osaline keermestamiskomplekt - Autodigi.ee","robots":{"index":"index","follow":"follow","max-snippet":"max-snippet:-1","max-image-preview":"max-image-preview:large","max-video-preview":"max-video-preview:-1"},"canonical":"https:\/\/autodigi.ee\/product\/45-osaline-keermestamiskomplekt\/","og_locale":"ru_RU","og_type":"article","og_title":"45-osaline keermestamiskomplekt - Autodigi.ee","og_description":"45-osaline praktiline keermestamiskomplekt sobib t\u00e4iuslikult puhastamiseks ning sisemiste ja v\u00e4limiste keermete l\u00f5ikamiseks ning seda saab kasutada autode ning \u00fcldiste t\u00f6\u00f6koja t\u00f6\u00f6de juures. Kvaliteetsest s\u00fcsinikterasest t\u00f6\u00f6riistad on kuumt\u00f6\u00f6deldud ja karastatud, et muuta neid tugevaks ja vastupidavaks. Komplekti kuuluv kohver muudab t\u00f6\u00f6riistade kaasas kandmise lihtsaks ja see ei v\u00f5ta palju ruumi. Komplekti kuulub 1 x keermepuurip\u00f6\u00f6r 50 mm, 1 x keermepuurip\u00f6\u00f6r M6-M25, 1 x T-k\u00e4epidemega keermepuurip\u00f6\u00f6r, 1 x kruvikeeraja, 1 x stantsihoidja 50 mm, 20 x keermepuur ja 20 x stants.","og_url":"https:\/\/autodigi.ee\/product\/45-osaline-keermestamiskomplekt\/","og_site_name":"Autodigi.ee","article_publisher":"https:\/\/www.facebook.com\/AUTODIGI.ee","article_modified_time":"2025-04-18T13:24:07+00:00","og_image":[{"width":1024,"height":1024,"url":"https:\/\/autodigi.ee\/wp-content\/uploads\/2022\/07\/8718475938057_a_en_hd_1.jpg","type":"image\/jpeg"}],"twitter_card":"summary_large_image","twitter_misc":{"\u041f\u0440\u0438\u043c\u0435\u0440\u043d\u043e\u0435 \u0432\u0440\u0435\u043c\u044f \u0434\u043b\u044f \u0447\u0442\u0435\u043d\u0438\u044f":"1 \u043c\u0438\u043d\u0443\u0442\u0430"},"schema":{"@context":"https:\/\/schema.org","@graph":[{"@type":"WebPage","@id":"https:\/\/autodigi.ee\/product\/45-osaline-keermestamiskomplekt\/","url":"https:\/\/autodigi.ee\/product\/45-osaline-keermestamiskomplekt\/","name":"45-osaline keermestamiskomplekt - Autodigi.ee","isPartOf":{"@id":"https:\/\/autodigi.ee\/#website"},"primaryImageOfPage":{"@id":"https:\/\/autodigi.ee\/product\/45-osaline-keermestamiskomplekt\/#primaryimage"},"image":{"@id":"https:\/\/autodigi.ee\/product\/45-osaline-keermestamiskomplekt\/#primaryimage"},"thumbnailUrl":"https:\/\/autodigi.ee\/wp-content\/uploads\/2022\/07\/8718475938057_a_en_hd_1.jpg","datePublished":"2022-07-07T16:58:18+00:00","dateModified":"2025-04-18T13:24:07+00:00","breadcrumb":{"@id":"https:\/\/autodigi.ee\/product\/45-osaline-keermestamiskomplekt\/#breadcrumb"},"inLanguage":"ru-RU","potentialAction":[{"@type":"ReadAction","target":["https:\/\/autodigi.ee\/product\/45-osaline-keermestamiskomplekt\/"]}]},{"@type":"ImageObject","inLanguage":"ru-RU","@id":"https:\/\/autodigi.ee\/product\/45-osaline-keermestamiskomplekt\/#primaryimage","url":"https:\/\/autodigi.ee\/wp-content\/uploads\/2022\/07\/8718475938057_a_en_hd_1.jpg","contentUrl":"https:\/\/autodigi.ee\/wp-content\/uploads\/2022\/07\/8718475938057_a_en_hd_1.jpg","width":1024,"height":1024},{"@type":"BreadcrumbList","@id":"https:\/\/autodigi.ee\/product\/45-osaline-keermestamiskomplekt\/#breadcrumb","itemListElement":[{"@type":"ListItem","position":1,"name":"Home","item":"https:\/\/autodigi.ee\/"},{"@type":"ListItem","position":2,"name":"\u041c\u0430\u0433\u0430\u0437\u0438\u043d","item":"https:\/\/autodigi.ee\/pood\/"},{"@type":"ListItem","position":3,"name":"45-osaline keermestamiskomplekt"}]},{"@type":"WebSite","@id":"https:\/\/autodigi.ee\/#website","url":"https:\/\/autodigi.ee\/","name":"Autodigi.ee","description":"Android multimeedia raadiod ja lisaekraanid autosse. Carplay ja Android Auto.","publisher":{"@id":"https:\/\/autodigi.ee\/#organization"},"potentialAction":[{"@type":"SearchAction","target":{"@type":"EntryPoint","urlTemplate":"https:\/\/autodigi.ee\/?s={search_term_string}"},"query-input":{"@type":"PropertyValueSpecification","valueRequired":true,"valueName":"search_term_string"}}],"inLanguage":"ru-RU"},{"@type":"Organization","@id":"https:\/\/autodigi.ee\/#organization","name":"Autodigi O\u00dc","url":"https:\/\/autodigi.ee\/","logo":{"@type":"ImageObject","inLanguage":"ru-RU","@id":"https:\/\/autodigi.ee\/#\/schema\/logo\/image\/","url":"https:\/\/autodigi.ee\/wp-content\/uploads\/2022\/02\/Original_png-1.png","contentUrl":"https:\/\/autodigi.ee\/wp-content\/uploads\/2022\/02\/Original_png-1.png","width":4096,"height":3692,"caption":"Autodigi O\u00dc"},"image":{"@id":"https:\/\/autodigi.ee\/#\/schema\/logo\/image\/"},"sameAs":["https:\/\/www.facebook.com\/AUTODIGI.ee","https:\/\/www.instagram.com\/autodigi.ee\/"]}]}},"_links":{"self":[{"href":"https:\/\/autodigi.ee\/ru\/wp-json\/wp\/v2\/product\/42547","targetHints":{"allow":["GET"]}}],"collection":[{"href":"https:\/\/autodigi.ee\/ru\/wp-json\/wp\/v2\/product"}],"about":[{"href":"https:\/\/autodigi.ee\/ru\/wp-json\/wp\/v2\/types\/product"}],"wp:featuredmedia":[{"embeddable":true,"href":"https:\/\/autodigi.ee\/ru\/wp-json\/wp\/v2\/media\/42512"}],"wp:attachment":[{"href":"https:\/\/autodigi.ee\/ru\/wp-json\/wp\/v2\/media?parent=42547"}],"wp:term":[{"taxonomy":"product_brand","embeddable":true,"href":"https:\/\/autodigi.ee\/ru\/wp-json\/wp\/v2\/product_brand?post=42547"},{"taxonomy":"product_cat","embeddable":true,"href":"https:\/\/autodigi.ee\/ru\/wp-json\/wp\/v2\/product_cat?post=42547"},{"taxonomy":"product_tag","embeddable":true,"href":"https:\/\/autodigi.ee\/ru\/wp-json\/wp\/v2\/product_tag?post=42547"}],"curies":[{"name":"wp","href":"https:\/\/api.w.org\/{rel}","templated":true}]}}