{"id":84430,"date":"2025-03-28T08:51:07","date_gmt":"2025-03-28T06:51:07","guid":{"rendered":"https:\/\/autodigi.ee\/product\/seat-ibiza-2008-2014-android-auto-gps-radio-ja-multimedia-nayttosoitin\/"},"modified":"2025-03-28T09:18:23","modified_gmt":"2025-03-28T07:18:23","slug":"seat-ibiza-2008-2014-android-auto-gps-radio-ja-multimedia-nayttosoitin","status":"publish","type":"product","link":"https:\/\/autodigi.ee\/fi\/product\/seat-ibiza-2008-2014-android-auto-gps-radio-ja-multimedia-nayttosoitin\/","title":{"rendered":"Seat Ibiza (2008-2014) Android | auto GPS radio ja multimedia n\u00e4ytt\u00f6soitin"},"content":{"rendered":"<div style=\"border: 1px solid #e8e8e8; background: linear-gradient(#ebebeb 0%, #ffffff 3%, #ffffff 40%, #ebebeb 100%); visibility: visible;\" role=\"tabpanel\">\n<div style=\"hyphens: auto; padding: 20px; color: #2e2e2e; font-size: 1.05em; line-height: 1.5em; margin-top: 20px;\">\n<h1 style=\"font-family: Tahoma; margin: 0px 0px 30.5px;\"><span style=\"font-family: arial, helvetica, sans-serif; font-size: large;\"><strong style=\"font-size: 12.6px; font-family: arial, helvetica, sans-serif; color: #0d4a9b;\"><strong style=\"font-size: 14.7px;\">7&#8243; tuuman kosketusn\u00e4ytt\u00f6 | merkkikohtainen Android GPS radio ja multimedia soitin\u00a0<\/strong><\/strong><\/span><\/h1>\n<h1 style=\"font-family: Tahoma; box-sizing: border-box; margin: 0px 0px 10.5px;\"><span style=\"font-family: arial, helvetica, sans-serif;\"><strong style=\"font-size: 12.6px; font-family: arial, helvetica, sans-serif; box-sizing: border-box; color: #0d4a9b;\"><strong style=\"box-sizing: border-box; font-size: 14.7px;\">Seat Ibiza (2008-2014) <\/strong><\/strong><\/span><\/h1>\n<p style=\"font-size: 12.6px; font-family: Tahoma; margin: 0px 0px 10.5px;\"><span style=\"color: #000000; font-family: arial, helvetica, sans-serif; font-size: 12.6px;\">Merkkikohtainen automediakeskus, joka on suunniteltu sopimaan suoraan alkuper\u00e4isen tehdasradion tilalle ja useimmissa tapauksissa se sopii auton alkuper\u00e4isiin liittimiin.<\/span><\/p>\n<p style=\"font-size: 12.6px; font-family: Tahoma; margin: 0px 0px 10.5px;\"><span style=\"color: #ff0000; font-family: arial, helvetica, sans-serif; font-size: 12.6px;\"><strong>Android 13 | Apple Carplay | Android Auto<\/strong><\/span><\/p>\n<p style=\"font-size: 12.6px; font-family: Tahoma; margin: 0px 0px 10.5px;\"><span style=\"color: #000000; font-family: arial, helvetica, sans-serif; font-size: 12.6px;\"><strong>HUOM!<\/strong>\u00a0Et tarvitse Android-puhelinta k\u00e4ytt\u00e4\u00e4ksesi Android-autoradiota. T\u00e4m\u00e4 radio on Android-tietokone, jonka toiminnot ovat samanlaiset kuin tavallisessa tabletissa. Mediasoitin on yhteensopiva jokaisen puhelimen kanssa. Sill\u00e4 ei ole v\u00e4li\u00e4, onko se Android vai iOS.<\/span><\/p>\n<p style=\"font-size: 12.6px; font-family: Tahoma; margin: 0px 0px 10.5px;\"><span style=\"font-family: arial, helvetica, sans-serif;\"><span style=\"color: #000000; font-size: 12.6px;\">T\u00e4m\u00e4 autoradio on moderni mediakeskus, joka muuttaa jokaisen automatkan kokemukseksi! Android GPS Radio tuo kaikki modernit navigointisovellukset autoosi &#8211;\u00a0<\/span><strong style=\"color: #000000; font-family: arial, helvetica, sans-serif; font-size: 12.6px;\">Waze, Google Maps ja iGo<\/strong>.\u00a0<span style=\"color: #000000; font-size: 12.6px;\">Android mahdollistaa tavallisen FM-radiotoiminnon lis\u00e4ksi my\u00f6s GooglePlay-sovellusten k\u00e4yt\u00f6n tuoden viihdett\u00e4 autoon &#8211;\u00a0<\/span><strong style=\"color: #000000; font-family: arial, helvetica, sans-serif; font-size: 12.6px;\">Spotify, YouTube, Gmail, Chrome<\/strong><span style=\"color: #000000; font-size: 12.6px;\">\u00a0jne.\u00a0Auton multimediaradioon voidaan haluttaessa asentaa my\u00f6s sosiaalisen median ja s\u00e4hk\u00f6postisovelluksia &#8211;\u00a0<strong>Facebook, Instagram, Gmail, TikTok\u00a0<\/strong>jne.\u00a0Sis\u00e4\u00e4nrakennetun Bluetooth handsfree-puhelimen ominaisuuden avulla voit my\u00f6s suoratoistaa musiikkia puhelimestasi. GPS-navigaattori toimii samanaikaisesti mediakeskuksen kanssa ja yhdist\u00e4\u00e4 saumattomasti reittiohjeet musiikin kanssa. multimedia soitin tukee 99 % maailman kielist\u00e4 (kaikki Googlen tukemat kielet) ja voit k\u00e4ytt\u00e4\u00e4 laitetta \u00e4idinkielell\u00e4si.\u00a0<\/span><\/span><\/p>\n<h3 style=\"font-size: 12.6px; font-family: Tahoma; margin: 0px 0px 10.5px;\"><span style=\"color: #0f499a; font-family: arial, helvetica, sans-serif; font-size: 120%;\"><strong style=\"color: #0d4a9b;\">\u00a0<\/strong><\/span><\/h3>\n<h3 style=\"font-size: 12.6px; font-family: Tahoma; margin: 0px 0px 10.5px;\"><span style=\"color: #0f499a; font-family: arial, helvetica, sans-serif; font-size: 120%;\"><strong style=\"color: #0d4a9b;\">Yksityiskohtainen kuvaus<\/strong><\/span><\/h3>\n<ul class=\"wurfel\" style=\"margin-top: 0px; margin-bottom: 10.5px; margin-left: 0px; padding-left: 0px;\">\n<li style=\"font-family: Tahoma;\">Op. J\u00e4rjestelm\u00e4<strong> Android 13 <\/strong><\/li>\n<li><span style=\"color: #000000; font-family: arial, helvetica, sans-serif;\"><strong>Apple CarPlay ja Android Auto:<\/strong>\u00a0sis\u00e4\u00e4nrakennettu langaton CarPlay ja langaton Android Auto <\/span><\/li>\n<li><span style=\"color: #000000; font-family: arial, helvetica, sans-serif;\">Bluetooth 5.0 &#8221;handsfree&#8221; -puhelut<\/span><\/li>\n<li><span style=\"color: #000000; font-family: arial, helvetica, sans-serif;\">Bluetooth 5.0 musiikin suoratoisto<\/span><\/li>\n<li><span style=\"color: #000000; font-family: arial, helvetica, sans-serif;\">Sis\u00e4\u00e4nrakennettu GPS-navigaattori\u00a0<strong>Waze, Google Maps, iGo<\/strong><\/span><\/li>\n<li><span style=\"color: #000000; font-family: arial, helvetica, sans-serif;\">USB-tulo\u00a0<\/span><\/li>\n<li><span style=\"color: #000000; font-family: arial, helvetica, sans-serif;\">Tuki kaikille Android-sovelluksille &#8211; mm.\u00a0<strong>YouTube, Spotify, Gmail<\/strong><\/span><\/li>\n<li><span style=\"color: #000000; font-family: arial, helvetica, sans-serif;\"><strong>N\u00e4yt\u00f6n peilaus<\/strong>\u00a0 puhelimen n\u00e4yt\u00f6n n\u00e4ytt\u00e4minen mediakeskuksen n\u00e4yt\u00f6ll\u00e4<\/span><\/li>\n<li><span style=\"color: #000000; font-family: arial, helvetica, sans-serif;\">FM RDS radio<\/span><\/li>\n<li><span style=\"color: #000000; font-family: arial, helvetica, sans-serif;\">Valmis lis\u00e4\u00e4m\u00e4\u00e4n peruutuskamera<\/span><\/li>\n<li><span style=\"color: #000000; font-family: arial, helvetica, sans-serif;\">Yhteensopiva auton alkuper\u00e4isten ohjauspy\u00f6r\u00e4n painikkeiden kanssa<\/span><\/li>\n<li><span style=\"color: #000000; font-family: arial, helvetica, sans-serif;\">1080p video<\/span><\/li>\n<li><span style=\"color: #000000; font-family: arial, helvetica, sans-serif;\">1024 x 600 WVGA\u00a0 kapasitiivinen kosketusn\u00e4ytt\u00f6<\/span><\/li>\n<li><span style=\"color: #000000; font-family: arial, helvetica, sans-serif;\"><strong>CD\/DVD<\/strong>\u00a0pelaaja &#8211;\u00a0<strong>Ei<\/strong><\/span><\/li>\n<li><span style=\"color: #000000; font-family: arial, helvetica, sans-serif;\"><strong>AVI \/ RCA<\/strong>\u00a0ulostulot &#8211;<strong>\u00a0Mahdollista vain lis\u00e4\u00e4m\u00e4ll\u00e4 erityinen moduuli &#8221;USBRCA&#8221;.<\/strong><\/span><\/li>\n<li><span style=\"color: #000000; font-family: arial, helvetica, sans-serif;\"><strong>HDMI<\/strong>\u00a0ulostulo &#8211;<strong>\u00a0 Kyll\u00e4, mutta on tarpeen lis\u00e4t\u00e4 erityinen &#8221;USBHDMI&#8221;-moduuli<\/strong><\/span><\/li>\n<li><span style=\"color: #000000; font-family: arial, helvetica, sans-serif;\">\u00c4\u00e4nen l\u00e4ht\u00f6teho \u00a04 x 45 W<\/span><\/li>\n<li><span style=\"color: #000000; font-family: arial, helvetica, sans-serif;\"><strong>DSP<\/strong>\u00a0\u00e4\u00e4nen prosessori &#8211;<strong>\u00a0Kyll\u00e4 &#8211; sis\u00e4\u00e4nrakennettu DSP-prosessori<\/strong><\/span><\/li>\n<li><span style=\"color: #000000; font-family: arial, helvetica, sans-serif;\"><strong>SIM<\/strong>\u00a0korttipaikka &#8211;<strong>\u00a0Kyll\u00e4, laitteessa on sis\u00e4\u00e4nrakennettu modeemi<\/strong><\/span><\/li>\n<li><span style=\"font-family: arial, helvetica, sans-serif;\"><strong style=\"font-size: 1.05em; background-color: initial;\">Wi-Fi\u00a0<\/strong><span style=\"font-size: 1.05em; background-color: initial;\">&#8211; Kyll\u00e4, wifi-modeemi on sis\u00e4\u00e4nrakennettu<\/span><\/span><\/li>\n<li><span style=\"color: #000000; font-family: arial, helvetica, sans-serif;\">GooglePlay &#8211; Spotify, Chrome, YouTube, Gmail, Facebook, Waze, GoogleMap jne.<\/span><\/li>\n<li><span style=\"font-family: arial, helvetica, sans-serif;\"><strong style=\"font-size: 1.05em; background-color: initial;\">&#8221;Plug and Play&#8221;<\/strong><span style=\"font-size: 1.05em; background-color: initial;\">\u00a0&#8211;\u00a0Kyll\u00e4, merkkikohtainen radio on suunniteltu sopimaan suoraan tehtaan radiopaikkaan ja useimmissa tapauksissa voidaan kytke\u00e4 suoraan alkuper\u00e4isiin liittimiin.<\/span><\/span><\/li>\n<\/ul>\n<p style=\"font-family: Tahoma; box-sizing: border-box; margin: 0px 0px 10.5px; text-align: justify;\"><span style=\"font-family: arial,helvetica,sans-serif;\"><strong>Radion asennus!<\/strong>\u00a0YouTube-videot ovat hy\u00f6dyllisi\u00e4 itseasennuksessa, josta l\u00f6yd\u00e4t ohjeet alkuper\u00e4isen radion poistamiseen ja uuden radion asentamiseen.\u00a0Jos olet ep\u00e4varma tuotteen soveltuvuudesta tai haluat kokeneen asiantuntijan asentaa radion, ota yhteytt\u00e4 s\u00e4hk\u00f6postitse info(@)automeedia.ee &#8211; annamme sinulle l\u00e4himm\u00e4n asentajan yhteystiedot (Tallinn, Tartto, P\u00e4rnu, J\u00f5hvi, Rakvere, Helsinki).\u00a0<\/span><\/p>\n<\/div>\n<\/div>\n<div id=\"detail_decorate_root\" data-host=\"337013492\" data-magic-global=\"%7B%22bizId%22%3A2568217627%2C%22pageId%22%3A21322380227%2C%22siteId%22%3A10003084034%7D\" data-id=\"detail_decorate_root\">\n<div class=\"J_module\"><\/div>\n<div class=\"J_module\"><\/div>\n<div class=\"J_module\">\n<div class=\"icbu-pc-images magic-8\">\n<div>\n<div class=\"flex-layout-v\">\n<div class=\"flex-layout-h magic-8\">\n<div class=\"magic-9\"><img decoding=\"async\" class=\"magic-10\" src=\"\/\/sc04.alicdn.com\/kf\/H9413ebd0c5a1465883bab6a539b52c56c\/224874211\/H9413ebd0c5a1465883bab6a539b52c56c.jpg\" data-id=\"child-image-0\" \/><\/div>\n<\/div>\n<\/div>\n<\/div>\n<\/div>\n<\/div>\n<div class=\"J_module\"><\/div>\n<div class=\"J_module\">\n<div class=\"icbu-pc-detailManyImage magic-13\" data-module-name=\"icbu-pc-detailManyImage\">\n<div class=\"magic-14\"><\/div>\n<div class=\"magic-16\"><img decoding=\"async\" class=\"magic-17\" src=\"\/\/sc04.alicdn.com\/kf\/H58f9e33da6b94886b0e0840aa5e73dccE\/224874211\/H58f9e33da6b94886b0e0840aa5e73dccE.jpg\" \/><\/div>\n<div class=\"magic-14\"><\/div>\n<div class=\"magic-18\"><img decoding=\"async\" class=\"magic-19\" src=\"\/\/sc04.alicdn.com\/kf\/H237d8107221e4ceba4c77e7c6e26c198x\/224874211\/H237d8107221e4ceba4c77e7c6e26c198x.jpg\" \/><\/div>\n<div class=\"magic-20\"><img decoding=\"async\" class=\"magic-21\" src=\"\/\/sc04.alicdn.com\/kf\/H9768c3e2f5d34ddeb17a58f221bb591eD\/224874211\/H9768c3e2f5d34ddeb17a58f221bb591eD.jpg\" \/><\/div>\n<div class=\"magic-16\"><img decoding=\"async\" class=\"magic-17\" src=\"\/\/sc04.alicdn.com\/kf\/Hf48684eff5244409ac1bfff810f8730fv\/224874211\/Hf48684eff5244409ac1bfff810f8730fv.jpg\" \/><\/div>\n<div class=\"magic-16\"><img decoding=\"async\" class=\"magic-17\" src=\"\/\/sc04.alicdn.com\/kf\/H6658c382b3864dd29ddf0e30ada89b4eF\/224874211\/H6658c382b3864dd29ddf0e30ada89b4eF.jpg\" \/><\/div>\n<div class=\"magic-16\"><\/div>\n<div class=\"magic-16\"><img decoding=\"async\" class=\"magic-17\" src=\"\/\/sc04.alicdn.com\/kf\/H7554654784984ddfb3f91289202a1ef08\/224874211\/H7554654784984ddfb3f91289202a1ef08.jpg\" \/><\/div>\n<div class=\"magic-16\"><img decoding=\"async\" class=\"magic-17\" src=\"\/\/sc04.alicdn.com\/kf\/H641ae112d3da48bc89d08c2afe263a18L\/224874211\/H641ae112d3da48bc89d08c2afe263a18L.jpg\" \/><\/div>\n<\/div>\n<\/div>\n<div class=\"J_module\">\n<div class=\"icbu-pc-images magic-8\">\n<div>\n<div class=\"flex-layout-v\">\n<div class=\"flex-layout-h magic-8\">\n<div class=\"magic-22\"><img decoding=\"async\" class=\"magic-23\" src=\"\/\/sc04.alicdn.com\/kf\/Ha9bf193a12614b0fbbbcf67e4f9c9afbU\/224874211\/Ha9bf193a12614b0fbbbcf67e4f9c9afbU.jpg\" data-id=\"child-image-0\" \/><\/div>\n<\/div>\n<\/div>\n<\/div>\n<\/div>\n<\/div>\n<div class=\"J_module\">\n<div class=\"icbu-pc-images magic-8\">\n<div>\n<div class=\"flex-layout-v\">\n<div class=\"flex-layout-h magic-8\">\n<div class=\"magic-24\"><img decoding=\"async\" class=\"magic-25\" src=\"\/\/sc04.alicdn.com\/kf\/H0c10f29c1a5943b1a2fec3abbea5a1e5M\/224874211\/H0c10f29c1a5943b1a2fec3abbea5a1e5M.jpg\" data-id=\"child-image-0\" \/><\/div>\n<\/div>\n<\/div>\n<\/div>\n<\/div>\n<\/div>\n<div class=\"J_module\">\n<div class=\"icbu-pc-images magic-8\">\n<div class=\"flex-layout-v\">\n<div class=\"flex-layout-h magic-8\">\n<div class=\"magic-26\"><\/div>\n<\/div>\n<\/div>\n<\/div>\n<\/div>\n<div class=\"J_module\">\n<div class=\"icbu-pc-images magic-8\">\n<div>\n<div class=\"flex-layout-v\">\n<div class=\"flex-layout-h magic-8\">\n<div class=\"magic-28\"><img decoding=\"async\" class=\"magic-29\" src=\"\/\/sc04.alicdn.com\/kf\/H751039b278db4ce29d7b6ecbebe2aa3ch\/224874211\/H751039b278db4ce29d7b6ecbebe2aa3ch.jpg\" data-id=\"child-image-0\" \/><\/div>\n<\/div>\n<\/div>\n<\/div>\n<\/div>\n<\/div>\n<div class=\"J_module\">\n<div class=\"icbu-pc-images magic-8\">\n<div>\n<div class=\"flex-layout-v\">\n<div class=\"flex-layout-h magic-8\">\n<div class=\"magic-30\"><img decoding=\"async\" class=\"magic-31\" src=\"\/\/sc04.alicdn.com\/kf\/H74b9eeba27c443bc9a870d11949ff70dF\/224874211\/H74b9eeba27c443bc9a870d11949ff70dF.jpg\" data-id=\"child-image-0\" \/><\/div>\n<\/div>\n<\/div>\n<\/div>\n<\/div>\n<\/div>\n<div class=\"J_module\">\n<div class=\"icbu-pc-images magic-8\">\n<div>\n<div class=\"flex-layout-v\">\n<div class=\"flex-layout-h magic-8\">\n<div class=\"magic-32\"><img decoding=\"async\" class=\"magic-33\" src=\"\/\/sc04.alicdn.com\/kf\/H51d28cfddcfb42e882f8ec7b4e526436Q\/224874211\/H51d28cfddcfb42e882f8ec7b4e526436Q.jpg\" data-id=\"child-image-0\" \/><\/div>\n<\/div>\n<\/div>\n<\/div>\n<\/div>\n<\/div>\n<div class=\"J_module\"><\/div>\n<\/div>\n","protected":false},"excerpt":{"rendered":"<p>7&#8243; tuuman kosketusn\u00e4ytt\u00f6 | merkkikohtainen Android GPS radio ja multimedia soitin\u00a0 Seat Ibiza (2008-2014) Merkkikohtainen automediakeskus, joka on suunniteltu sopimaan suoraan alkuper\u00e4isen tehdasradion tilalle ja useimmissa tapauksissa se sopii auton alkuper\u00e4isiin liittimiin. Android 13 | Apple Carplay | Android Auto HUOM!\u00a0Et tarvitse Android-puhelinta k\u00e4ytt\u00e4\u00e4ksesi Android-autoradiota. T\u00e4m\u00e4 radio on Android-tietokone, jonka toiminnot ovat samanlaiset kuin tavallisessa [&#8230;]\n","protected":false},"featured_media":84419,"template":"","meta":[],"product_brand":[],"product_cat":[3126,4107,4126,4130],"product_tag":[],"class_list":{"0":"post-84430","1":"product","2":"type-product","3":"status-publish","4":"has-post-thumbnail","6":"product_cat-auto-multimediasoittimet","7":"product_cat-seat-fi","8":"product_cat-ibiza-fi","9":"product_cat-ibiza-2009-2013-fi","11":"first","12":"instock","13":"taxable","14":"shipping-taxable","15":"purchasable","16":"product-type-variable"},"yoast_head":"<!-- This site is optimized with the Yoast SEO plugin v25.9 - https:\/\/yoast.com\/wordpress\/plugins\/seo\/ -->\n<title>Seat Ibiza (2008-2014) Android | auto GPS radio ja multimedia n\u00e4ytt\u00f6soitin - Autodigi.ee<\/title>\n<meta name=\"robots\" content=\"index, follow, max-snippet:-1, max-image-preview:large, max-video-preview:-1\" \/>\n<link rel=\"canonical\" href=\"https:\/\/autodigi.ee\/fi\/product\/seat-ibiza-2008-2014-android-auto-gps-radio-ja-multimedia-nayttosoitin\/\" \/>\n<meta property=\"og:locale\" content=\"fi_FI\" \/>\n<meta property=\"og:type\" content=\"article\" \/>\n<meta property=\"og:title\" content=\"Seat Ibiza (2008-2014) Android | auto GPS radio ja multimedia n\u00e4ytt\u00f6soitin - Autodigi.ee\" \/>\n<meta property=\"og:description\" content=\"7&#8243; tuuman kosketusn\u00e4ytt\u00f6 | merkkikohtainen Android GPS radio ja multimedia soitin\u00a0 Seat Ibiza (2008-2014) Merkkikohtainen automediakeskus, joka on suunniteltu sopimaan suoraan alkuper\u00e4isen tehdasradion tilalle ja useimmissa tapauksissa se sopii auton alkuper\u00e4isiin liittimiin. Android 13 | Apple Carplay | Android Auto HUOM!\u00a0Et tarvitse Android-puhelinta k\u00e4ytt\u00e4\u00e4ksesi Android-autoradiota. T\u00e4m\u00e4 radio on Android-tietokone, jonka toiminnot ovat samanlaiset kuin tavallisessa [...]\" \/>\n<meta property=\"og:url\" content=\"https:\/\/autodigi.ee\/fi\/product\/seat-ibiza-2008-2014-android-auto-gps-radio-ja-multimedia-nayttosoitin\/\" \/>\n<meta property=\"og:site_name\" content=\"Autodigi.ee\" \/>\n<meta property=\"article:publisher\" content=\"https:\/\/www.facebook.com\/AUTODIGI.ee\" \/>\n<meta property=\"article:modified_time\" content=\"2025-03-28T07:18:23+00:00\" \/>\n<meta property=\"og:image\" content=\"https:\/\/autodigi.ee\/wp-content\/uploads\/2025\/03\/H6ec056ba0737415d864d9d2258a5fb33B.webp\" \/>\n\t<meta property=\"og:image:width\" content=\"800\" \/>\n\t<meta property=\"og:image:height\" content=\"800\" \/>\n\t<meta property=\"og:image:type\" content=\"image\/webp\" \/>\n<meta name=\"twitter:card\" content=\"summary_large_image\" \/>\n<meta name=\"twitter:label1\" content=\"Arvioitu lukuaika\" \/>\n\t<meta name=\"twitter:data1\" content=\"2 minuuttia\" \/>\n<script type=\"application\/ld+json\" class=\"yoast-schema-graph\">{\"@context\":\"https:\/\/schema.org\",\"@graph\":[{\"@type\":\"WebPage\",\"@id\":\"https:\/\/autodigi.ee\/fi\/product\/seat-ibiza-2008-2014-android-auto-gps-radio-ja-multimedia-nayttosoitin\/\",\"url\":\"https:\/\/autodigi.ee\/fi\/product\/seat-ibiza-2008-2014-android-auto-gps-radio-ja-multimedia-nayttosoitin\/\",\"name\":\"Seat Ibiza (2008-2014) Android | auto GPS radio ja multimedia n\u00e4ytt\u00f6soitin - Autodigi.ee\",\"isPartOf\":{\"@id\":\"https:\/\/autodigi.ee\/#website\"},\"primaryImageOfPage\":{\"@id\":\"https:\/\/autodigi.ee\/fi\/product\/seat-ibiza-2008-2014-android-auto-gps-radio-ja-multimedia-nayttosoitin\/#primaryimage\"},\"image\":{\"@id\":\"https:\/\/autodigi.ee\/fi\/product\/seat-ibiza-2008-2014-android-auto-gps-radio-ja-multimedia-nayttosoitin\/#primaryimage\"},\"thumbnailUrl\":\"https:\/\/autodigi.ee\/wp-content\/uploads\/2025\/03\/H6ec056ba0737415d864d9d2258a5fb33B.webp\",\"datePublished\":\"2025-03-28T06:51:07+00:00\",\"dateModified\":\"2025-03-28T07:18:23+00:00\",\"breadcrumb\":{\"@id\":\"https:\/\/autodigi.ee\/fi\/product\/seat-ibiza-2008-2014-android-auto-gps-radio-ja-multimedia-nayttosoitin\/#breadcrumb\"},\"inLanguage\":\"fi\",\"potentialAction\":[{\"@type\":\"ReadAction\",\"target\":[\"https:\/\/autodigi.ee\/fi\/product\/seat-ibiza-2008-2014-android-auto-gps-radio-ja-multimedia-nayttosoitin\/\"]}]},{\"@type\":\"ImageObject\",\"inLanguage\":\"fi\",\"@id\":\"https:\/\/autodigi.ee\/fi\/product\/seat-ibiza-2008-2014-android-auto-gps-radio-ja-multimedia-nayttosoitin\/#primaryimage\",\"url\":\"https:\/\/autodigi.ee\/wp-content\/uploads\/2025\/03\/H6ec056ba0737415d864d9d2258a5fb33B.webp\",\"contentUrl\":\"https:\/\/autodigi.ee\/wp-content\/uploads\/2025\/03\/H6ec056ba0737415d864d9d2258a5fb33B.webp\",\"width\":800,\"height\":800},{\"@type\":\"BreadcrumbList\",\"@id\":\"https:\/\/autodigi.ee\/fi\/product\/seat-ibiza-2008-2014-android-auto-gps-radio-ja-multimedia-nayttosoitin\/#breadcrumb\",\"itemListElement\":[{\"@type\":\"ListItem\",\"position\":1,\"name\":\"Home\",\"item\":\"https:\/\/autodigi.ee\/\"},{\"@type\":\"ListItem\",\"position\":2,\"name\":\"Verkkokauppa\",\"item\":\"https:\/\/autodigi.ee\/pood\/\"},{\"@type\":\"ListItem\",\"position\":3,\"name\":\"Seat Ibiza (2008-2014) Android | auto GPS radio ja multimedia n\u00e4ytt\u00f6soitin\"}]},{\"@type\":\"WebSite\",\"@id\":\"https:\/\/autodigi.ee\/#website\",\"url\":\"https:\/\/autodigi.ee\/\",\"name\":\"Autodigi.ee\",\"description\":\"Android multimeedia raadiod ja lisaekraanid autosse. Carplay ja Android Auto.\",\"publisher\":{\"@id\":\"https:\/\/autodigi.ee\/#organization\"},\"potentialAction\":[{\"@type\":\"SearchAction\",\"target\":{\"@type\":\"EntryPoint\",\"urlTemplate\":\"https:\/\/autodigi.ee\/?s={search_term_string}\"},\"query-input\":{\"@type\":\"PropertyValueSpecification\",\"valueRequired\":true,\"valueName\":\"search_term_string\"}}],\"inLanguage\":\"fi\"},{\"@type\":\"Organization\",\"@id\":\"https:\/\/autodigi.ee\/#organization\",\"name\":\"Autodigi O\u00dc\",\"url\":\"https:\/\/autodigi.ee\/\",\"logo\":{\"@type\":\"ImageObject\",\"inLanguage\":\"fi\",\"@id\":\"https:\/\/autodigi.ee\/#\/schema\/logo\/image\/\",\"url\":\"https:\/\/autodigi.ee\/wp-content\/uploads\/2022\/02\/Original_png-1.png\",\"contentUrl\":\"https:\/\/autodigi.ee\/wp-content\/uploads\/2022\/02\/Original_png-1.png\",\"width\":4096,\"height\":3692,\"caption\":\"Autodigi O\u00dc\"},\"image\":{\"@id\":\"https:\/\/autodigi.ee\/#\/schema\/logo\/image\/\"},\"sameAs\":[\"https:\/\/www.facebook.com\/AUTODIGI.ee\",\"https:\/\/www.instagram.com\/autodigi.ee\/\"]}]}<\/script>\n<!-- \/ Yoast SEO plugin. -->","yoast_head_json":{"title":"Seat Ibiza (2008-2014) Android | auto GPS radio ja multimedia n\u00e4ytt\u00f6soitin - Autodigi.ee","robots":{"index":"index","follow":"follow","max-snippet":"max-snippet:-1","max-image-preview":"max-image-preview:large","max-video-preview":"max-video-preview:-1"},"canonical":"https:\/\/autodigi.ee\/fi\/product\/seat-ibiza-2008-2014-android-auto-gps-radio-ja-multimedia-nayttosoitin\/","og_locale":"fi_FI","og_type":"article","og_title":"Seat Ibiza (2008-2014) Android | auto GPS radio ja multimedia n\u00e4ytt\u00f6soitin - Autodigi.ee","og_description":"7&#8243; tuuman kosketusn\u00e4ytt\u00f6 | merkkikohtainen Android GPS radio ja multimedia soitin\u00a0 Seat Ibiza (2008-2014) Merkkikohtainen automediakeskus, joka on suunniteltu sopimaan suoraan alkuper\u00e4isen tehdasradion tilalle ja useimmissa tapauksissa se sopii auton alkuper\u00e4isiin liittimiin. Android 13 | Apple Carplay | Android Auto HUOM!\u00a0Et tarvitse Android-puhelinta k\u00e4ytt\u00e4\u00e4ksesi Android-autoradiota. T\u00e4m\u00e4 radio on Android-tietokone, jonka toiminnot ovat samanlaiset kuin tavallisessa [...]","og_url":"https:\/\/autodigi.ee\/fi\/product\/seat-ibiza-2008-2014-android-auto-gps-radio-ja-multimedia-nayttosoitin\/","og_site_name":"Autodigi.ee","article_publisher":"https:\/\/www.facebook.com\/AUTODIGI.ee","article_modified_time":"2025-03-28T07:18:23+00:00","og_image":[{"width":800,"height":800,"url":"https:\/\/autodigi.ee\/wp-content\/uploads\/2025\/03\/H6ec056ba0737415d864d9d2258a5fb33B.webp","type":"image\/webp"}],"twitter_card":"summary_large_image","twitter_misc":{"Arvioitu lukuaika":"2 minuuttia"},"schema":{"@context":"https:\/\/schema.org","@graph":[{"@type":"WebPage","@id":"https:\/\/autodigi.ee\/fi\/product\/seat-ibiza-2008-2014-android-auto-gps-radio-ja-multimedia-nayttosoitin\/","url":"https:\/\/autodigi.ee\/fi\/product\/seat-ibiza-2008-2014-android-auto-gps-radio-ja-multimedia-nayttosoitin\/","name":"Seat Ibiza (2008-2014) Android | auto GPS radio ja multimedia n\u00e4ytt\u00f6soitin - Autodigi.ee","isPartOf":{"@id":"https:\/\/autodigi.ee\/#website"},"primaryImageOfPage":{"@id":"https:\/\/autodigi.ee\/fi\/product\/seat-ibiza-2008-2014-android-auto-gps-radio-ja-multimedia-nayttosoitin\/#primaryimage"},"image":{"@id":"https:\/\/autodigi.ee\/fi\/product\/seat-ibiza-2008-2014-android-auto-gps-radio-ja-multimedia-nayttosoitin\/#primaryimage"},"thumbnailUrl":"https:\/\/autodigi.ee\/wp-content\/uploads\/2025\/03\/H6ec056ba0737415d864d9d2258a5fb33B.webp","datePublished":"2025-03-28T06:51:07+00:00","dateModified":"2025-03-28T07:18:23+00:00","breadcrumb":{"@id":"https:\/\/autodigi.ee\/fi\/product\/seat-ibiza-2008-2014-android-auto-gps-radio-ja-multimedia-nayttosoitin\/#breadcrumb"},"inLanguage":"fi","potentialAction":[{"@type":"ReadAction","target":["https:\/\/autodigi.ee\/fi\/product\/seat-ibiza-2008-2014-android-auto-gps-radio-ja-multimedia-nayttosoitin\/"]}]},{"@type":"ImageObject","inLanguage":"fi","@id":"https:\/\/autodigi.ee\/fi\/product\/seat-ibiza-2008-2014-android-auto-gps-radio-ja-multimedia-nayttosoitin\/#primaryimage","url":"https:\/\/autodigi.ee\/wp-content\/uploads\/2025\/03\/H6ec056ba0737415d864d9d2258a5fb33B.webp","contentUrl":"https:\/\/autodigi.ee\/wp-content\/uploads\/2025\/03\/H6ec056ba0737415d864d9d2258a5fb33B.webp","width":800,"height":800},{"@type":"BreadcrumbList","@id":"https:\/\/autodigi.ee\/fi\/product\/seat-ibiza-2008-2014-android-auto-gps-radio-ja-multimedia-nayttosoitin\/#breadcrumb","itemListElement":[{"@type":"ListItem","position":1,"name":"Home","item":"https:\/\/autodigi.ee\/"},{"@type":"ListItem","position":2,"name":"Verkkokauppa","item":"https:\/\/autodigi.ee\/pood\/"},{"@type":"ListItem","position":3,"name":"Seat Ibiza (2008-2014) Android | auto GPS radio ja multimedia n\u00e4ytt\u00f6soitin"}]},{"@type":"WebSite","@id":"https:\/\/autodigi.ee\/#website","url":"https:\/\/autodigi.ee\/","name":"Autodigi.ee","description":"Android multimeedia raadiod ja lisaekraanid autosse. Carplay ja Android Auto.","publisher":{"@id":"https:\/\/autodigi.ee\/#organization"},"potentialAction":[{"@type":"SearchAction","target":{"@type":"EntryPoint","urlTemplate":"https:\/\/autodigi.ee\/?s={search_term_string}"},"query-input":{"@type":"PropertyValueSpecification","valueRequired":true,"valueName":"search_term_string"}}],"inLanguage":"fi"},{"@type":"Organization","@id":"https:\/\/autodigi.ee\/#organization","name":"Autodigi O\u00dc","url":"https:\/\/autodigi.ee\/","logo":{"@type":"ImageObject","inLanguage":"fi","@id":"https:\/\/autodigi.ee\/#\/schema\/logo\/image\/","url":"https:\/\/autodigi.ee\/wp-content\/uploads\/2022\/02\/Original_png-1.png","contentUrl":"https:\/\/autodigi.ee\/wp-content\/uploads\/2022\/02\/Original_png-1.png","width":4096,"height":3692,"caption":"Autodigi O\u00dc"},"image":{"@id":"https:\/\/autodigi.ee\/#\/schema\/logo\/image\/"},"sameAs":["https:\/\/www.facebook.com\/AUTODIGI.ee","https:\/\/www.instagram.com\/autodigi.ee\/"]}]}},"_links":{"self":[{"href":"https:\/\/autodigi.ee\/fi\/wp-json\/wp\/v2\/product\/84430","targetHints":{"allow":["GET"]}}],"collection":[{"href":"https:\/\/autodigi.ee\/fi\/wp-json\/wp\/v2\/product"}],"about":[{"href":"https:\/\/autodigi.ee\/fi\/wp-json\/wp\/v2\/types\/product"}],"wp:featuredmedia":[{"embeddable":true,"href":"https:\/\/autodigi.ee\/fi\/wp-json\/wp\/v2\/media\/84419"}],"wp:attachment":[{"href":"https:\/\/autodigi.ee\/fi\/wp-json\/wp\/v2\/media?parent=84430"}],"wp:term":[{"taxonomy":"product_brand","embeddable":true,"href":"https:\/\/autodigi.ee\/fi\/wp-json\/wp\/v2\/product_brand?post=84430"},{"taxonomy":"product_cat","embeddable":true,"href":"https:\/\/autodigi.ee\/fi\/wp-json\/wp\/v2\/product_cat?post=84430"},{"taxonomy":"product_tag","embeddable":true,"href":"https:\/\/autodigi.ee\/fi\/wp-json\/wp\/v2\/product_tag?post=84430"}],"curies":[{"name":"wp","href":"https:\/\/api.w.org\/{rel}","templated":true}]}}