{"id":84184,"date":"2024-11-18T12:07:46","date_gmt":"2024-11-18T10:07:48","guid":{"rendered":"https:\/\/autodigi.ee\/?post_type=product&#038;p=84184"},"modified":"2024-11-18T12:12:27","modified_gmt":"2024-11-18T10:12:27","slug":"auton-etukamera-rca-pal-universaali-170-asteen-kuvakulmalla-vesitiivis-ip68-xtrons-cam001f-copy","status":"publish","type":"product","link":"https:\/\/autodigi.ee\/fi\/product\/auton-etukamera-rca-pal-universaali-170-asteen-kuvakulmalla-vesitiivis-ip68-xtrons-cam001f-copy\/","title":{"rendered":"Auton peruutuskamera RCA \/ AHD \/ CVBS universaali 140 asteen kuvakulmalla"},"content":{"rendered":"<p>HS13 peruutuskamera sopii erinomaisesti asennettavaksi auton tavaratilan kanteen rekisterikilven valon paikalle (tai viereen). Kamerassa on AHD 720p -resoluutio ja laaja kuvakulma jopa 140\u00b0. Korkealaatuinen alumiinikotelo, joka kest\u00e4\u00e4 iskuja ja s\u00e4\u00e4olosuhteita.<\/p>\n<p>Setti sis\u00e4lt\u00e4\u00e4:<br \/>\n&#8211; kamera (kaapeli noin 50 cm)<br \/>\n\u2013 signaali- ja virtajohto 6m<br \/>\n\u2013 kiinnitysruuvit ja aluslevyt<\/p>\n<p>Tekniset tiedot:<br \/>\ntuloj\u00e4nnite 12V DC<br \/>\nAHD resoluutio 720p<br \/>\nkatselukulma 140\u00b0<br \/>\nkatso k\u00e4\u00e4nteinen<br \/>\nk\u00e4ytt\u00f6virta 50-200mA<br \/>\nk\u00e4ytt\u00f6l\u00e4mp\u00f6tila -30\u00b0C \u2013 +70\u00b0C<br \/>\nmitat 28 x 32 x 24 mm<\/p>\n<p><img decoding=\"async\" src=\"\/media\/automeedia-1\/product\/tooted\/lisad\/HS13\/01-DVD-HS13_CVBS_AHD_reverse_camera_tagurduskaamera.avif\" alt=\"01-DVD-HS13_CVBS_AHD_reverse_camera_tagurduskaamera.avif (32 KB)\" width=\"100%\" height=\"auto\" \/><img decoding=\"async\" src=\"\/media\/automeedia-1\/product\/tooted\/lisad\/HS13\/02-DVD-HS13_CVBS_AHD_reverse_camera_tagurduskaamera.avif\" alt=\"02-DVD-HS13_CVBS_AHD_reverse_camera_tagurduskaamera.avif (12 KB)\" width=\"100%\" height=\"auto\" \/><img decoding=\"async\" src=\"\/media\/automeedia-1\/product\/tooted\/lisad\/HS13\/03-DVD-HS13_CVBS_AHD_reverse_camera_tagurduskaamera.avif\" alt=\"03-DVD-HS13_CVBS_AHD_reverse_camera_tagurduskaamera.avif (28 KB)\" width=\"100%\" height=\"auto\" \/><img decoding=\"async\" src=\"\/media\/automeedia-1\/product\/tooted\/lisad\/HS13\/04-DVD-HS13_CVBS_AHD_reverse_camera_tagurduskaamera.avif\" alt=\"04-DVD-HS13_CVBS_AHD_reverse_camera_tagurduskaamera.avif (15 KB)\" width=\"100%\" height=\"auto\" \/><img decoding=\"async\" src=\"\/media\/automeedia-1\/product\/tooted\/lisad\/HS13\/05-DVD-HS13_CVBS_AHD_reverse_camera_tagurduskaamera.avif\" alt=\"05-DVD-HS13_CVBS_AHD_reverse_camera_tagurduskaamera.avif (13 KB)\" width=\"100%\" height=\"auto\" \/><img decoding=\"async\" src=\"\/media\/automeedia-1\/product\/tooted\/lisad\/HS13\/06-DVD-HS13_CVBS_AHD_reverse_camera_tagurduskaamera.avif\" alt=\"06-DVD-HS13_CVBS_AHD_reverse_camera_tagurduskaamera.avif (25 KB)\" width=\"100%\" height=\"auto\" \/><img decoding=\"async\" src=\"\/media\/automeedia-1\/product\/tooted\/lisad\/HS13\/07-DVD-HS13_CVBS_AHD_reverse_camera_tagurduskaamera.avif\" alt=\"07-DVD-HS13_CVBS_AHD_reverse_camera_tagurduskaamera.avif (22 KB)\" width=\"100%\" height=\"auto\" \/><\/p>\n","protected":false},"excerpt":{"rendered":"<p>HS13 peruutuskamera sopii erinomaisesti asennettavaksi auton tavaratilan kanteen rekisterikilven valon paikalle (tai viereen). Kamerassa on AHD 720p -resoluutio ja laaja kuvakulma jopa 140\u00b0. Korkealaatuinen alumiinikotelo, joka kest\u00e4\u00e4 iskuja ja s\u00e4\u00e4olosuhteita. Setti sis\u00e4lt\u00e4\u00e4: &#8211; kamera (kaapeli noin 50 cm) \u2013 signaali- ja virtajohto 6m \u2013 kiinnitysruuvit ja aluslevyt Tekniset tiedot: tuloj\u00e4nnite 12V DC AHD resoluutio 720p [&#8230;]\n","protected":false},"featured_media":84180,"template":"","meta":[],"product_brand":[],"product_cat":[4820,4641],"product_tag":[],"class_list":{"0":"post-84184","1":"product","2":"type-product","3":"status-publish","4":"has-post-thumbnail","6":"product_cat-peruutuskamerat","7":"product_cat-universal-fi-2","9":"first","10":"instock","11":"purchasable","12":"product-type-simple"},"yoast_head":"<!-- This site is optimized with the Yoast SEO plugin v25.9 - https:\/\/yoast.com\/wordpress\/plugins\/seo\/ -->\n<title>Auton peruutuskamera RCA \/ AHD \/ CVBS universaali 140 asteen kuvakulmalla - Autodigi.ee<\/title>\n<meta name=\"robots\" content=\"index, follow, max-snippet:-1, max-image-preview:large, max-video-preview:-1\" \/>\n<link rel=\"canonical\" href=\"https:\/\/autodigi.ee\/fi\/product\/auton-etukamera-rca-pal-universaali-170-asteen-kuvakulmalla-vesitiivis-ip68-xtrons-cam001f-copy\/\" \/>\n<meta property=\"og:locale\" content=\"fi_FI\" \/>\n<meta property=\"og:type\" content=\"article\" \/>\n<meta property=\"og:title\" content=\"Auton peruutuskamera RCA \/ AHD \/ CVBS universaali 140 asteen kuvakulmalla - Autodigi.ee\" \/>\n<meta property=\"og:description\" content=\"HS13 peruutuskamera sopii erinomaisesti asennettavaksi auton tavaratilan kanteen rekisterikilven valon paikalle (tai viereen). Kamerassa on AHD 720p -resoluutio ja laaja kuvakulma jopa 140\u00b0. Korkealaatuinen alumiinikotelo, joka kest\u00e4\u00e4 iskuja ja s\u00e4\u00e4olosuhteita. Setti sis\u00e4lt\u00e4\u00e4: &#8211; kamera (kaapeli noin 50 cm) \u2013 signaali- ja virtajohto 6m \u2013 kiinnitysruuvit ja aluslevyt Tekniset tiedot: tuloj\u00e4nnite 12V DC AHD resoluutio 720p [...]\" \/>\n<meta property=\"og:url\" content=\"https:\/\/autodigi.ee\/fi\/product\/auton-etukamera-rca-pal-universaali-170-asteen-kuvakulmalla-vesitiivis-ip68-xtrons-cam001f-copy\/\" \/>\n<meta property=\"og:site_name\" content=\"Autodigi.ee\" \/>\n<meta property=\"article:publisher\" content=\"https:\/\/www.facebook.com\/AUTODIGI.ee\" \/>\n<meta property=\"article:modified_time\" content=\"2024-11-18T10:12:27+00:00\" \/>\n<meta property=\"og:image\" content=\"https:\/\/autodigi.ee\/wp-content\/uploads\/2022\/01\/cam001f-1.jpg\" \/>\n\t<meta property=\"og:image:width\" content=\"1600\" \/>\n\t<meta property=\"og:image:height\" content=\"1600\" \/>\n\t<meta property=\"og:image:type\" content=\"image\/jpeg\" \/>\n<meta name=\"twitter:card\" content=\"summary_large_image\" \/>\n<script type=\"application\/ld+json\" class=\"yoast-schema-graph\">{\"@context\":\"https:\/\/schema.org\",\"@graph\":[{\"@type\":\"WebPage\",\"@id\":\"https:\/\/autodigi.ee\/fi\/product\/auton-etukamera-rca-pal-universaali-170-asteen-kuvakulmalla-vesitiivis-ip68-xtrons-cam001f-copy\/\",\"url\":\"https:\/\/autodigi.ee\/fi\/product\/auton-etukamera-rca-pal-universaali-170-asteen-kuvakulmalla-vesitiivis-ip68-xtrons-cam001f-copy\/\",\"name\":\"Auton peruutuskamera RCA \/ AHD \/ CVBS universaali 140 asteen kuvakulmalla - Autodigi.ee\",\"isPartOf\":{\"@id\":\"https:\/\/autodigi.ee\/#website\"},\"primaryImageOfPage\":{\"@id\":\"https:\/\/autodigi.ee\/fi\/product\/auton-etukamera-rca-pal-universaali-170-asteen-kuvakulmalla-vesitiivis-ip68-xtrons-cam001f-copy\/#primaryimage\"},\"image\":{\"@id\":\"https:\/\/autodigi.ee\/fi\/product\/auton-etukamera-rca-pal-universaali-170-asteen-kuvakulmalla-vesitiivis-ip68-xtrons-cam001f-copy\/#primaryimage\"},\"thumbnailUrl\":\"https:\/\/autodigi.ee\/wp-content\/uploads\/2024\/11\/002-DVD-HS13_CVBS_AHD_reverse_camera_tagurduskaamera.png\",\"datePublished\":\"2024-11-18T10:07:48+00:00\",\"dateModified\":\"2024-11-18T10:12:27+00:00\",\"breadcrumb\":{\"@id\":\"https:\/\/autodigi.ee\/fi\/product\/auton-etukamera-rca-pal-universaali-170-asteen-kuvakulmalla-vesitiivis-ip68-xtrons-cam001f-copy\/#breadcrumb\"},\"inLanguage\":\"fi\",\"potentialAction\":[{\"@type\":\"ReadAction\",\"target\":[\"https:\/\/autodigi.ee\/fi\/product\/auton-etukamera-rca-pal-universaali-170-asteen-kuvakulmalla-vesitiivis-ip68-xtrons-cam001f-copy\/\"]}]},{\"@type\":\"ImageObject\",\"inLanguage\":\"fi\",\"@id\":\"https:\/\/autodigi.ee\/fi\/product\/auton-etukamera-rca-pal-universaali-170-asteen-kuvakulmalla-vesitiivis-ip68-xtrons-cam001f-copy\/#primaryimage\",\"url\":\"https:\/\/autodigi.ee\/wp-content\/uploads\/2024\/11\/002-DVD-HS13_CVBS_AHD_reverse_camera_tagurduskaamera.png\",\"contentUrl\":\"https:\/\/autodigi.ee\/wp-content\/uploads\/2024\/11\/002-DVD-HS13_CVBS_AHD_reverse_camera_tagurduskaamera.png\",\"width\":2288,\"height\":1858},{\"@type\":\"BreadcrumbList\",\"@id\":\"https:\/\/autodigi.ee\/fi\/product\/auton-etukamera-rca-pal-universaali-170-asteen-kuvakulmalla-vesitiivis-ip68-xtrons-cam001f-copy\/#breadcrumb\",\"itemListElement\":[{\"@type\":\"ListItem\",\"position\":1,\"name\":\"Home\",\"item\":\"https:\/\/autodigi.ee\/\"},{\"@type\":\"ListItem\",\"position\":2,\"name\":\"Verkkokauppa\",\"item\":\"https:\/\/autodigi.ee\/pood\/\"},{\"@type\":\"ListItem\",\"position\":3,\"name\":\"Auton peruutuskamera RCA \/ AHD \/ CVBS universaali 140 asteen kuvakulmalla\"}]},{\"@type\":\"WebSite\",\"@id\":\"https:\/\/autodigi.ee\/#website\",\"url\":\"https:\/\/autodigi.ee\/\",\"name\":\"Autodigi.ee\",\"description\":\"Android multimeedia raadiod ja lisaekraanid autosse. Carplay ja Android Auto.\",\"publisher\":{\"@id\":\"https:\/\/autodigi.ee\/#organization\"},\"potentialAction\":[{\"@type\":\"SearchAction\",\"target\":{\"@type\":\"EntryPoint\",\"urlTemplate\":\"https:\/\/autodigi.ee\/?s={search_term_string}\"},\"query-input\":{\"@type\":\"PropertyValueSpecification\",\"valueRequired\":true,\"valueName\":\"search_term_string\"}}],\"inLanguage\":\"fi\"},{\"@type\":\"Organization\",\"@id\":\"https:\/\/autodigi.ee\/#organization\",\"name\":\"Autodigi O\u00dc\",\"url\":\"https:\/\/autodigi.ee\/\",\"logo\":{\"@type\":\"ImageObject\",\"inLanguage\":\"fi\",\"@id\":\"https:\/\/autodigi.ee\/#\/schema\/logo\/image\/\",\"url\":\"https:\/\/autodigi.ee\/wp-content\/uploads\/2022\/02\/Original_png-1.png\",\"contentUrl\":\"https:\/\/autodigi.ee\/wp-content\/uploads\/2022\/02\/Original_png-1.png\",\"width\":4096,\"height\":3692,\"caption\":\"Autodigi O\u00dc\"},\"image\":{\"@id\":\"https:\/\/autodigi.ee\/#\/schema\/logo\/image\/\"},\"sameAs\":[\"https:\/\/www.facebook.com\/AUTODIGI.ee\",\"https:\/\/www.instagram.com\/autodigi.ee\/\"]}]}<\/script>\n<!-- \/ Yoast SEO plugin. -->","yoast_head_json":{"title":"Auton peruutuskamera RCA \/ AHD \/ CVBS universaali 140 asteen kuvakulmalla - Autodigi.ee","robots":{"index":"index","follow":"follow","max-snippet":"max-snippet:-1","max-image-preview":"max-image-preview:large","max-video-preview":"max-video-preview:-1"},"canonical":"https:\/\/autodigi.ee\/fi\/product\/auton-etukamera-rca-pal-universaali-170-asteen-kuvakulmalla-vesitiivis-ip68-xtrons-cam001f-copy\/","og_locale":"fi_FI","og_type":"article","og_title":"Auton peruutuskamera RCA \/ AHD \/ CVBS universaali 140 asteen kuvakulmalla - Autodigi.ee","og_description":"HS13 peruutuskamera sopii erinomaisesti asennettavaksi auton tavaratilan kanteen rekisterikilven valon paikalle (tai viereen). Kamerassa on AHD 720p -resoluutio ja laaja kuvakulma jopa 140\u00b0. Korkealaatuinen alumiinikotelo, joka kest\u00e4\u00e4 iskuja ja s\u00e4\u00e4olosuhteita. Setti sis\u00e4lt\u00e4\u00e4: &#8211; kamera (kaapeli noin 50 cm) \u2013 signaali- ja virtajohto 6m \u2013 kiinnitysruuvit ja aluslevyt Tekniset tiedot: tuloj\u00e4nnite 12V DC AHD resoluutio 720p [...]","og_url":"https:\/\/autodigi.ee\/fi\/product\/auton-etukamera-rca-pal-universaali-170-asteen-kuvakulmalla-vesitiivis-ip68-xtrons-cam001f-copy\/","og_site_name":"Autodigi.ee","article_publisher":"https:\/\/www.facebook.com\/AUTODIGI.ee","article_modified_time":"2024-11-18T10:12:27+00:00","og_image":[{"width":1600,"height":1600,"url":"https:\/\/autodigi.ee\/wp-content\/uploads\/2022\/01\/cam001f-1.jpg","type":"image\/jpeg"}],"twitter_card":"summary_large_image","schema":{"@context":"https:\/\/schema.org","@graph":[{"@type":"WebPage","@id":"https:\/\/autodigi.ee\/fi\/product\/auton-etukamera-rca-pal-universaali-170-asteen-kuvakulmalla-vesitiivis-ip68-xtrons-cam001f-copy\/","url":"https:\/\/autodigi.ee\/fi\/product\/auton-etukamera-rca-pal-universaali-170-asteen-kuvakulmalla-vesitiivis-ip68-xtrons-cam001f-copy\/","name":"Auton peruutuskamera RCA \/ AHD \/ CVBS universaali 140 asteen kuvakulmalla - Autodigi.ee","isPartOf":{"@id":"https:\/\/autodigi.ee\/#website"},"primaryImageOfPage":{"@id":"https:\/\/autodigi.ee\/fi\/product\/auton-etukamera-rca-pal-universaali-170-asteen-kuvakulmalla-vesitiivis-ip68-xtrons-cam001f-copy\/#primaryimage"},"image":{"@id":"https:\/\/autodigi.ee\/fi\/product\/auton-etukamera-rca-pal-universaali-170-asteen-kuvakulmalla-vesitiivis-ip68-xtrons-cam001f-copy\/#primaryimage"},"thumbnailUrl":"https:\/\/autodigi.ee\/wp-content\/uploads\/2024\/11\/002-DVD-HS13_CVBS_AHD_reverse_camera_tagurduskaamera.png","datePublished":"2024-11-18T10:07:48+00:00","dateModified":"2024-11-18T10:12:27+00:00","breadcrumb":{"@id":"https:\/\/autodigi.ee\/fi\/product\/auton-etukamera-rca-pal-universaali-170-asteen-kuvakulmalla-vesitiivis-ip68-xtrons-cam001f-copy\/#breadcrumb"},"inLanguage":"fi","potentialAction":[{"@type":"ReadAction","target":["https:\/\/autodigi.ee\/fi\/product\/auton-etukamera-rca-pal-universaali-170-asteen-kuvakulmalla-vesitiivis-ip68-xtrons-cam001f-copy\/"]}]},{"@type":"ImageObject","inLanguage":"fi","@id":"https:\/\/autodigi.ee\/fi\/product\/auton-etukamera-rca-pal-universaali-170-asteen-kuvakulmalla-vesitiivis-ip68-xtrons-cam001f-copy\/#primaryimage","url":"https:\/\/autodigi.ee\/wp-content\/uploads\/2024\/11\/002-DVD-HS13_CVBS_AHD_reverse_camera_tagurduskaamera.png","contentUrl":"https:\/\/autodigi.ee\/wp-content\/uploads\/2024\/11\/002-DVD-HS13_CVBS_AHD_reverse_camera_tagurduskaamera.png","width":2288,"height":1858},{"@type":"BreadcrumbList","@id":"https:\/\/autodigi.ee\/fi\/product\/auton-etukamera-rca-pal-universaali-170-asteen-kuvakulmalla-vesitiivis-ip68-xtrons-cam001f-copy\/#breadcrumb","itemListElement":[{"@type":"ListItem","position":1,"name":"Home","item":"https:\/\/autodigi.ee\/"},{"@type":"ListItem","position":2,"name":"Verkkokauppa","item":"https:\/\/autodigi.ee\/pood\/"},{"@type":"ListItem","position":3,"name":"Auton peruutuskamera RCA \/ AHD \/ CVBS universaali 140 asteen kuvakulmalla"}]},{"@type":"WebSite","@id":"https:\/\/autodigi.ee\/#website","url":"https:\/\/autodigi.ee\/","name":"Autodigi.ee","description":"Android multimeedia raadiod ja lisaekraanid autosse. Carplay ja Android Auto.","publisher":{"@id":"https:\/\/autodigi.ee\/#organization"},"potentialAction":[{"@type":"SearchAction","target":{"@type":"EntryPoint","urlTemplate":"https:\/\/autodigi.ee\/?s={search_term_string}"},"query-input":{"@type":"PropertyValueSpecification","valueRequired":true,"valueName":"search_term_string"}}],"inLanguage":"fi"},{"@type":"Organization","@id":"https:\/\/autodigi.ee\/#organization","name":"Autodigi O\u00dc","url":"https:\/\/autodigi.ee\/","logo":{"@type":"ImageObject","inLanguage":"fi","@id":"https:\/\/autodigi.ee\/#\/schema\/logo\/image\/","url":"https:\/\/autodigi.ee\/wp-content\/uploads\/2022\/02\/Original_png-1.png","contentUrl":"https:\/\/autodigi.ee\/wp-content\/uploads\/2022\/02\/Original_png-1.png","width":4096,"height":3692,"caption":"Autodigi O\u00dc"},"image":{"@id":"https:\/\/autodigi.ee\/#\/schema\/logo\/image\/"},"sameAs":["https:\/\/www.facebook.com\/AUTODIGI.ee","https:\/\/www.instagram.com\/autodigi.ee\/"]}]}},"_links":{"self":[{"href":"https:\/\/autodigi.ee\/fi\/wp-json\/wp\/v2\/product\/84184","targetHints":{"allow":["GET"]}}],"collection":[{"href":"https:\/\/autodigi.ee\/fi\/wp-json\/wp\/v2\/product"}],"about":[{"href":"https:\/\/autodigi.ee\/fi\/wp-json\/wp\/v2\/types\/product"}],"wp:featuredmedia":[{"embeddable":true,"href":"https:\/\/autodigi.ee\/fi\/wp-json\/wp\/v2\/media\/84180"}],"wp:attachment":[{"href":"https:\/\/autodigi.ee\/fi\/wp-json\/wp\/v2\/media?parent=84184"}],"wp:term":[{"taxonomy":"product_brand","embeddable":true,"href":"https:\/\/autodigi.ee\/fi\/wp-json\/wp\/v2\/product_brand?post=84184"},{"taxonomy":"product_cat","embeddable":true,"href":"https:\/\/autodigi.ee\/fi\/wp-json\/wp\/v2\/product_cat?post=84184"},{"taxonomy":"product_tag","embeddable":true,"href":"https:\/\/autodigi.ee\/fi\/wp-json\/wp\/v2\/product_tag?post=84184"}],"curies":[{"name":"wp","href":"https:\/\/api.w.org\/{rel}","templated":true}]}}