{"id":83684,"date":"2024-07-10T18:05:21","date_gmt":"2024-07-10T16:05:21","guid":{"rendered":"https:\/\/autodigi.ee\/product\/nissan-qashqai-j10-2006-2007-2008-2013-android-12-auto-gps-multimedia-nayttosoitin-9-tuuman-kosketusnaytto-automedia-wts-9900\/"},"modified":"2024-07-10T18:05:21","modified_gmt":"2024-07-10T16:05:21","slug":"nissan-qashqai-j10-2006-2007-2008-2013-android-12-auto-gps-multimedia-nayttosoitin-9-tuuman-kosketusnaytto-automedia-wts-9900","status":"publish","type":"product","link":"https:\/\/autodigi.ee\/fi\/product\/nissan-qashqai-j10-2006-2007-2008-2013-android-12-auto-gps-multimedia-nayttosoitin-9-tuuman-kosketusnaytto-automedia-wts-9900\/","title":{"rendered":"Nissan Qashqai J10 2006 2007 2008-2013 | Android 12 auto GPS multimedia n\u00e4ytt\u00f6soitin | 9&#8243; tuuman kosketusn\u00e4ytt\u00f6 | Automedia WTS-9900"},"content":{"rendered":"<div id=\"detail_decorate_root\" data-host=\"337221161\" data-magic-global=\"%7B%22bizId%22%3A2568217627%2C%22pageId%22%3A21309431177%2C%22siteId%22%3A10003084034%7D\" data-id=\"detail_decorate_root\">\n<div class=\"J_module\">\n<div id=\"ali-anchor-AliMagic-0gapp8\" class=\"magic-0\" data-section=\"AliMagic-0gapp8\" data-section-title=\"Products Description\"><\/div>\n<\/div>\n<div class=\"J_module\">\n<div class=\"icbu-pc-images magic-1\">\n<div>\n<div class=\"flex-layout-v\">\n<div class=\"flex-layout-h magic-1\">\n<div class=\"magic-2\"><img decoding=\"async\" class=\"magic-3\" src=\"\/\/sc04.alicdn.com\/kf\/H47ee52b887e5421885fa0f338063128cI\/224874211\/H47ee52b887e5421885fa0f338063128cI.jpg\" data-id=\"child-image-0\" \/><\/div>\n<\/div>\n<\/div>\n<\/div>\n<\/div>\n<\/div>\n<div class=\"J_module\">\n<div class=\"detail-decorate-json-renderer-container\">\n<div class=\"magic-4\">\n<div class=\"magic-5\">\n<div class=\"magic-6\">\n<div class=\"magic-7\">\n<div>\n<div><\/div>\n<div>\n<p><span class=\"magic-8\">Nissan Qashqai 2006 2007 2008 2009 2010 2011 2012 2013\u00a0<\/span><\/p>\n<p>&#8211; Android 12 &amp; Apple Carplay \/ Android Auto ;<br \/>\n&#8211; IPS HD 1280*720P<br \/>\n&#8211; Octa Core 1.6GHZ + DDR3 (2GB\/4GB\/6GB) RAM + (32GB\/64GB\/128GB) ROM<\/p>\n<p>&nbsp;<\/p>\n<\/div>\n<\/div>\n<\/div>\n<\/div>\n<\/div>\n<\/div>\n<\/div>\n<\/div>\n<div class=\"J_module\">\n<div class=\"icbu-pc-detailManyImage magic-9\" data-module-name=\"icbu-pc-detailManyImage\">\n<div class=\"magic-10\"><img decoding=\"async\" class=\"magic-11\" src=\"\/\/sc04.alicdn.com\/kf\/Hba5720c7434d4af1831b16fe901087d4x\/224874211\/Hba5720c7434d4af1831b16fe901087d4x.jpg\" \/><\/div>\n<div class=\"magic-10\"><img decoding=\"async\" class=\"magic-11\" src=\"\/\/sc04.alicdn.com\/kf\/H561494e2b61e4d0fa61aeda95aef3ac0J\/224874211\/H561494e2b61e4d0fa61aeda95aef3ac0J.jpg\" \/><\/div>\n<div class=\"magic-10\"><img decoding=\"async\" class=\"magic-11\" src=\"\/\/sc04.alicdn.com\/kf\/H274a724172c04ab392256c899b411066v\/224874211\/H274a724172c04ab392256c899b411066v.jpg\" \/><\/div>\n<div class=\"magic-10\"><\/div>\n<div class=\"magic-10\"><\/div>\n<div class=\"magic-10\"><img decoding=\"async\" class=\"magic-11\" src=\"\/\/sc04.alicdn.com\/kf\/H6a99baaeedb74a8eb310c0408ac464c98\/224874211\/H6a99baaeedb74a8eb310c0408ac464c98.jpg\" \/><\/div>\n<div class=\"magic-10\"><img decoding=\"async\" class=\"magic-11\" src=\"\/\/sc04.alicdn.com\/kf\/Hf7b824cf3fc8433199ec4768f27dad12x\/224874211\/Hf7b824cf3fc8433199ec4768f27dad12x.jpg\" \/><\/div>\n<div class=\"magic-10\"><\/div>\n<div class=\"magic-10\"><img decoding=\"async\" class=\"magic-11\" src=\"\/\/sc04.alicdn.com\/kf\/H30cce105c0994aa6acfe33c3aa9e6a6aR\/224874211\/H30cce105c0994aa6acfe33c3aa9e6a6aR.jpg\" \/><\/div>\n<div class=\"magic-10\"><\/div>\n<\/div>\n<\/div>\n<div class=\"J_module\">\n<div class=\"detail-decorate-json-renderer-container\">\n<div class=\"magic-4\">\n<div class=\"magic-5\">\n<div class=\"magic-6\">\n<div class=\"magic-7\">\n<p><span class=\"magic-8\">The Junsun radio supports Wireless CarPlay and Android Auto, allowing you to use smartphone functions and applications such as navigation, music, calls, and messaging during your journey. It provides a high-quality audio experience, enhancing the entertainment and convenience of your driving experience.<\/span><\/p>\n<p>PS:V1 C\/V1 Pro C\/V1 Plus version are supported.<\/p>\n<\/div>\n<\/div>\n<\/div>\n<\/div>\n<\/div>\n<\/div>\n<div class=\"J_module\">\n<div class=\"icbu-pc-images magic-1\">\n<div>\n<div class=\"flex-layout-v\">\n<div class=\"flex-layout-h magic-1\">\n<div class=\"magic-12\"><img decoding=\"async\" class=\"magic-13\" src=\"\/\/sc04.alicdn.com\/kf\/H11d3cd6ba49f47589a6099d93ceb0a37d\/224874211\/H11d3cd6ba49f47589a6099d93ceb0a37d.jpg\" data-id=\"child-image-0\" \/><\/div>\n<\/div>\n<\/div>\n<\/div>\n<\/div>\n<\/div>\n<div class=\"J_module\">\n<div class=\"detail-decorate-json-renderer-container\">\n<div class=\"magic-4\">\n<div class=\"magic-5\">\n<div class=\"magic-6\">\n<div class=\"magic-7\"><\/div>\n<\/div>\n<\/div>\n<\/div>\n<\/div>\n<\/div>\n<div class=\"J_module\">\n<div class=\"icbu-pc-images magic-1\">\n<div class=\"flex-layout-v\">\n<div class=\"flex-layout-h magic-1\">\n<div class=\"magic-14\"><\/div>\n<\/div>\n<\/div>\n<\/div>\n<\/div>\n<div class=\"J_module\">\n<div class=\"icbu-pc-images magic-1\">\n<div>\n<div class=\"flex-layout-v\">\n<div class=\"flex-layout-h magic-1\">\n<div class=\"magic-16\"><img decoding=\"async\" class=\"magic-17\" src=\"\/\/sc04.alicdn.com\/kf\/H3c2547bac49948dfb7e972df1cc7dceen\/224874211\/H3c2547bac49948dfb7e972df1cc7dceen.jpg\" data-id=\"child-image-0\" \/><\/div>\n<\/div>\n<\/div>\n<\/div>\n<\/div>\n<\/div>\n<div class=\"J_module\">\n<div class=\"icbu-pc-images magic-1\">\n<div>\n<div class=\"flex-layout-v\">\n<div class=\"flex-layout-h magic-1\">\n<div class=\"magic-18\"><img decoding=\"async\" class=\"magic-19\" src=\"\/\/sc04.alicdn.com\/kf\/He4dfa484b7f54972bce4afe0a35a0fc5H\/224874211\/He4dfa484b7f54972bce4afe0a35a0fc5H.jpg\" data-id=\"child-image-0\" \/><\/div>\n<\/div>\n<\/div>\n<\/div>\n<\/div>\n<\/div>\n<div class=\"J_module\">\n<div class=\"icbu-pc-images magic-1\">\n<div class=\"flex-layout-v\">\n<div class=\"flex-layout-h magic-1\">\n<div class=\"magic-20\"><\/div>\n<\/div>\n<\/div>\n<\/div>\n<\/div>\n<div class=\"J_module\"><\/div>\n<div class=\"J_module\"><\/div>\n<div class=\"J_module\">\n<div class=\"icbu-pc-images magic-1\">\n<div class=\"flex-layout-v\">\n<div class=\"flex-layout-h magic-1\">\n<div class=\"magic-24\"><\/div>\n<\/div>\n<\/div>\n<\/div>\n<\/div>\n<div class=\"J_module\">\n<div class=\"icbu-pc-images magic-1\">\n<div>\n<div class=\"flex-layout-v\">\n<div class=\"flex-layout-h magic-1\">\n<div class=\"magic-26\"><img decoding=\"async\" class=\"magic-27\" src=\"\/\/sc04.alicdn.com\/kf\/H5f6e2a990da3423baa96e379f863fd02c\/224874211\/H5f6e2a990da3423baa96e379f863fd02c.jpg\" data-id=\"child-image-0\" \/><\/div>\n<\/div>\n<\/div>\n<\/div>\n<\/div>\n<\/div>\n<div class=\"J_module\">\n<div class=\"icbu-pc-images magic-1\">\n<div>\n<div class=\"flex-layout-v\">\n<div class=\"flex-layout-h magic-1\">\n<div class=\"magic-28\"><img decoding=\"async\" class=\"magic-29\" src=\"\/\/sc04.alicdn.com\/kf\/H1bbeaf17bd7f415f9ab4e8aba70213979\/224874211\/H1bbeaf17bd7f415f9ab4e8aba70213979.jpg\" data-id=\"child-image-0\" \/><\/div>\n<\/div>\n<\/div>\n<\/div>\n<\/div>\n<\/div>\n<div class=\"J_module\">\n<div class=\"icbu-pc-images magic-1\">\n<div class=\"flex-layout-v\">\n<div class=\"flex-layout-h magic-1\">\n<div class=\"magic-30\"><\/div>\n<\/div>\n<\/div>\n<\/div>\n<\/div>\n<div class=\"J_module\">\n<div class=\"icbu-pc-images magic-1\">\n<div>\n<div class=\"flex-layout-v\">\n<div class=\"flex-layout-h magic-1\">\n<div class=\"magic-32\"><img decoding=\"async\" class=\"magic-33\" src=\"\/\/sc04.alicdn.com\/kf\/H9fdcea4f55744c8885aebcb2338a7232F\/224874211\/H9fdcea4f55744c8885aebcb2338a7232F.jpg\" data-id=\"child-image-0\" \/><\/div>\n<\/div>\n<\/div>\n<\/div>\n<\/div>\n<\/div>\n<div class=\"J_module\">\n<div class=\"detail-decorate-json-renderer-container\">\n<div class=\"magic-4\">\n<div class=\"magic-5\">\n<div class=\"magic-6\">\n<div class=\"magic-7\"><span class=\"magic-8\">Enjoy superior multitasking, easy-to-navigate interface, enhanced visuals, adjustable settings and touch-sensitive controls. e.g.navigation for the main driver, playing video for the passenger, or one side listening to music and other side turning on ADAS dvr functions etc<\/span><\/div>\n<\/div>\n<\/div>\n<\/div>\n<\/div>\n<\/div>\n<div class=\"J_module\">\n<div class=\"icbu-pc-images magic-1\">\n<div>\n<div class=\"flex-layout-v\">\n<div class=\"flex-layout-h magic-1\">\n<div class=\"magic-34\"><img decoding=\"async\" class=\"magic-35\" src=\"\/\/sc04.alicdn.com\/kf\/Hd88ad0f36abd47968cc946335a8df020c\/224874211\/Hd88ad0f36abd47968cc946335a8df020c.jpg\" data-id=\"child-image-0\" \/><\/div>\n<\/div>\n<\/div>\n<\/div>\n<\/div>\n<\/div>\n<div class=\"J_module\">\n<div class=\"icbu-pc-images magic-1\">\n<div>\n<div class=\"flex-layout-v\">\n<div class=\"flex-layout-h magic-1\">\n<div class=\"magic-36\"><img decoding=\"async\" class=\"magic-37\" src=\"\/\/sc04.alicdn.com\/kf\/He373c827e2064c74b0ad1c88e5ffe121e\/224874211\/He373c827e2064c74b0ad1c88e5ffe121e.jpg\" data-id=\"child-image-0\" \/><\/div>\n<\/div>\n<\/div>\n<\/div>\n<\/div>\n<\/div>\n<div class=\"J_module\">\n<div class=\"detail-decorate-json-renderer-container\">\n<div class=\"magic-4\">\n<div class=\"magic-5\">\n<div class=\"magic-6\">\n<div class=\"magic-7\"><img decoding=\"async\" class=\"magic-39\" src=\"\/\/sc04.alicdn.com\/kf\/H8f7591874bda42388e34eee0555dc83bt\/224874211\/H8f7591874bda42388e34eee0555dc83bt.jpg\" data-id=\"child-image-0\" \/><\/div>\n<\/div>\n<\/div>\n<\/div>\n<\/div>\n<\/div>\n<div class=\"J_module\"><\/div>\n<div class=\"J_module\">\n<div class=\"icbu-pc-images magic-1\">\n<div class=\"flex-layout-v\">\n<div class=\"flex-layout-h magic-1\">\n<div class=\"magic-40\"><\/div>\n<\/div>\n<\/div>\n<\/div>\n<\/div>\n<div class=\"J_module\">\n<div class=\"icbu-pc-images magic-1\">\n<div class=\"flex-layout-v\">\n<div class=\"flex-layout-h magic-1\">\n<div class=\"magic-42\"><\/div>\n<\/div>\n<\/div>\n<\/div>\n<\/div>\n<div class=\"J_module\">\n<div class=\"icbu-pc-images magic-1\">\n<div class=\"flex-layout-v\">\n<div class=\"flex-layout-h magic-1\">\n<div class=\"magic-44\"><\/div>\n<\/div>\n<\/div>\n<\/div>\n<\/div>\n<div class=\"J_module\"><\/div>\n<div class=\"J_module\"><\/div>\n<div class=\"J_module\"><\/div>\n<\/div>\n<h3>Lisavarusteet soittimeen*<\/h3>\n<p><strong>*Lisavarusteet ei kuulu toimituspakkaukseen ja on tilattavaa erikseen<\/strong><\/p>\n<div><strong>USB ajotalletin kamera<\/strong>\u00a0\u2013 (Black Box). Autokamera tallentaa tapahtumat ajon aikana ja tekee poikkeustilanteiden selvitt\u00e4misest\u00e4 helpompaa. Kamera aloittaa tallentamisen automaattisesti auton k\u00e4ynnistyess\u00e4 ja lopettaa kuvaamisen auton pys\u00e4htyess\u00e4.<\/div>\n<h4><strong>\u00a0<\/strong><\/h4>\n<p><a title=\"Autokamera tallentaa tapahtumat ajon aikana\" href=\"https:\/\/www.automeedia.ee\/fi\/c\/ajotalletin-kamerat\"><img decoding=\"async\" src=\"https:\/\/autodigi.ee\/media\/automeedia-1\/product\/multimeedia_lisad\/31_DVR_Xtrons_USB_pardakaamera_ajotalletin_kamera_videoregistraator-min.jpg\" alt=\"XTRONS IE72MTAG XTRONS IE72MTAG USB ajotalletin kamera black box\" width=\"100%\" height=\"auto\" \/><\/a><\/p>\n<h3>OBD II diagnostiikkaty\u00f6kalu, geneerinen adapteri<\/h3>\n<div>\n<p>Kytkee autosoitin (tai joku android mobiililate) auton OBDII adapteriin ja tuo auton diagnostiikkatietoja soittimen n\u00e4yt\u00f6lle.<\/p>\n<\/div>\n<p>&nbsp;<\/p>\n<p><a title=\" OBD II diagnostiikkaty\u00f6kalu geneerinen adapteri\" href=\"https:\/\/www.automeedia.ee\/fi\/c\/obd-ii-lukijat\"><img decoding=\"async\" src=\"https:\/\/autodigi.ee\/media\/automeedia-1\/product\/multimeedia_lisad\/33_ELM327_diagnostika_adapter_obd_scanner_vikakoodijen_lukija_veakoodide_lugeja-min.jpg\" alt=\"XTRONS IE72MTAG XTRONS IE72MTAG OBD II bluetooth ja wifi adapterid androidile ja iPonele\" width=\"100%\" height=\"auto\" \/><\/a><\/p>\n<h3>Peruutuskamera soittimeen<\/h3>\n<div>\n<p>Kaikki PAL\/NTSC signaalin, RCA (composite video) liittimella kamerat ovat yhteensopiivia.<\/p>\n<\/div>\n<p>&nbsp;<\/p>\n<p><a title=\"Peruutuskamera soittimeen\" href=\"https:\/\/www.automeedia.ee\/fi\/c\/peruutuskamerat\"><img decoding=\"async\" src=\"https:\/\/autodigi.ee\/media\/automeedia-1\/product\/multimeedia_lisad\/34_tagurdus_Xtrons_parkimiskaamera_reverse_backup_camera_peruutuskamera-min.jpg\" alt=\"XTRONS IE72MTAG XTRONS IE72MTAG Peruutuskamera soittimeen\" width=\"100%\" height=\"auto\" \/><\/a><\/p>\n<p>&nbsp;<\/p>\n<h3>Kytkent\u00e4kaavio<\/h3>\n<div>\n<h4><\/h4>\n<p>Mik\u00e4li et ole varmaa soittimen sopivuudesta autollesi, niin pyyd\u00e4mme sinut l\u00e4hett\u00e4m\u00e4\u00e4n valokuva autosi tehdas-soittimesta yrityksemme s\u00e4k\u00f6postille: <strong>info(@)autodigi.ee<\/strong><\/p>\n<\/div>\n","protected":false},"excerpt":{"rendered":"<p>Nissan Qashqai 2006 2007 2008 2009 2010 2011 2012 2013\u00a0 &#8211; Android 12 &amp; Apple Carplay \/ Android Auto ; &#8211; IPS HD 1280*720P &#8211; Octa Core 1.6GHZ + DDR3 (2GB\/4GB\/6GB) RAM + (32GB\/64GB\/128GB) ROM &nbsp; The Junsun radio supports Wireless CarPlay and Android Auto, allowing you to use smartphone functions and applications such as [&#8230;]\n","protected":false},"featured_media":83635,"template":"","meta":[],"product_brand":[],"product_cat":[3927,3937,3939],"product_tag":[5033,5999],"class_list":{"0":"post-83684","1":"product","2":"type-product","3":"status-publish","4":"has-post-thumbnail","6":"product_cat-nissan-fi","7":"product_cat-qashqai-fi","8":"product_cat-qashqai-2008-2013-fi","9":"product_tag-nissan-fi","10":"product_tag-qashqai-fi","12":"first","13":"instock","14":"purchasable","15":"product-type-variable"},"yoast_head":"<!-- This site is optimized with the Yoast SEO plugin v25.9 - https:\/\/yoast.com\/wordpress\/plugins\/seo\/ -->\n<title>Nissan Qashqai J10 2006 2007 2008-2013 | Android 12 auto GPS multimedia n\u00e4ytt\u00f6soitin | 9&quot; tuuman kosketusn\u00e4ytt\u00f6 | Automedia WTS-9900 - Autodigi.ee<\/title>\n<meta name=\"robots\" content=\"index, follow, max-snippet:-1, max-image-preview:large, max-video-preview:-1\" \/>\n<link rel=\"canonical\" href=\"https:\/\/autodigi.ee\/fi\/product\/nissan-qashqai-j10-2006-2007-2008-2013-android-12-auto-gps-multimedia-nayttosoitin-9-tuuman-kosketusnaytto-automedia-wts-9900\/\" \/>\n<meta property=\"og:locale\" content=\"fi_FI\" \/>\n<meta property=\"og:type\" content=\"article\" \/>\n<meta property=\"og:title\" content=\"Nissan Qashqai J10 2006 2007 2008-2013 | Android 12 auto GPS multimedia n\u00e4ytt\u00f6soitin | 9&quot; tuuman kosketusn\u00e4ytt\u00f6 | Automedia WTS-9900 - Autodigi.ee\" \/>\n<meta property=\"og:description\" content=\"Nissan Qashqai 2006 2007 2008 2009 2010 2011 2012 2013\u00a0 &#8211; Android 12 &amp; Apple Carplay \/ Android Auto ; &#8211; IPS HD 1280*720P &#8211; Octa Core 1.6GHZ + DDR3 (2GB\/4GB\/6GB) RAM + (32GB\/64GB\/128GB) ROM &nbsp; The Junsun radio supports Wireless CarPlay and Android Auto, allowing you to use smartphone functions and applications such as [...]\" \/>\n<meta property=\"og:url\" content=\"https:\/\/autodigi.ee\/fi\/product\/nissan-qashqai-j10-2006-2007-2008-2013-android-12-auto-gps-multimedia-nayttosoitin-9-tuuman-kosketusnaytto-automedia-wts-9900\/\" \/>\n<meta property=\"og:site_name\" content=\"Autodigi.ee\" \/>\n<meta property=\"article:publisher\" content=\"https:\/\/www.facebook.com\/AUTODIGI.ee\" \/>\n<meta property=\"og:image\" content=\"https:\/\/autodigi.ee\/wp-content\/uploads\/2024\/07\/UI1.jpg\" \/>\n\t<meta property=\"og:image:width\" content=\"800\" \/>\n\t<meta property=\"og:image:height\" content=\"600\" \/>\n\t<meta property=\"og:image:type\" content=\"image\/jpeg\" \/>\n<meta name=\"twitter:card\" content=\"summary_large_image\" \/>\n<meta name=\"twitter:label1\" content=\"Arvioitu lukuaika\" \/>\n\t<meta name=\"twitter:data1\" content=\"1 minuutti\" \/>\n<script type=\"application\/ld+json\" class=\"yoast-schema-graph\">{\"@context\":\"https:\/\/schema.org\",\"@graph\":[{\"@type\":\"WebPage\",\"@id\":\"https:\/\/autodigi.ee\/fi\/product\/nissan-qashqai-j10-2006-2007-2008-2013-android-12-auto-gps-multimedia-nayttosoitin-9-tuuman-kosketusnaytto-automedia-wts-9900\/\",\"url\":\"https:\/\/autodigi.ee\/fi\/product\/nissan-qashqai-j10-2006-2007-2008-2013-android-12-auto-gps-multimedia-nayttosoitin-9-tuuman-kosketusnaytto-automedia-wts-9900\/\",\"name\":\"Nissan Qashqai J10 2006 2007 2008-2013 | Android 12 auto GPS multimedia n\u00e4ytt\u00f6soitin | 9\\\" tuuman kosketusn\u00e4ytt\u00f6 | Automedia WTS-9900 - Autodigi.ee\",\"isPartOf\":{\"@id\":\"https:\/\/autodigi.ee\/#website\"},\"primaryImageOfPage\":{\"@id\":\"https:\/\/autodigi.ee\/fi\/product\/nissan-qashqai-j10-2006-2007-2008-2013-android-12-auto-gps-multimedia-nayttosoitin-9-tuuman-kosketusnaytto-automedia-wts-9900\/#primaryimage\"},\"image\":{\"@id\":\"https:\/\/autodigi.ee\/fi\/product\/nissan-qashqai-j10-2006-2007-2008-2013-android-12-auto-gps-multimedia-nayttosoitin-9-tuuman-kosketusnaytto-automedia-wts-9900\/#primaryimage\"},\"thumbnailUrl\":\"https:\/\/autodigi.ee\/wp-content\/uploads\/2024\/07\/UI1.jpg\",\"datePublished\":\"2024-07-10T16:05:21+00:00\",\"breadcrumb\":{\"@id\":\"https:\/\/autodigi.ee\/fi\/product\/nissan-qashqai-j10-2006-2007-2008-2013-android-12-auto-gps-multimedia-nayttosoitin-9-tuuman-kosketusnaytto-automedia-wts-9900\/#breadcrumb\"},\"inLanguage\":\"fi\",\"potentialAction\":[{\"@type\":\"ReadAction\",\"target\":[\"https:\/\/autodigi.ee\/fi\/product\/nissan-qashqai-j10-2006-2007-2008-2013-android-12-auto-gps-multimedia-nayttosoitin-9-tuuman-kosketusnaytto-automedia-wts-9900\/\"]}]},{\"@type\":\"ImageObject\",\"inLanguage\":\"fi\",\"@id\":\"https:\/\/autodigi.ee\/fi\/product\/nissan-qashqai-j10-2006-2007-2008-2013-android-12-auto-gps-multimedia-nayttosoitin-9-tuuman-kosketusnaytto-automedia-wts-9900\/#primaryimage\",\"url\":\"https:\/\/autodigi.ee\/wp-content\/uploads\/2024\/07\/UI1.jpg\",\"contentUrl\":\"https:\/\/autodigi.ee\/wp-content\/uploads\/2024\/07\/UI1.jpg\",\"width\":800,\"height\":600},{\"@type\":\"BreadcrumbList\",\"@id\":\"https:\/\/autodigi.ee\/fi\/product\/nissan-qashqai-j10-2006-2007-2008-2013-android-12-auto-gps-multimedia-nayttosoitin-9-tuuman-kosketusnaytto-automedia-wts-9900\/#breadcrumb\",\"itemListElement\":[{\"@type\":\"ListItem\",\"position\":1,\"name\":\"Home\",\"item\":\"https:\/\/autodigi.ee\/\"},{\"@type\":\"ListItem\",\"position\":2,\"name\":\"Verkkokauppa\",\"item\":\"https:\/\/autodigi.ee\/pood\/\"},{\"@type\":\"ListItem\",\"position\":3,\"name\":\"Nissan Qashqai J10 2006 2007 2008-2013 | Android 12 auto GPS multimedia n\u00e4ytt\u00f6soitin | 9&#8243; tuuman kosketusn\u00e4ytt\u00f6 | Automedia WTS-9900\"}]},{\"@type\":\"WebSite\",\"@id\":\"https:\/\/autodigi.ee\/#website\",\"url\":\"https:\/\/autodigi.ee\/\",\"name\":\"Autodigi.ee\",\"description\":\"Android multimeedia raadiod ja lisaekraanid autosse. Carplay ja Android Auto.\",\"publisher\":{\"@id\":\"https:\/\/autodigi.ee\/#organization\"},\"potentialAction\":[{\"@type\":\"SearchAction\",\"target\":{\"@type\":\"EntryPoint\",\"urlTemplate\":\"https:\/\/autodigi.ee\/?s={search_term_string}\"},\"query-input\":{\"@type\":\"PropertyValueSpecification\",\"valueRequired\":true,\"valueName\":\"search_term_string\"}}],\"inLanguage\":\"fi\"},{\"@type\":\"Organization\",\"@id\":\"https:\/\/autodigi.ee\/#organization\",\"name\":\"Autodigi O\u00dc\",\"url\":\"https:\/\/autodigi.ee\/\",\"logo\":{\"@type\":\"ImageObject\",\"inLanguage\":\"fi\",\"@id\":\"https:\/\/autodigi.ee\/#\/schema\/logo\/image\/\",\"url\":\"https:\/\/autodigi.ee\/wp-content\/uploads\/2022\/02\/Original_png-1.png\",\"contentUrl\":\"https:\/\/autodigi.ee\/wp-content\/uploads\/2022\/02\/Original_png-1.png\",\"width\":4096,\"height\":3692,\"caption\":\"Autodigi O\u00dc\"},\"image\":{\"@id\":\"https:\/\/autodigi.ee\/#\/schema\/logo\/image\/\"},\"sameAs\":[\"https:\/\/www.facebook.com\/AUTODIGI.ee\",\"https:\/\/www.instagram.com\/autodigi.ee\/\"]}]}<\/script>\n<!-- \/ Yoast SEO plugin. -->","yoast_head_json":{"title":"Nissan Qashqai J10 2006 2007 2008-2013 | Android 12 auto GPS multimedia n\u00e4ytt\u00f6soitin | 9\" tuuman kosketusn\u00e4ytt\u00f6 | Automedia WTS-9900 - Autodigi.ee","robots":{"index":"index","follow":"follow","max-snippet":"max-snippet:-1","max-image-preview":"max-image-preview:large","max-video-preview":"max-video-preview:-1"},"canonical":"https:\/\/autodigi.ee\/fi\/product\/nissan-qashqai-j10-2006-2007-2008-2013-android-12-auto-gps-multimedia-nayttosoitin-9-tuuman-kosketusnaytto-automedia-wts-9900\/","og_locale":"fi_FI","og_type":"article","og_title":"Nissan Qashqai J10 2006 2007 2008-2013 | Android 12 auto GPS multimedia n\u00e4ytt\u00f6soitin | 9\" tuuman kosketusn\u00e4ytt\u00f6 | Automedia WTS-9900 - Autodigi.ee","og_description":"Nissan Qashqai 2006 2007 2008 2009 2010 2011 2012 2013\u00a0 &#8211; Android 12 &amp; Apple Carplay \/ Android Auto ; &#8211; IPS HD 1280*720P &#8211; Octa Core 1.6GHZ + DDR3 (2GB\/4GB\/6GB) RAM + (32GB\/64GB\/128GB) ROM &nbsp; The Junsun radio supports Wireless CarPlay and Android Auto, allowing you to use smartphone functions and applications such as [...]","og_url":"https:\/\/autodigi.ee\/fi\/product\/nissan-qashqai-j10-2006-2007-2008-2013-android-12-auto-gps-multimedia-nayttosoitin-9-tuuman-kosketusnaytto-automedia-wts-9900\/","og_site_name":"Autodigi.ee","article_publisher":"https:\/\/www.facebook.com\/AUTODIGI.ee","og_image":[{"width":800,"height":600,"url":"https:\/\/autodigi.ee\/wp-content\/uploads\/2024\/07\/UI1.jpg","type":"image\/jpeg"}],"twitter_card":"summary_large_image","twitter_misc":{"Arvioitu lukuaika":"1 minuutti"},"schema":{"@context":"https:\/\/schema.org","@graph":[{"@type":"WebPage","@id":"https:\/\/autodigi.ee\/fi\/product\/nissan-qashqai-j10-2006-2007-2008-2013-android-12-auto-gps-multimedia-nayttosoitin-9-tuuman-kosketusnaytto-automedia-wts-9900\/","url":"https:\/\/autodigi.ee\/fi\/product\/nissan-qashqai-j10-2006-2007-2008-2013-android-12-auto-gps-multimedia-nayttosoitin-9-tuuman-kosketusnaytto-automedia-wts-9900\/","name":"Nissan Qashqai J10 2006 2007 2008-2013 | Android 12 auto GPS multimedia n\u00e4ytt\u00f6soitin | 9\" tuuman kosketusn\u00e4ytt\u00f6 | Automedia WTS-9900 - Autodigi.ee","isPartOf":{"@id":"https:\/\/autodigi.ee\/#website"},"primaryImageOfPage":{"@id":"https:\/\/autodigi.ee\/fi\/product\/nissan-qashqai-j10-2006-2007-2008-2013-android-12-auto-gps-multimedia-nayttosoitin-9-tuuman-kosketusnaytto-automedia-wts-9900\/#primaryimage"},"image":{"@id":"https:\/\/autodigi.ee\/fi\/product\/nissan-qashqai-j10-2006-2007-2008-2013-android-12-auto-gps-multimedia-nayttosoitin-9-tuuman-kosketusnaytto-automedia-wts-9900\/#primaryimage"},"thumbnailUrl":"https:\/\/autodigi.ee\/wp-content\/uploads\/2024\/07\/UI1.jpg","datePublished":"2024-07-10T16:05:21+00:00","breadcrumb":{"@id":"https:\/\/autodigi.ee\/fi\/product\/nissan-qashqai-j10-2006-2007-2008-2013-android-12-auto-gps-multimedia-nayttosoitin-9-tuuman-kosketusnaytto-automedia-wts-9900\/#breadcrumb"},"inLanguage":"fi","potentialAction":[{"@type":"ReadAction","target":["https:\/\/autodigi.ee\/fi\/product\/nissan-qashqai-j10-2006-2007-2008-2013-android-12-auto-gps-multimedia-nayttosoitin-9-tuuman-kosketusnaytto-automedia-wts-9900\/"]}]},{"@type":"ImageObject","inLanguage":"fi","@id":"https:\/\/autodigi.ee\/fi\/product\/nissan-qashqai-j10-2006-2007-2008-2013-android-12-auto-gps-multimedia-nayttosoitin-9-tuuman-kosketusnaytto-automedia-wts-9900\/#primaryimage","url":"https:\/\/autodigi.ee\/wp-content\/uploads\/2024\/07\/UI1.jpg","contentUrl":"https:\/\/autodigi.ee\/wp-content\/uploads\/2024\/07\/UI1.jpg","width":800,"height":600},{"@type":"BreadcrumbList","@id":"https:\/\/autodigi.ee\/fi\/product\/nissan-qashqai-j10-2006-2007-2008-2013-android-12-auto-gps-multimedia-nayttosoitin-9-tuuman-kosketusnaytto-automedia-wts-9900\/#breadcrumb","itemListElement":[{"@type":"ListItem","position":1,"name":"Home","item":"https:\/\/autodigi.ee\/"},{"@type":"ListItem","position":2,"name":"Verkkokauppa","item":"https:\/\/autodigi.ee\/pood\/"},{"@type":"ListItem","position":3,"name":"Nissan Qashqai J10 2006 2007 2008-2013 | Android 12 auto GPS multimedia n\u00e4ytt\u00f6soitin | 9&#8243; tuuman kosketusn\u00e4ytt\u00f6 | Automedia WTS-9900"}]},{"@type":"WebSite","@id":"https:\/\/autodigi.ee\/#website","url":"https:\/\/autodigi.ee\/","name":"Autodigi.ee","description":"Android multimeedia raadiod ja lisaekraanid autosse. Carplay ja Android Auto.","publisher":{"@id":"https:\/\/autodigi.ee\/#organization"},"potentialAction":[{"@type":"SearchAction","target":{"@type":"EntryPoint","urlTemplate":"https:\/\/autodigi.ee\/?s={search_term_string}"},"query-input":{"@type":"PropertyValueSpecification","valueRequired":true,"valueName":"search_term_string"}}],"inLanguage":"fi"},{"@type":"Organization","@id":"https:\/\/autodigi.ee\/#organization","name":"Autodigi O\u00dc","url":"https:\/\/autodigi.ee\/","logo":{"@type":"ImageObject","inLanguage":"fi","@id":"https:\/\/autodigi.ee\/#\/schema\/logo\/image\/","url":"https:\/\/autodigi.ee\/wp-content\/uploads\/2022\/02\/Original_png-1.png","contentUrl":"https:\/\/autodigi.ee\/wp-content\/uploads\/2022\/02\/Original_png-1.png","width":4096,"height":3692,"caption":"Autodigi O\u00dc"},"image":{"@id":"https:\/\/autodigi.ee\/#\/schema\/logo\/image\/"},"sameAs":["https:\/\/www.facebook.com\/AUTODIGI.ee","https:\/\/www.instagram.com\/autodigi.ee\/"]}]}},"_links":{"self":[{"href":"https:\/\/autodigi.ee\/fi\/wp-json\/wp\/v2\/product\/83684","targetHints":{"allow":["GET"]}}],"collection":[{"href":"https:\/\/autodigi.ee\/fi\/wp-json\/wp\/v2\/product"}],"about":[{"href":"https:\/\/autodigi.ee\/fi\/wp-json\/wp\/v2\/types\/product"}],"wp:featuredmedia":[{"embeddable":true,"href":"https:\/\/autodigi.ee\/fi\/wp-json\/wp\/v2\/media\/83635"}],"wp:attachment":[{"href":"https:\/\/autodigi.ee\/fi\/wp-json\/wp\/v2\/media?parent=83684"}],"wp:term":[{"taxonomy":"product_brand","embeddable":true,"href":"https:\/\/autodigi.ee\/fi\/wp-json\/wp\/v2\/product_brand?post=83684"},{"taxonomy":"product_cat","embeddable":true,"href":"https:\/\/autodigi.ee\/fi\/wp-json\/wp\/v2\/product_cat?post=83684"},{"taxonomy":"product_tag","embeddable":true,"href":"https:\/\/autodigi.ee\/fi\/wp-json\/wp\/v2\/product_tag?post=83684"}],"curies":[{"name":"wp","href":"https:\/\/api.w.org\/{rel}","templated":true}]}}