{"id":63204,"date":"2022-12-20T20:03:25","date_gmt":"2022-12-20T18:03:32","guid":{"rendered":"https:\/\/autodigi.ee\/?post_type=product&#038;p=63204"},"modified":"2024-05-15T06:41:36","modified_gmt":"2024-05-15T04:41:36","slug":"vw-passat-b6-b7-multivan-transporter-t5-t6-amarok-tiguan-touran-sharan-android-12-auto-gps-radio-ja-multimedia-nayttosoitin-kopeeri","status":"publish","type":"product","link":"https:\/\/autodigi.ee\/fi\/product\/vw-passat-b6-b7-multivan-transporter-t5-t6-amarok-tiguan-touran-sharan-android-12-auto-gps-radio-ja-multimedia-nayttosoitin-kopeeri\/","title":{"rendered":"VW Passat B6 | B7 | Multivan | Transporter T5 | T6 | Amarok | Tiguan | Touran | Sharan CarPlay &#038; Android Auto radio"},"content":{"rendered":"<div style=\"border: 1px solid #e8e8e8; background: linear-gradient(#ebebeb 0%, #ffffff 3%, #ffffff 40%, #ebebeb 100%); visibility: visible;\" role=\"tabpanel\">\n<div style=\"hyphens: auto; padding: 20px; color: #2e2e2e; font-size: 1.05em; line-height: 1.5em; margin-top: 20px;\">\n<h1 style=\"font-family: Tahoma; margin: 0px 0px 30.5px;\"><span style=\"font-family: arial, helvetica, sans-serif; font-size: large;\"><strong style=\"font-size: 12.6px; font-family: arial, helvetica, sans-serif; color: #0d4a9b;\"><strong style=\"font-size: 14.7px;\">7&#8243; tuuman kosketusn\u00e4yt\u00f6lla Android GPS navi radio ja multimediakeskus merkkikohtaisesti\u00a0<\/strong><\/strong><\/span><\/h1>\n<h1 style=\"font-family: Tahoma; box-sizing: border-box; margin: 0px 0px 10.5px;\"><span style=\"font-family: arial, helvetica, sans-serif;\"><strong style=\"font-size: 12.6px; font-family: arial, helvetica, sans-serif; box-sizing: border-box; color: #0d4a9b;\"><strong style=\"box-sizing: border-box; font-size: 14.7px;\">VW Passat B6 | B7 | Multivan | Transporter T5 | T6 | Amarok | Tiguan | Touran | Sharan <\/strong><\/strong><\/span><\/h1>\n<p style=\"font-size: 12.6px; font-family: Tahoma; margin: 0px 0px 10.5px;\"><span style=\"color: #800000; font-family: arial, helvetica, sans-serif; font-size: 12.6px;\"><strong>Ei sovellu autoihin, joissa on Dynaudio \u00e4\u00e4nij\u00e4rjestelm\u00e4!<\/strong><\/span><\/p>\n<p><strong>Linux | Apple CarPlay<strong>\u00a0| Android Auto<\/strong><\/strong><\/p>\n<pre><strong>Ominaisuudet\r\n<\/strong><\/pre>\n<ul class=\"heckschen\">\n<li><strong>Linux<\/strong>\u00a0OS<\/li>\n<li><strong>Apple CarPlay<\/strong>\u00a0&amp; Android Auto sis\u00e4\u00e4nrakennettuna (USB)<\/li>\n<li>Bluetooth 5.0 handsfree puhelin<\/li>\n<li>Bluetooth 5.0 musiikin striimaus<\/li>\n<li>USB sis\u00e4\u00e4ntulo<\/li>\n<li>&#8221;<strong>Screen Mirroring<\/strong>&#8221; &#8211; peilaa puhelimen n\u00e4ytt\u00f6 perusn\u00e4yt\u00f6lle<\/li>\n<li><span style=\"color: #ff0000;\">FM radio (Ei RDS)<\/span><\/li>\n<li>Peruutuskameran valmius<\/li>\n<li>Rattinappuloiden tuki<\/li>\n<li>1080P video<\/li>\n<li>1024 x 600 WVGA kapasitiivinen kosketusn\u00e4ytt\u00f6<\/li>\n<li><strong>CD\/DVD<\/strong>\u00a0soitin &#8211;\u00a0<b>Ei, soittimessa ei ole CD\/DVD asemaa<\/b><\/li>\n<li><strong>AVI\/RCA<\/strong>\u00a0ulostulo &#8211;<strong>\u00a0Kyll\u00e4, t\u00e4ysi RCA-l\u00e4ht\u00f6 koko kuvalle. Kaikki n\u00e4yt\u00f6ll\u00e4 n\u00e4kyv\u00e4 n\u00e4kyy RCA:n kautta.<\/strong><\/li>\n<li><strong>HDMI<\/strong>\u00a0ulostulo &#8211;<strong>\u00a0Ei, HDMI-l\u00e4ht\u00f6\u00e4 ei ole<\/strong><\/li>\n<li>Huippuluokan \u00e4\u00e4ni &#8211;\u00a0 4 x 45 W<\/li>\n<li><strong>DSP<\/strong>\u00a0 sound processor &#8211;\u00a0<strong>Yes &#8211; DSP built-in<\/strong><\/li>\n<li><strong>SIM<\/strong>-kortin paikka &#8211;\u00a0<strong>Ei<\/strong><\/li>\n<li><strong>&#8221;Plug and Play&#8221;<\/strong><\/li>\n<\/ul>\n<p>&nbsp;<\/p>\n<p><strong>Asennus &#8211;\u00a0<\/strong>\u00a0Xtronsin autokohtaiset soittimet istuvat kojetauluun yht\u00e4 hyvin kuin alkuper\u00e4iset, k\u00e4yv\u00e4t auton omiin soittimen kiinnityksiin ja liit\u00e4nt\u00f6ihin. Rattikaukos\u00e4\u00e4d\u00f6t ja muut mahdolliset alkuper\u00e4isen soittimen toiminnot toimivat kuten aiemminkin. Vain itse soitin on paljon alkuper\u00e4ist\u00e4 laadukkaampi ja monipuolisemmilla liit\u00e4nt\u00e4ominaisuuksilla varustettu. Bluetooth sek\u00e4 audiostreamilla ett\u00e4 handsfree-toiminnolla, USB, taajuuskorjain ja useat linjal\u00e4hd\u00f6t ovat vain osa laitteen ominaisuuksista. Jos et ole varma tuotteen sopivuudesta tai haluat, ett\u00e4 kokenut asiantuntija asentaa sen, ota meihin yhteytt\u00e4 s\u00e4hk\u00f6postitse info(@)automeedia.ee &#8211; jaamme yhteisty\u00f6kumppaneidemme yhteystiedot (Tallinnassa ja Helsingiss\u00e4).<\/p>\n<\/div>\n<\/div>\n<p style=\"text-align: center;\"><span style=\"font-family: arial, helvetica, sans-serif;\">\u00a0<\/span><\/p>\n<h3>VW Passat B6 | B7 | Multivan | Transporter T5 | T6 | Amarok | Tiguan | Touran | Sharan<\/h3>\n<p>&nbsp;<\/p>\n<p>&nbsp;<\/p>\n<p><strong>Sopii suoraan:<\/strong><\/p>\n<p><img decoding=\"async\" src=\"\/media\/automeedia-1\/product\/tooted\/x_multimedia\/volkswagen\/EW847WADCP\/09_Carplay_radio_VW.jpeg\" alt=\"Sobib VW originaalraadio asemele\" width=\"100%\" \/><\/p>\n<p><strong>Tarvii lis\u00e4ksi kehyksen:<\/strong><\/p>\n<p><img decoding=\"async\" src=\"\/media\/automeedia-1\/product\/tooted\/x_multimedia\/volkswagen\/EW847WADCP\/10_Carplay_radio_VW.jpeg\" alt=\"\" width=\"100%\" \/><\/p>\n<p><span style=\"color: #ff0000;\"><strong>Ei k\u00e4y!<\/strong><\/span><\/p>\n<p><img decoding=\"async\" src=\"\/media\/automeedia-1\/product\/tooted\/x_multimedia\/volkswagen\/EW847WADCP\/08_Carplay_radio_VW%20copy.jpeg\" alt=\"Ei sobi asendama\" width=\"100%\" \/><\/p>\n<p>&nbsp;<\/p>\n<p><img decoding=\"async\" src=\"\/media\/automeedia-1\/product\/tooted\/x_multimedia\/volkswagen\/EW847WADCP\/11_Carplay_radio_VW.webp\" alt=\"VW CarPlay auto raadio\" width=\"100%\" \/><img decoding=\"async\" src=\"\/media\/automeedia-1\/product\/tooted\/x_multimedia\/volkswagen\/EW847WADCP\/12_Carplay_radio_VW.webp\" alt=\"VW android auto Carplay radio\" width=\"100%\" \/><img decoding=\"async\" src=\"\/media\/automeedia-1\/product\/tooted\/x_multimedia\/volkswagen\/EW847WADCP\/13_Carplay_radio_VW.webp\" alt=\"VW android auto Carplay radio\" width=\"100%\" \/><img decoding=\"async\" src=\"\/media\/automeedia-1\/product\/tooted\/x_multimedia\/volkswagen\/EW847WADCP\/14_Carplay_radio_VW.webp\" alt=\"VW android auto Carplay radio\" width=\"100%\" \/><img decoding=\"async\" src=\"\/media\/automeedia-1\/product\/tooted\/x_multimedia\/volkswagen\/EW847WADCP\/15_Carplay_radio_VW.webp\" alt=\"VW android auto Carplay radio\" width=\"100%\" \/><img decoding=\"async\" src=\"\/media\/automeedia-1\/product\/tooted\/x_multimedia\/volkswagen\/EW847WADCP\/16_Carplay_radio_VW.webp\" alt=\"VW android auto Carplay radio\" width=\"100%\" \/><img decoding=\"async\" src=\"\/media\/automeedia-1\/product\/tooted\/x_multimedia\/volkswagen\/EW847WADCP\/17_Carplay_radio_VW.webp\" alt=\"VW android auto Carplay radio\" width=\"100%\" \/><img decoding=\"async\" src=\"\/media\/automeedia-1\/product\/tooted\/x_multimedia\/volkswagen\/EW847WADCP\/18_Carplay_radio_VW.webp\" alt=\"VW android auto Carplay radio\" width=\"100%\" \/><\/p>\n<p>&nbsp;<\/p>\n<h3><\/h3>\n<div><\/div>\n","protected":false},"excerpt":{"rendered":"<p>T\u00e4m\u00e4 laite t\u00e4ysiarvoinen Android tietokone &#8211; viihdekeskus autossasi. Tuettuja ovat kaikki Google Play sovellukset, mm. GoogleMap, Waze, Youtube, Spotify jne. Laite on yhteensopiva kaikkien puhelimien kanssa &#8211; Android, Apple iPhone ym.<span style=\"color: #993300;\"><strong><br \/>\n<\/strong><\/span><\/p>\n<p><span style=\"color: #e42a1a;\"><strong>Android 12 | Quad-Core MTK Coretex-A7 | Bluetooth 5.0 handsfree puhelut ja muusikin striimaus | 4 x 48 W wattia | Carplay (USB) sis\u00e4\u00e4nrakennettu<\/strong><\/span><\/p>\n","protected":false},"featured_media":63216,"template":"","meta":[],"product_brand":[],"product_cat":[3126,4145,4340,4344,4346,4353,4356,4360,4362,4368,4381,4384,4391,4395,4398,4401,4406,4411,4413,4415,4422,4426,4429,4434,4436,4443,4446,4451,4459,4464,4467,4469,4485,4490,4494,4499,4505],"product_tag":[5161,5160,5157,5155,5604,5500,5601,5153,5150,5533,5545],"class_list":{"0":"post-63204","1":"product","2":"type-product","3":"status-publish","4":"has-post-thumbnail","6":"product_cat-auto-multimediasoittimet","7":"product_cat-skoda-fi","8":"product_cat-volkswagen-fi","9":"product_cat-amarok-fi","10":"product_cat-beetle-fi","11":"product_cat-caddy-fi","12":"product_cat-caddy-2003-2012-fi","13":"product_cat-caddy-2013-2020-fi","14":"product_cat-caravelle-fi","15":"product_cat-caravelle-2010-2020-fi","16":"product_cat-eos-fi","17":"product_cat-golf-fi","18":"product_cat-golf-plus-fi","19":"product_cat-golf-sportsvan-fi","20":"product_cat-golf-v-fi","21":"product_cat-golf-vi-fi","22":"product_cat-jetta-fi","23":"product_cat-jetta-2005-2010-fi","24":"product_cat-jetta-2011-2018-fi","25":"product_cat-multivan-fi","26":"product_cat-multivan-2011-2015-fi","27":"product_cat-multivan-2016-2019-fi","28":"product_cat-passat-fi","29":"product_cat-passat-b6-2005-2010-fi","30":"product_cat-passat-b7-2011-2015-fi","31":"product_cat-passat-cc-fi","32":"product_cat-polo-fi","33":"product_cat-polo-2010-2013-fi","34":"product_cat-sharan-fi","35":"product_cat-sharan-2000-2010-fi","36":"product_cat-tiguan-fi","37":"product_cat-tiguan-2007-2015-fi","38":"product_cat-touran-fi","39":"product_cat-touran-2003-2010-fi","40":"product_cat-touran-2011-2015-fi","41":"product_cat-transporter-fi","42":"product_cat-transporter-2010-2019-fi","43":"product_tag-amarok-fi","44":"product_tag-b7-fi","45":"product_tag-carplay-fi","46":"product_tag-gps-fi","47":"product_tag-multimeedia","48":"product_tag-multivan-fi","49":"product_tag-raadio","50":"product_tag-t6-fi","51":"product_tag-tiguan-fi","52":"product_tag-touran-fi","53":"product_tag-transporter-t5-fi","55":"first","56":"instock","57":"taxable","58":"shipping-taxable","59":"purchasable","60":"product-type-simple"},"yoast_head":"<!-- This site is optimized with the Yoast SEO plugin v25.9 - https:\/\/yoast.com\/wordpress\/plugins\/seo\/ -->\n<title>VW Passat B6 | B7 | Multivan | Transporter T5 | T6 | Amarok | Tiguan | Touran | Sharan CarPlay &amp; Android Auto radio - Autodigi.ee<\/title>\n<meta name=\"robots\" content=\"index, follow, max-snippet:-1, max-image-preview:large, max-video-preview:-1\" \/>\n<link rel=\"canonical\" href=\"https:\/\/autodigi.ee\/fi\/product\/vw-passat-b6-b7-multivan-transporter-t5-t6-amarok-tiguan-touran-sharan-android-12-auto-gps-radio-ja-multimedia-nayttosoitin-kopeeri\/\" \/>\n<meta property=\"og:locale\" content=\"fi_FI\" \/>\n<meta property=\"og:type\" content=\"article\" \/>\n<meta property=\"og:title\" content=\"VW Passat B6 | B7 | Multivan | Transporter T5 | T6 | Amarok | Tiguan | Touran | Sharan CarPlay &amp; Android Auto radio - Autodigi.ee\" \/>\n<meta property=\"og:description\" content=\"T\u00e4m\u00e4 laite t\u00e4ysiarvoinen Android tietokone - viihdekeskus autossasi. Tuettuja ovat kaikki Google Play sovellukset, mm. GoogleMap, Waze, Youtube, Spotify jne. Laite on yhteensopiva kaikkien puhelimien kanssa - Android, Apple iPhone ym.   Android 12 | Quad-Core MTK Coretex-A7 | Bluetooth 5.0 handsfree puhelut ja muusikin striimaus | 4 x 48 W wattia | Carplay (USB) sis\u00e4\u00e4nrakennettu\" \/>\n<meta property=\"og:url\" content=\"https:\/\/autodigi.ee\/fi\/product\/vw-passat-b6-b7-multivan-transporter-t5-t6-amarok-tiguan-touran-sharan-android-12-auto-gps-radio-ja-multimedia-nayttosoitin-kopeeri\/\" \/>\n<meta property=\"og:site_name\" content=\"Autodigi.ee\" \/>\n<meta property=\"article:publisher\" content=\"https:\/\/www.facebook.com\/AUTODIGI.ee\" \/>\n<meta property=\"article:modified_time\" content=\"2024-05-15T04:41:36+00:00\" \/>\n<meta property=\"og:image\" content=\"https:\/\/autodigi.ee\/wp-content\/uploads\/2022\/12\/01_Carplay_radio_VW20copy.jpg\" \/>\n\t<meta property=\"og:image:width\" content=\"800\" \/>\n\t<meta property=\"og:image:height\" content=\"800\" \/>\n\t<meta property=\"og:image:type\" content=\"image\/jpeg\" \/>\n<meta name=\"twitter:card\" content=\"summary_large_image\" \/>\n<meta name=\"twitter:label1\" content=\"Arvioitu lukuaika\" \/>\n\t<meta name=\"twitter:data1\" content=\"4 minuuttia\" \/>\n<script type=\"application\/ld+json\" class=\"yoast-schema-graph\">{\"@context\":\"https:\/\/schema.org\",\"@graph\":[{\"@type\":\"WebPage\",\"@id\":\"https:\/\/autodigi.ee\/fi\/product\/vw-passat-b6-b7-multivan-transporter-t5-t6-amarok-tiguan-touran-sharan-android-12-auto-gps-radio-ja-multimedia-nayttosoitin-kopeeri\/\",\"url\":\"https:\/\/autodigi.ee\/fi\/product\/vw-passat-b6-b7-multivan-transporter-t5-t6-amarok-tiguan-touran-sharan-android-12-auto-gps-radio-ja-multimedia-nayttosoitin-kopeeri\/\",\"name\":\"VW Passat B6 | B7 | Multivan | Transporter T5 | T6 | Amarok | Tiguan | Touran | Sharan CarPlay & Android Auto radio - Autodigi.ee\",\"isPartOf\":{\"@id\":\"https:\/\/autodigi.ee\/#website\"},\"primaryImageOfPage\":{\"@id\":\"https:\/\/autodigi.ee\/fi\/product\/vw-passat-b6-b7-multivan-transporter-t5-t6-amarok-tiguan-touran-sharan-android-12-auto-gps-radio-ja-multimedia-nayttosoitin-kopeeri\/#primaryimage\"},\"image\":{\"@id\":\"https:\/\/autodigi.ee\/fi\/product\/vw-passat-b6-b7-multivan-transporter-t5-t6-amarok-tiguan-touran-sharan-android-12-auto-gps-radio-ja-multimedia-nayttosoitin-kopeeri\/#primaryimage\"},\"thumbnailUrl\":\"https:\/\/autodigi.ee\/wp-content\/uploads\/2022\/12\/01_Carplay_radio_VW20copy.jpg\",\"datePublished\":\"2022-12-20T18:03:32+00:00\",\"dateModified\":\"2024-05-15T04:41:36+00:00\",\"breadcrumb\":{\"@id\":\"https:\/\/autodigi.ee\/fi\/product\/vw-passat-b6-b7-multivan-transporter-t5-t6-amarok-tiguan-touran-sharan-android-12-auto-gps-radio-ja-multimedia-nayttosoitin-kopeeri\/#breadcrumb\"},\"inLanguage\":\"fi\",\"potentialAction\":[{\"@type\":\"ReadAction\",\"target\":[\"https:\/\/autodigi.ee\/fi\/product\/vw-passat-b6-b7-multivan-transporter-t5-t6-amarok-tiguan-touran-sharan-android-12-auto-gps-radio-ja-multimedia-nayttosoitin-kopeeri\/\"]}]},{\"@type\":\"ImageObject\",\"inLanguage\":\"fi\",\"@id\":\"https:\/\/autodigi.ee\/fi\/product\/vw-passat-b6-b7-multivan-transporter-t5-t6-amarok-tiguan-touran-sharan-android-12-auto-gps-radio-ja-multimedia-nayttosoitin-kopeeri\/#primaryimage\",\"url\":\"https:\/\/autodigi.ee\/wp-content\/uploads\/2022\/12\/01_Carplay_radio_VW20copy.jpg\",\"contentUrl\":\"https:\/\/autodigi.ee\/wp-content\/uploads\/2022\/12\/01_Carplay_radio_VW20copy.jpg\",\"width\":800,\"height\":800},{\"@type\":\"BreadcrumbList\",\"@id\":\"https:\/\/autodigi.ee\/fi\/product\/vw-passat-b6-b7-multivan-transporter-t5-t6-amarok-tiguan-touran-sharan-android-12-auto-gps-radio-ja-multimedia-nayttosoitin-kopeeri\/#breadcrumb\",\"itemListElement\":[{\"@type\":\"ListItem\",\"position\":1,\"name\":\"Home\",\"item\":\"https:\/\/autodigi.ee\/\"},{\"@type\":\"ListItem\",\"position\":2,\"name\":\"Verkkokauppa\",\"item\":\"https:\/\/autodigi.ee\/pood\/\"},{\"@type\":\"ListItem\",\"position\":3,\"name\":\"VW Passat B6 | B7 | Multivan | Transporter T5 | T6 | Amarok | Tiguan | Touran | Sharan CarPlay &#038; Android Auto radio\"}]},{\"@type\":\"WebSite\",\"@id\":\"https:\/\/autodigi.ee\/#website\",\"url\":\"https:\/\/autodigi.ee\/\",\"name\":\"Autodigi.ee\",\"description\":\"Android multimeedia raadiod ja lisaekraanid autosse. Carplay ja Android Auto.\",\"publisher\":{\"@id\":\"https:\/\/autodigi.ee\/#organization\"},\"potentialAction\":[{\"@type\":\"SearchAction\",\"target\":{\"@type\":\"EntryPoint\",\"urlTemplate\":\"https:\/\/autodigi.ee\/?s={search_term_string}\"},\"query-input\":{\"@type\":\"PropertyValueSpecification\",\"valueRequired\":true,\"valueName\":\"search_term_string\"}}],\"inLanguage\":\"fi\"},{\"@type\":\"Organization\",\"@id\":\"https:\/\/autodigi.ee\/#organization\",\"name\":\"Autodigi O\u00dc\",\"url\":\"https:\/\/autodigi.ee\/\",\"logo\":{\"@type\":\"ImageObject\",\"inLanguage\":\"fi\",\"@id\":\"https:\/\/autodigi.ee\/#\/schema\/logo\/image\/\",\"url\":\"https:\/\/autodigi.ee\/wp-content\/uploads\/2022\/02\/Original_png-1.png\",\"contentUrl\":\"https:\/\/autodigi.ee\/wp-content\/uploads\/2022\/02\/Original_png-1.png\",\"width\":4096,\"height\":3692,\"caption\":\"Autodigi O\u00dc\"},\"image\":{\"@id\":\"https:\/\/autodigi.ee\/#\/schema\/logo\/image\/\"},\"sameAs\":[\"https:\/\/www.facebook.com\/AUTODIGI.ee\",\"https:\/\/www.instagram.com\/autodigi.ee\/\"]}]}<\/script>\n<!-- \/ Yoast SEO plugin. -->","yoast_head_json":{"title":"VW Passat B6 | B7 | Multivan | Transporter T5 | T6 | Amarok | Tiguan | Touran | Sharan CarPlay & Android Auto radio - Autodigi.ee","robots":{"index":"index","follow":"follow","max-snippet":"max-snippet:-1","max-image-preview":"max-image-preview:large","max-video-preview":"max-video-preview:-1"},"canonical":"https:\/\/autodigi.ee\/fi\/product\/vw-passat-b6-b7-multivan-transporter-t5-t6-amarok-tiguan-touran-sharan-android-12-auto-gps-radio-ja-multimedia-nayttosoitin-kopeeri\/","og_locale":"fi_FI","og_type":"article","og_title":"VW Passat B6 | B7 | Multivan | Transporter T5 | T6 | Amarok | Tiguan | Touran | Sharan CarPlay & Android Auto radio - Autodigi.ee","og_description":"T\u00e4m\u00e4 laite t\u00e4ysiarvoinen Android tietokone - viihdekeskus autossasi. Tuettuja ovat kaikki Google Play sovellukset, mm. GoogleMap, Waze, Youtube, Spotify jne. Laite on yhteensopiva kaikkien puhelimien kanssa - Android, Apple iPhone ym.   Android 12 | Quad-Core MTK Coretex-A7 | Bluetooth 5.0 handsfree puhelut ja muusikin striimaus | 4 x 48 W wattia | Carplay (USB) sis\u00e4\u00e4nrakennettu","og_url":"https:\/\/autodigi.ee\/fi\/product\/vw-passat-b6-b7-multivan-transporter-t5-t6-amarok-tiguan-touran-sharan-android-12-auto-gps-radio-ja-multimedia-nayttosoitin-kopeeri\/","og_site_name":"Autodigi.ee","article_publisher":"https:\/\/www.facebook.com\/AUTODIGI.ee","article_modified_time":"2024-05-15T04:41:36+00:00","og_image":[{"width":800,"height":800,"url":"https:\/\/autodigi.ee\/wp-content\/uploads\/2022\/12\/01_Carplay_radio_VW20copy.jpg","type":"image\/jpeg"}],"twitter_card":"summary_large_image","twitter_misc":{"Arvioitu lukuaika":"4 minuuttia"},"schema":{"@context":"https:\/\/schema.org","@graph":[{"@type":"WebPage","@id":"https:\/\/autodigi.ee\/fi\/product\/vw-passat-b6-b7-multivan-transporter-t5-t6-amarok-tiguan-touran-sharan-android-12-auto-gps-radio-ja-multimedia-nayttosoitin-kopeeri\/","url":"https:\/\/autodigi.ee\/fi\/product\/vw-passat-b6-b7-multivan-transporter-t5-t6-amarok-tiguan-touran-sharan-android-12-auto-gps-radio-ja-multimedia-nayttosoitin-kopeeri\/","name":"VW Passat B6 | B7 | Multivan | Transporter T5 | T6 | Amarok | Tiguan | Touran | Sharan CarPlay & Android Auto radio - Autodigi.ee","isPartOf":{"@id":"https:\/\/autodigi.ee\/#website"},"primaryImageOfPage":{"@id":"https:\/\/autodigi.ee\/fi\/product\/vw-passat-b6-b7-multivan-transporter-t5-t6-amarok-tiguan-touran-sharan-android-12-auto-gps-radio-ja-multimedia-nayttosoitin-kopeeri\/#primaryimage"},"image":{"@id":"https:\/\/autodigi.ee\/fi\/product\/vw-passat-b6-b7-multivan-transporter-t5-t6-amarok-tiguan-touran-sharan-android-12-auto-gps-radio-ja-multimedia-nayttosoitin-kopeeri\/#primaryimage"},"thumbnailUrl":"https:\/\/autodigi.ee\/wp-content\/uploads\/2022\/12\/01_Carplay_radio_VW20copy.jpg","datePublished":"2022-12-20T18:03:32+00:00","dateModified":"2024-05-15T04:41:36+00:00","breadcrumb":{"@id":"https:\/\/autodigi.ee\/fi\/product\/vw-passat-b6-b7-multivan-transporter-t5-t6-amarok-tiguan-touran-sharan-android-12-auto-gps-radio-ja-multimedia-nayttosoitin-kopeeri\/#breadcrumb"},"inLanguage":"fi","potentialAction":[{"@type":"ReadAction","target":["https:\/\/autodigi.ee\/fi\/product\/vw-passat-b6-b7-multivan-transporter-t5-t6-amarok-tiguan-touran-sharan-android-12-auto-gps-radio-ja-multimedia-nayttosoitin-kopeeri\/"]}]},{"@type":"ImageObject","inLanguage":"fi","@id":"https:\/\/autodigi.ee\/fi\/product\/vw-passat-b6-b7-multivan-transporter-t5-t6-amarok-tiguan-touran-sharan-android-12-auto-gps-radio-ja-multimedia-nayttosoitin-kopeeri\/#primaryimage","url":"https:\/\/autodigi.ee\/wp-content\/uploads\/2022\/12\/01_Carplay_radio_VW20copy.jpg","contentUrl":"https:\/\/autodigi.ee\/wp-content\/uploads\/2022\/12\/01_Carplay_radio_VW20copy.jpg","width":800,"height":800},{"@type":"BreadcrumbList","@id":"https:\/\/autodigi.ee\/fi\/product\/vw-passat-b6-b7-multivan-transporter-t5-t6-amarok-tiguan-touran-sharan-android-12-auto-gps-radio-ja-multimedia-nayttosoitin-kopeeri\/#breadcrumb","itemListElement":[{"@type":"ListItem","position":1,"name":"Home","item":"https:\/\/autodigi.ee\/"},{"@type":"ListItem","position":2,"name":"Verkkokauppa","item":"https:\/\/autodigi.ee\/pood\/"},{"@type":"ListItem","position":3,"name":"VW Passat B6 | B7 | Multivan | Transporter T5 | T6 | Amarok | Tiguan | Touran | Sharan CarPlay &#038; Android Auto radio"}]},{"@type":"WebSite","@id":"https:\/\/autodigi.ee\/#website","url":"https:\/\/autodigi.ee\/","name":"Autodigi.ee","description":"Android multimeedia raadiod ja lisaekraanid autosse. Carplay ja Android Auto.","publisher":{"@id":"https:\/\/autodigi.ee\/#organization"},"potentialAction":[{"@type":"SearchAction","target":{"@type":"EntryPoint","urlTemplate":"https:\/\/autodigi.ee\/?s={search_term_string}"},"query-input":{"@type":"PropertyValueSpecification","valueRequired":true,"valueName":"search_term_string"}}],"inLanguage":"fi"},{"@type":"Organization","@id":"https:\/\/autodigi.ee\/#organization","name":"Autodigi O\u00dc","url":"https:\/\/autodigi.ee\/","logo":{"@type":"ImageObject","inLanguage":"fi","@id":"https:\/\/autodigi.ee\/#\/schema\/logo\/image\/","url":"https:\/\/autodigi.ee\/wp-content\/uploads\/2022\/02\/Original_png-1.png","contentUrl":"https:\/\/autodigi.ee\/wp-content\/uploads\/2022\/02\/Original_png-1.png","width":4096,"height":3692,"caption":"Autodigi O\u00dc"},"image":{"@id":"https:\/\/autodigi.ee\/#\/schema\/logo\/image\/"},"sameAs":["https:\/\/www.facebook.com\/AUTODIGI.ee","https:\/\/www.instagram.com\/autodigi.ee\/"]}]}},"_links":{"self":[{"href":"https:\/\/autodigi.ee\/fi\/wp-json\/wp\/v2\/product\/63204","targetHints":{"allow":["GET"]}}],"collection":[{"href":"https:\/\/autodigi.ee\/fi\/wp-json\/wp\/v2\/product"}],"about":[{"href":"https:\/\/autodigi.ee\/fi\/wp-json\/wp\/v2\/types\/product"}],"wp:featuredmedia":[{"embeddable":true,"href":"https:\/\/autodigi.ee\/fi\/wp-json\/wp\/v2\/media\/63216"}],"wp:attachment":[{"href":"https:\/\/autodigi.ee\/fi\/wp-json\/wp\/v2\/media?parent=63204"}],"wp:term":[{"taxonomy":"product_brand","embeddable":true,"href":"https:\/\/autodigi.ee\/fi\/wp-json\/wp\/v2\/product_brand?post=63204"},{"taxonomy":"product_cat","embeddable":true,"href":"https:\/\/autodigi.ee\/fi\/wp-json\/wp\/v2\/product_cat?post=63204"},{"taxonomy":"product_tag","embeddable":true,"href":"https:\/\/autodigi.ee\/fi\/wp-json\/wp\/v2\/product_tag?post=63204"}],"curies":[{"name":"wp","href":"https:\/\/api.w.org\/{rel}","templated":true}]}}