{"id":42647,"date":"2022-07-07T18:58:36","date_gmt":"2022-07-07T16:58:36","guid":{"rendered":"https:\/\/autodigi.ee\/product\/wolfcraft-terrassi-paigaldamise-komplekt-6988000\/"},"modified":"2025-04-18T15:24:07","modified_gmt":"2025-04-18T13:24:07","slug":"wolfcraft-terrassi-paigaldamise-komplekt-6988000","status":"publish","type":"product","link":"https:\/\/autodigi.ee\/fi\/product\/wolfcraft-terrassi-paigaldamise-komplekt-6988000\/","title":{"rendered":"wolfcraft terrassi paigaldamise komplekt 6988000"},"content":{"rendered":"<p>Terrassi ehitamise komplekt tootjalt wolfcraft on mitmek\u00fclgne komplekt kiireks ja t\u00e4pseks terrassi ehitamiseks. See v\u00f5imaldab t\u00e4pselt terrassilaudade puuriavasid paigutada ja joondada.  <\/p>\n<\/p>\n<p>Sellel on paigaldusklamber, mis on h\u00e4davajalik terrassilaudade kiireks ja t\u00e4pseks joondamiseks.  <\/p>\n<\/p>\n<p>T\u00e4nu komplekti kuuluvatele vahet\u00fckkidele tagab terrassi paigalduskomplekt terrassilaudade puhta ja t\u00e4pse mustri.  <\/p>\n<\/p>\n<p>T\u00e4nu s\u00fcgavuse piirikule on puuriavade s\u00fcgavus alati sama.  <\/p>\n<\/p>\n<p>Komplekti kuulub 1 x paigaldusklamber, 1 x puurijuhik (4 puuriavadega puuri ohutuks juhtumiseks), 1 x kruvistarter, 5 x vahet\u00fckki, 2 x kinnitushaaratsit (kasutamiseks paigaldusklambriga \u00fche k\u00e4ega kinnitamiseks).<\/p>\n<ul>\n<li>H\u00e4davajalik terrassilaudade kiireks ja t\u00e4pseks joondamiseks.<\/li>\n<li>Komplekti kuuluvad vahet\u00fckid tagavad terrassip\u00f5randa puhta ja t\u00e4pse mustri<\/li>\n<li>Terrassilaudade puuriavade t\u00e4pseks joondamiseks<\/li>\n<li>Puuriavade t\u00e4pseks joondamiseks<\/li>\n<li>T\u00e4nu s\u00fcgavuse piirikule on puuriavade s\u00fcgavus alati sama.<\/li>\n<li><strong>Komplekti kuulub:<\/strong><\/li>\n<li>1 x paigaldusklamber<\/li>\n<li>1 x terrassilaua puurijuhik 4 mm k\u00f5vastatud terasest puuri l\u00e4biviikudega<\/li>\n<li>1 x kruvistarter, kruviaugu laiendaja ja 4 mm HSS puur<\/li>\n<li>5 x vahet\u00fckki<\/li>\n<li>2 x kinnitushaaratsit<\/li>\n<\/ul>\n","protected":false},"excerpt":{"rendered":"<p>Terrassi ehitamise komplekt tootjalt wolfcraft on mitmek\u00fclgne komplekt kiireks ja t\u00e4pseks terrassi ehitamiseks. See v\u00f5imaldab t\u00e4pselt terrassilaudade puuriavasid paigutada ja joondada.   Sellel on paigaldusklamber, mis on h\u00e4davajalik terrassilaudade kiireks ja t\u00e4pseks joondamiseks.   T\u00e4nu komplekti kuuluvatele vahet\u00fckkidele tagab terrassi paigalduskomplekt terrassilaudade puhta ja t\u00e4pse mustri.   T\u00e4nu s\u00fcgavuse piirikule on puuriavade s\u00fcgavus alati sama.   Komplekti kuulub 1 x paigaldusklamber, 1 x puurijuhik (4 puuriavadega puuri ohutuks juhtumiseks), 1 x kruvistarter, 5 x vahet\u00fckki, 2 x kinnitushaaratsit (kasutamiseks paigaldusklambriga \u00fche k\u00e4ega kinnitamiseks).<\/p>\n","protected":false},"featured_media":42577,"template":"","meta":[],"product_brand":[],"product_cat":[5816,5814],"product_tag":[],"class_list":{"0":"post-42647","1":"product","2":"type-product","3":"status-publish","4":"has-post-thumbnail","6":"product_cat-tooriistakomplektid-2","7":"product_cat-tooriistad-2","9":"first","10":"instock","11":"taxable","12":"shipping-taxable","13":"purchasable","14":"product-type-simple"},"yoast_head":"<!-- This site is optimized with the Yoast SEO plugin v25.9 - https:\/\/yoast.com\/wordpress\/plugins\/seo\/ -->\n<title>wolfcraft terrassi paigaldamise komplekt 6988000 - Autodigi.ee<\/title>\n<meta name=\"robots\" content=\"index, follow, max-snippet:-1, max-image-preview:large, max-video-preview:-1\" \/>\n<link rel=\"canonical\" href=\"https:\/\/autodigi.ee\/product\/wolfcraft-terrassi-paigaldamise-komplekt-6988000\/\" \/>\n<meta property=\"og:locale\" content=\"fi_FI\" \/>\n<meta property=\"og:type\" content=\"article\" \/>\n<meta property=\"og:title\" content=\"wolfcraft terrassi paigaldamise komplekt 6988000 - Autodigi.ee\" \/>\n<meta property=\"og:description\" content=\"Terrassi ehitamise komplekt tootjalt wolfcraft on mitmek\u00fclgne komplekt kiireks ja t\u00e4pseks terrassi ehitamiseks. See v\u00f5imaldab t\u00e4pselt terrassilaudade puuriavasid paigutada ja joondada.  Sellel on paigaldusklamber, mis on h\u00e4davajalik terrassilaudade kiireks ja t\u00e4pseks joondamiseks.  T\u00e4nu komplekti kuuluvatele vahet\u00fckkidele tagab terrassi paigalduskomplekt terrassilaudade puhta ja t\u00e4pse mustri.  T\u00e4nu s\u00fcgavuse piirikule on puuriavade s\u00fcgavus alati sama.  Komplekti kuulub 1 x paigaldusklamber, 1 x puurijuhik (4 puuriavadega puuri ohutuks juhtumiseks), 1 x kruvistarter, 5 x vahet\u00fckki, 2 x kinnitushaaratsit (kasutamiseks paigaldusklambriga \u00fche k\u00e4ega kinnitamiseks).\" \/>\n<meta property=\"og:url\" content=\"https:\/\/autodigi.ee\/product\/wolfcraft-terrassi-paigaldamise-komplekt-6988000\/\" \/>\n<meta property=\"og:site_name\" content=\"Autodigi.ee\" \/>\n<meta property=\"article:publisher\" content=\"https:\/\/www.facebook.com\/AUTODIGI.ee\" \/>\n<meta property=\"article:modified_time\" content=\"2025-04-18T13:24:07+00:00\" \/>\n<meta property=\"og:image\" content=\"https:\/\/autodigi.ee\/wp-content\/uploads\/2022\/07\/4006885698802_a_en_hd_1.jpg\" \/>\n\t<meta property=\"og:image:width\" content=\"1024\" \/>\n\t<meta property=\"og:image:height\" content=\"1024\" \/>\n\t<meta property=\"og:image:type\" content=\"image\/jpeg\" \/>\n<meta name=\"twitter:card\" content=\"summary_large_image\" \/>\n<meta name=\"twitter:label1\" content=\"Arvioitu lukuaika\" \/>\n\t<meta name=\"twitter:data1\" content=\"1 minuutti\" \/>\n<script type=\"application\/ld+json\" class=\"yoast-schema-graph\">{\"@context\":\"https:\/\/schema.org\",\"@graph\":[{\"@type\":\"WebPage\",\"@id\":\"https:\/\/autodigi.ee\/product\/wolfcraft-terrassi-paigaldamise-komplekt-6988000\/\",\"url\":\"https:\/\/autodigi.ee\/product\/wolfcraft-terrassi-paigaldamise-komplekt-6988000\/\",\"name\":\"wolfcraft terrassi paigaldamise komplekt 6988000 - Autodigi.ee\",\"isPartOf\":{\"@id\":\"https:\/\/autodigi.ee\/#website\"},\"primaryImageOfPage\":{\"@id\":\"https:\/\/autodigi.ee\/product\/wolfcraft-terrassi-paigaldamise-komplekt-6988000\/#primaryimage\"},\"image\":{\"@id\":\"https:\/\/autodigi.ee\/product\/wolfcraft-terrassi-paigaldamise-komplekt-6988000\/#primaryimage\"},\"thumbnailUrl\":\"https:\/\/autodigi.ee\/wp-content\/uploads\/2022\/07\/4006885698802_a_en_hd_1.jpg\",\"datePublished\":\"2022-07-07T16:58:36+00:00\",\"dateModified\":\"2025-04-18T13:24:07+00:00\",\"breadcrumb\":{\"@id\":\"https:\/\/autodigi.ee\/product\/wolfcraft-terrassi-paigaldamise-komplekt-6988000\/#breadcrumb\"},\"inLanguage\":\"fi\",\"potentialAction\":[{\"@type\":\"ReadAction\",\"target\":[\"https:\/\/autodigi.ee\/product\/wolfcraft-terrassi-paigaldamise-komplekt-6988000\/\"]}]},{\"@type\":\"ImageObject\",\"inLanguage\":\"fi\",\"@id\":\"https:\/\/autodigi.ee\/product\/wolfcraft-terrassi-paigaldamise-komplekt-6988000\/#primaryimage\",\"url\":\"https:\/\/autodigi.ee\/wp-content\/uploads\/2022\/07\/4006885698802_a_en_hd_1.jpg\",\"contentUrl\":\"https:\/\/autodigi.ee\/wp-content\/uploads\/2022\/07\/4006885698802_a_en_hd_1.jpg\",\"width\":1024,\"height\":1024},{\"@type\":\"BreadcrumbList\",\"@id\":\"https:\/\/autodigi.ee\/product\/wolfcraft-terrassi-paigaldamise-komplekt-6988000\/#breadcrumb\",\"itemListElement\":[{\"@type\":\"ListItem\",\"position\":1,\"name\":\"Home\",\"item\":\"https:\/\/autodigi.ee\/\"},{\"@type\":\"ListItem\",\"position\":2,\"name\":\"Verkkokauppa\",\"item\":\"https:\/\/autodigi.ee\/pood\/\"},{\"@type\":\"ListItem\",\"position\":3,\"name\":\"wolfcraft terrassi paigaldamise komplekt 6988000\"}]},{\"@type\":\"WebSite\",\"@id\":\"https:\/\/autodigi.ee\/#website\",\"url\":\"https:\/\/autodigi.ee\/\",\"name\":\"Autodigi.ee\",\"description\":\"Android multimeedia raadiod ja lisaekraanid autosse. Carplay ja Android Auto.\",\"publisher\":{\"@id\":\"https:\/\/autodigi.ee\/#organization\"},\"potentialAction\":[{\"@type\":\"SearchAction\",\"target\":{\"@type\":\"EntryPoint\",\"urlTemplate\":\"https:\/\/autodigi.ee\/?s={search_term_string}\"},\"query-input\":{\"@type\":\"PropertyValueSpecification\",\"valueRequired\":true,\"valueName\":\"search_term_string\"}}],\"inLanguage\":\"fi\"},{\"@type\":\"Organization\",\"@id\":\"https:\/\/autodigi.ee\/#organization\",\"name\":\"Autodigi O\u00dc\",\"url\":\"https:\/\/autodigi.ee\/\",\"logo\":{\"@type\":\"ImageObject\",\"inLanguage\":\"fi\",\"@id\":\"https:\/\/autodigi.ee\/#\/schema\/logo\/image\/\",\"url\":\"https:\/\/autodigi.ee\/wp-content\/uploads\/2022\/02\/Original_png-1.png\",\"contentUrl\":\"https:\/\/autodigi.ee\/wp-content\/uploads\/2022\/02\/Original_png-1.png\",\"width\":4096,\"height\":3692,\"caption\":\"Autodigi O\u00dc\"},\"image\":{\"@id\":\"https:\/\/autodigi.ee\/#\/schema\/logo\/image\/\"},\"sameAs\":[\"https:\/\/www.facebook.com\/AUTODIGI.ee\",\"https:\/\/www.instagram.com\/autodigi.ee\/\"]}]}<\/script>\n<!-- \/ Yoast SEO plugin. -->","yoast_head_json":{"title":"wolfcraft terrassi paigaldamise komplekt 6988000 - Autodigi.ee","robots":{"index":"index","follow":"follow","max-snippet":"max-snippet:-1","max-image-preview":"max-image-preview:large","max-video-preview":"max-video-preview:-1"},"canonical":"https:\/\/autodigi.ee\/product\/wolfcraft-terrassi-paigaldamise-komplekt-6988000\/","og_locale":"fi_FI","og_type":"article","og_title":"wolfcraft terrassi paigaldamise komplekt 6988000 - Autodigi.ee","og_description":"Terrassi ehitamise komplekt tootjalt wolfcraft on mitmek\u00fclgne komplekt kiireks ja t\u00e4pseks terrassi ehitamiseks. See v\u00f5imaldab t\u00e4pselt terrassilaudade puuriavasid paigutada ja joondada.  Sellel on paigaldusklamber, mis on h\u00e4davajalik terrassilaudade kiireks ja t\u00e4pseks joondamiseks.  T\u00e4nu komplekti kuuluvatele vahet\u00fckkidele tagab terrassi paigalduskomplekt terrassilaudade puhta ja t\u00e4pse mustri.  T\u00e4nu s\u00fcgavuse piirikule on puuriavade s\u00fcgavus alati sama.  Komplekti kuulub 1 x paigaldusklamber, 1 x puurijuhik (4 puuriavadega puuri ohutuks juhtumiseks), 1 x kruvistarter, 5 x vahet\u00fckki, 2 x kinnitushaaratsit (kasutamiseks paigaldusklambriga \u00fche k\u00e4ega kinnitamiseks).","og_url":"https:\/\/autodigi.ee\/product\/wolfcraft-terrassi-paigaldamise-komplekt-6988000\/","og_site_name":"Autodigi.ee","article_publisher":"https:\/\/www.facebook.com\/AUTODIGI.ee","article_modified_time":"2025-04-18T13:24:07+00:00","og_image":[{"width":1024,"height":1024,"url":"https:\/\/autodigi.ee\/wp-content\/uploads\/2022\/07\/4006885698802_a_en_hd_1.jpg","type":"image\/jpeg"}],"twitter_card":"summary_large_image","twitter_misc":{"Arvioitu lukuaika":"1 minuutti"},"schema":{"@context":"https:\/\/schema.org","@graph":[{"@type":"WebPage","@id":"https:\/\/autodigi.ee\/product\/wolfcraft-terrassi-paigaldamise-komplekt-6988000\/","url":"https:\/\/autodigi.ee\/product\/wolfcraft-terrassi-paigaldamise-komplekt-6988000\/","name":"wolfcraft terrassi paigaldamise komplekt 6988000 - Autodigi.ee","isPartOf":{"@id":"https:\/\/autodigi.ee\/#website"},"primaryImageOfPage":{"@id":"https:\/\/autodigi.ee\/product\/wolfcraft-terrassi-paigaldamise-komplekt-6988000\/#primaryimage"},"image":{"@id":"https:\/\/autodigi.ee\/product\/wolfcraft-terrassi-paigaldamise-komplekt-6988000\/#primaryimage"},"thumbnailUrl":"https:\/\/autodigi.ee\/wp-content\/uploads\/2022\/07\/4006885698802_a_en_hd_1.jpg","datePublished":"2022-07-07T16:58:36+00:00","dateModified":"2025-04-18T13:24:07+00:00","breadcrumb":{"@id":"https:\/\/autodigi.ee\/product\/wolfcraft-terrassi-paigaldamise-komplekt-6988000\/#breadcrumb"},"inLanguage":"fi","potentialAction":[{"@type":"ReadAction","target":["https:\/\/autodigi.ee\/product\/wolfcraft-terrassi-paigaldamise-komplekt-6988000\/"]}]},{"@type":"ImageObject","inLanguage":"fi","@id":"https:\/\/autodigi.ee\/product\/wolfcraft-terrassi-paigaldamise-komplekt-6988000\/#primaryimage","url":"https:\/\/autodigi.ee\/wp-content\/uploads\/2022\/07\/4006885698802_a_en_hd_1.jpg","contentUrl":"https:\/\/autodigi.ee\/wp-content\/uploads\/2022\/07\/4006885698802_a_en_hd_1.jpg","width":1024,"height":1024},{"@type":"BreadcrumbList","@id":"https:\/\/autodigi.ee\/product\/wolfcraft-terrassi-paigaldamise-komplekt-6988000\/#breadcrumb","itemListElement":[{"@type":"ListItem","position":1,"name":"Home","item":"https:\/\/autodigi.ee\/"},{"@type":"ListItem","position":2,"name":"Verkkokauppa","item":"https:\/\/autodigi.ee\/pood\/"},{"@type":"ListItem","position":3,"name":"wolfcraft terrassi paigaldamise komplekt 6988000"}]},{"@type":"WebSite","@id":"https:\/\/autodigi.ee\/#website","url":"https:\/\/autodigi.ee\/","name":"Autodigi.ee","description":"Android multimeedia raadiod ja lisaekraanid autosse. Carplay ja Android Auto.","publisher":{"@id":"https:\/\/autodigi.ee\/#organization"},"potentialAction":[{"@type":"SearchAction","target":{"@type":"EntryPoint","urlTemplate":"https:\/\/autodigi.ee\/?s={search_term_string}"},"query-input":{"@type":"PropertyValueSpecification","valueRequired":true,"valueName":"search_term_string"}}],"inLanguage":"fi"},{"@type":"Organization","@id":"https:\/\/autodigi.ee\/#organization","name":"Autodigi O\u00dc","url":"https:\/\/autodigi.ee\/","logo":{"@type":"ImageObject","inLanguage":"fi","@id":"https:\/\/autodigi.ee\/#\/schema\/logo\/image\/","url":"https:\/\/autodigi.ee\/wp-content\/uploads\/2022\/02\/Original_png-1.png","contentUrl":"https:\/\/autodigi.ee\/wp-content\/uploads\/2022\/02\/Original_png-1.png","width":4096,"height":3692,"caption":"Autodigi O\u00dc"},"image":{"@id":"https:\/\/autodigi.ee\/#\/schema\/logo\/image\/"},"sameAs":["https:\/\/www.facebook.com\/AUTODIGI.ee","https:\/\/www.instagram.com\/autodigi.ee\/"]}]}},"_links":{"self":[{"href":"https:\/\/autodigi.ee\/fi\/wp-json\/wp\/v2\/product\/42647","targetHints":{"allow":["GET"]}}],"collection":[{"href":"https:\/\/autodigi.ee\/fi\/wp-json\/wp\/v2\/product"}],"about":[{"href":"https:\/\/autodigi.ee\/fi\/wp-json\/wp\/v2\/types\/product"}],"wp:featuredmedia":[{"embeddable":true,"href":"https:\/\/autodigi.ee\/fi\/wp-json\/wp\/v2\/media\/42577"}],"wp:attachment":[{"href":"https:\/\/autodigi.ee\/fi\/wp-json\/wp\/v2\/media?parent=42647"}],"wp:term":[{"taxonomy":"product_brand","embeddable":true,"href":"https:\/\/autodigi.ee\/fi\/wp-json\/wp\/v2\/product_brand?post=42647"},{"taxonomy":"product_cat","embeddable":true,"href":"https:\/\/autodigi.ee\/fi\/wp-json\/wp\/v2\/product_cat?post=42647"},{"taxonomy":"product_tag","embeddable":true,"href":"https:\/\/autodigi.ee\/fi\/wp-json\/wp\/v2\/product_tag?post=42647"}],"curies":[{"name":"wp","href":"https:\/\/api.w.org\/{rel}","templated":true}]}}