{"id":24122,"date":"2022-06-02T18:37:46","date_gmt":"2022-11-16T14:04:53","guid":{"rendered":"https:\/\/autodigi.ee\/?post_type=product&#038;p=24122"},"modified":"2022-11-16T16:04:53","modified_gmt":"2022-11-16T14:04:53","slug":"xtrons-dvr030-1280720-hd-adas-auton-dvr-ajokamera-kuljettajan-apujarjestelmalla","status":"publish","type":"product","link":"https:\/\/autodigi.ee\/fi\/product\/xtrons-dvr030-1280720-hd-adas-auton-dvr-ajokamera-kuljettajan-apujarjestelmalla\/","title":{"rendered":"Xtrons DVR030 1280*720 HD ADAS -auton DVR-ajokamera kuljettajan apuj\u00e4rjestelm\u00e4ll\u00e4"},"content":{"rendered":"<div>\n<h1>1280*720 HD ADAS -auton DVR-ajokamera kuljettajan apuj&auml;rjestelm&auml;ll&auml;<\/h1>\n<p>* HD-laajakulma<br \/>* 170&deg; katselukulma<br \/>* 85&deg; k&auml;&auml;ntyv&auml; kulma<br \/>* T&ouml;rm&auml;ysvaroitus<br \/>* Kaistapoistumisvaroitus<br \/>* Reaaliaikainen seuranta GPS-tiedoilla<br \/>* 1280*720 videotallennus<br \/>* Emergency Record<br \/>* &Auml;&auml;nen tallennus<br \/>* Loop Recording<br \/>* Helppo asennus<\/p>\n<p>&nbsp;<\/p>\n<p><img decoding=\"async\" style=\"vertical-align: middle;\" alt=\"USB pardakaamera ADAS juhiabi funktsiooniga\" src=\"\/media\/automeedia-1\/product\/tooted\/extras\/DVR030\/DVR030-1.jpeg\" height=\"auto\" width=\"100%\" \/><\/p>\n<\/div>\n<div>\n<p>&nbsp;<\/p>\n<\/div>\n","protected":false},"excerpt":{"rendered":"<p>1280*720 HD ADAS -auton DVR-ajokamera kuljettajan apuj&auml;rjestelm&auml;ll&auml; * HD-laajakulma* 170&deg; katselukulma* 85&deg; k&auml;&auml;ntyv&auml; kulma* T&ouml;rm&auml;ysvaroitus* Kaistapoistumisvaroitus* Reaaliaikainen seuranta GPS-tiedoilla* 1280*720 videotallennus* Emergency Record* &Auml;&auml;nen tallennus* Loop Recording* Helppo asennus &nbsp; &nbsp;<\/p>\n","protected":false},"featured_media":24118,"template":"","meta":[],"product_brand":[],"product_cat":[4617,4812],"product_tag":[5430],"class_list":{"0":"post-24122","1":"product","2":"type-product","3":"status-publish","4":"has-post-thumbnail","6":"product_cat-lisavarusteet-fi","7":"product_cat-ajotalletin-kamerat","8":"product_tag-dvr-fi","10":"first","11":"instock","12":"taxable","13":"shipping-taxable","14":"purchasable","15":"product-type-simple"},"yoast_head":"<!-- This site is optimized with the Yoast SEO plugin v25.9 - https:\/\/yoast.com\/wordpress\/plugins\/seo\/ -->\n<title>Xtrons DVR030 1280*720 HD ADAS -auton DVR-ajokamera kuljettajan apuj\u00e4rjestelm\u00e4ll\u00e4 - Autodigi.ee<\/title>\n<meta name=\"robots\" content=\"index, follow, max-snippet:-1, max-image-preview:large, max-video-preview:-1\" \/>\n<link rel=\"canonical\" href=\"https:\/\/autodigi.ee\/product\/adas-funktsiooniga-pardakaamera-android-autoraadiole\/\" \/>\n<meta property=\"og:locale\" content=\"fi_FI\" \/>\n<meta property=\"og:type\" content=\"article\" \/>\n<meta property=\"og:title\" content=\"Xtrons DVR030 1280*720 HD ADAS -auton DVR-ajokamera kuljettajan apuj\u00e4rjestelm\u00e4ll\u00e4 - Autodigi.ee\" \/>\n<meta property=\"og:description\" content=\"1280*720 HD ADAS -auton DVR-ajokamera kuljettajan apuj&auml;rjestelm&auml;ll&auml; * HD-laajakulma* 170&deg; katselukulma* 85&deg; k&auml;&auml;ntyv&auml; kulma* T&ouml;rm&auml;ysvaroitus* Kaistapoistumisvaroitus* Reaaliaikainen seuranta GPS-tiedoilla* 1280*720 videotallennus* Emergency Record* &Auml;&auml;nen tallennus* Loop Recording* Helppo asennus &nbsp; &nbsp;\" \/>\n<meta property=\"og:url\" content=\"https:\/\/autodigi.ee\/product\/adas-funktsiooniga-pardakaamera-android-autoraadiole\/\" \/>\n<meta property=\"og:site_name\" content=\"Autodigi.ee\" \/>\n<meta property=\"article:publisher\" content=\"https:\/\/www.facebook.com\/AUTODIGI.ee\" \/>\n<meta property=\"og:image\" content=\"https:\/\/autodigi.ee\/wp-content\/uploads\/2022\/06\/01_Xtrons_DVR030_ajotalletin_pardakaamera_videoregistraator.jpe\" \/>\n\t<meta property=\"og:image:width\" content=\"1600\" \/>\n\t<meta property=\"og:image:height\" content=\"1600\" \/>\n\t<meta property=\"og:image:type\" content=\"image\/jpeg\" \/>\n<meta name=\"twitter:card\" content=\"summary_large_image\" \/>\n<script type=\"application\/ld+json\" class=\"yoast-schema-graph\">{\"@context\":\"https:\/\/schema.org\",\"@graph\":[{\"@type\":\"WebPage\",\"@id\":\"https:\/\/autodigi.ee\/product\/adas-funktsiooniga-pardakaamera-android-autoraadiole\/\",\"url\":\"https:\/\/autodigi.ee\/product\/adas-funktsiooniga-pardakaamera-android-autoraadiole\/\",\"name\":\"Xtrons DVR030 1280*720 HD ADAS -auton DVR-ajokamera kuljettajan apuj\u00e4rjestelm\u00e4ll\u00e4 - Autodigi.ee\",\"isPartOf\":{\"@id\":\"https:\/\/autodigi.ee\/#website\"},\"primaryImageOfPage\":{\"@id\":\"https:\/\/autodigi.ee\/product\/adas-funktsiooniga-pardakaamera-android-autoraadiole\/#primaryimage\"},\"image\":{\"@id\":\"https:\/\/autodigi.ee\/product\/adas-funktsiooniga-pardakaamera-android-autoraadiole\/#primaryimage\"},\"thumbnailUrl\":\"https:\/\/autodigi.ee\/wp-content\/uploads\/2022\/06\/01_Xtrons_DVR030_ajotalletin_pardakaamera_videoregistraator.jpe\",\"datePublished\":\"2022-11-16T14:04:53+00:00\",\"breadcrumb\":{\"@id\":\"https:\/\/autodigi.ee\/product\/adas-funktsiooniga-pardakaamera-android-autoraadiole\/#breadcrumb\"},\"inLanguage\":\"fi\",\"potentialAction\":[{\"@type\":\"ReadAction\",\"target\":[\"https:\/\/autodigi.ee\/product\/adas-funktsiooniga-pardakaamera-android-autoraadiole\/\"]}]},{\"@type\":\"ImageObject\",\"inLanguage\":\"fi\",\"@id\":\"https:\/\/autodigi.ee\/product\/adas-funktsiooniga-pardakaamera-android-autoraadiole\/#primaryimage\",\"url\":\"https:\/\/autodigi.ee\/wp-content\/uploads\/2022\/06\/01_Xtrons_DVR030_ajotalletin_pardakaamera_videoregistraator.jpe\",\"contentUrl\":\"https:\/\/autodigi.ee\/wp-content\/uploads\/2022\/06\/01_Xtrons_DVR030_ajotalletin_pardakaamera_videoregistraator.jpe\",\"width\":1600,\"height\":1600},{\"@type\":\"BreadcrumbList\",\"@id\":\"https:\/\/autodigi.ee\/product\/adas-funktsiooniga-pardakaamera-android-autoraadiole\/#breadcrumb\",\"itemListElement\":[{\"@type\":\"ListItem\",\"position\":1,\"name\":\"Home\",\"item\":\"https:\/\/autodigi.ee\/\"},{\"@type\":\"ListItem\",\"position\":2,\"name\":\"Verkkokauppa\",\"item\":\"https:\/\/autodigi.ee\/pood\/\"},{\"@type\":\"ListItem\",\"position\":3,\"name\":\"Xtrons DVR030 1280*720 HD ADAS -auton DVR-ajokamera kuljettajan apuj\u00e4rjestelm\u00e4ll\u00e4\"}]},{\"@type\":\"WebSite\",\"@id\":\"https:\/\/autodigi.ee\/#website\",\"url\":\"https:\/\/autodigi.ee\/\",\"name\":\"Autodigi.ee\",\"description\":\"Android multimeedia raadiod ja lisaekraanid autosse. Carplay ja Android Auto.\",\"publisher\":{\"@id\":\"https:\/\/autodigi.ee\/#organization\"},\"potentialAction\":[{\"@type\":\"SearchAction\",\"target\":{\"@type\":\"EntryPoint\",\"urlTemplate\":\"https:\/\/autodigi.ee\/?s={search_term_string}\"},\"query-input\":{\"@type\":\"PropertyValueSpecification\",\"valueRequired\":true,\"valueName\":\"search_term_string\"}}],\"inLanguage\":\"fi\"},{\"@type\":\"Organization\",\"@id\":\"https:\/\/autodigi.ee\/#organization\",\"name\":\"Autodigi O\u00dc\",\"url\":\"https:\/\/autodigi.ee\/\",\"logo\":{\"@type\":\"ImageObject\",\"inLanguage\":\"fi\",\"@id\":\"https:\/\/autodigi.ee\/#\/schema\/logo\/image\/\",\"url\":\"https:\/\/autodigi.ee\/wp-content\/uploads\/2022\/02\/Original_png-1.png\",\"contentUrl\":\"https:\/\/autodigi.ee\/wp-content\/uploads\/2022\/02\/Original_png-1.png\",\"width\":4096,\"height\":3692,\"caption\":\"Autodigi O\u00dc\"},\"image\":{\"@id\":\"https:\/\/autodigi.ee\/#\/schema\/logo\/image\/\"},\"sameAs\":[\"https:\/\/www.facebook.com\/AUTODIGI.ee\",\"https:\/\/www.instagram.com\/autodigi.ee\/\"]}]}<\/script>\n<!-- \/ Yoast SEO plugin. -->","yoast_head_json":{"title":"Xtrons DVR030 1280*720 HD ADAS -auton DVR-ajokamera kuljettajan apuj\u00e4rjestelm\u00e4ll\u00e4 - Autodigi.ee","robots":{"index":"index","follow":"follow","max-snippet":"max-snippet:-1","max-image-preview":"max-image-preview:large","max-video-preview":"max-video-preview:-1"},"canonical":"https:\/\/autodigi.ee\/product\/adas-funktsiooniga-pardakaamera-android-autoraadiole\/","og_locale":"fi_FI","og_type":"article","og_title":"Xtrons DVR030 1280*720 HD ADAS -auton DVR-ajokamera kuljettajan apuj\u00e4rjestelm\u00e4ll\u00e4 - Autodigi.ee","og_description":"1280*720 HD ADAS -auton DVR-ajokamera kuljettajan apuj&auml;rjestelm&auml;ll&auml; * HD-laajakulma* 170&deg; katselukulma* 85&deg; k&auml;&auml;ntyv&auml; kulma* T&ouml;rm&auml;ysvaroitus* Kaistapoistumisvaroitus* Reaaliaikainen seuranta GPS-tiedoilla* 1280*720 videotallennus* Emergency Record* &Auml;&auml;nen tallennus* Loop Recording* Helppo asennus &nbsp; &nbsp;","og_url":"https:\/\/autodigi.ee\/product\/adas-funktsiooniga-pardakaamera-android-autoraadiole\/","og_site_name":"Autodigi.ee","article_publisher":"https:\/\/www.facebook.com\/AUTODIGI.ee","og_image":[{"width":1600,"height":1600,"url":"https:\/\/autodigi.ee\/wp-content\/uploads\/2022\/06\/01_Xtrons_DVR030_ajotalletin_pardakaamera_videoregistraator.jpe","type":"image\/jpeg"}],"twitter_card":"summary_large_image","schema":{"@context":"https:\/\/schema.org","@graph":[{"@type":"WebPage","@id":"https:\/\/autodigi.ee\/product\/adas-funktsiooniga-pardakaamera-android-autoraadiole\/","url":"https:\/\/autodigi.ee\/product\/adas-funktsiooniga-pardakaamera-android-autoraadiole\/","name":"Xtrons DVR030 1280*720 HD ADAS -auton DVR-ajokamera kuljettajan apuj\u00e4rjestelm\u00e4ll\u00e4 - Autodigi.ee","isPartOf":{"@id":"https:\/\/autodigi.ee\/#website"},"primaryImageOfPage":{"@id":"https:\/\/autodigi.ee\/product\/adas-funktsiooniga-pardakaamera-android-autoraadiole\/#primaryimage"},"image":{"@id":"https:\/\/autodigi.ee\/product\/adas-funktsiooniga-pardakaamera-android-autoraadiole\/#primaryimage"},"thumbnailUrl":"https:\/\/autodigi.ee\/wp-content\/uploads\/2022\/06\/01_Xtrons_DVR030_ajotalletin_pardakaamera_videoregistraator.jpe","datePublished":"2022-11-16T14:04:53+00:00","breadcrumb":{"@id":"https:\/\/autodigi.ee\/product\/adas-funktsiooniga-pardakaamera-android-autoraadiole\/#breadcrumb"},"inLanguage":"fi","potentialAction":[{"@type":"ReadAction","target":["https:\/\/autodigi.ee\/product\/adas-funktsiooniga-pardakaamera-android-autoraadiole\/"]}]},{"@type":"ImageObject","inLanguage":"fi","@id":"https:\/\/autodigi.ee\/product\/adas-funktsiooniga-pardakaamera-android-autoraadiole\/#primaryimage","url":"https:\/\/autodigi.ee\/wp-content\/uploads\/2022\/06\/01_Xtrons_DVR030_ajotalletin_pardakaamera_videoregistraator.jpe","contentUrl":"https:\/\/autodigi.ee\/wp-content\/uploads\/2022\/06\/01_Xtrons_DVR030_ajotalletin_pardakaamera_videoregistraator.jpe","width":1600,"height":1600},{"@type":"BreadcrumbList","@id":"https:\/\/autodigi.ee\/product\/adas-funktsiooniga-pardakaamera-android-autoraadiole\/#breadcrumb","itemListElement":[{"@type":"ListItem","position":1,"name":"Home","item":"https:\/\/autodigi.ee\/"},{"@type":"ListItem","position":2,"name":"Verkkokauppa","item":"https:\/\/autodigi.ee\/pood\/"},{"@type":"ListItem","position":3,"name":"Xtrons DVR030 1280*720 HD ADAS -auton DVR-ajokamera kuljettajan apuj\u00e4rjestelm\u00e4ll\u00e4"}]},{"@type":"WebSite","@id":"https:\/\/autodigi.ee\/#website","url":"https:\/\/autodigi.ee\/","name":"Autodigi.ee","description":"Android multimeedia raadiod ja lisaekraanid autosse. Carplay ja Android Auto.","publisher":{"@id":"https:\/\/autodigi.ee\/#organization"},"potentialAction":[{"@type":"SearchAction","target":{"@type":"EntryPoint","urlTemplate":"https:\/\/autodigi.ee\/?s={search_term_string}"},"query-input":{"@type":"PropertyValueSpecification","valueRequired":true,"valueName":"search_term_string"}}],"inLanguage":"fi"},{"@type":"Organization","@id":"https:\/\/autodigi.ee\/#organization","name":"Autodigi O\u00dc","url":"https:\/\/autodigi.ee\/","logo":{"@type":"ImageObject","inLanguage":"fi","@id":"https:\/\/autodigi.ee\/#\/schema\/logo\/image\/","url":"https:\/\/autodigi.ee\/wp-content\/uploads\/2022\/02\/Original_png-1.png","contentUrl":"https:\/\/autodigi.ee\/wp-content\/uploads\/2022\/02\/Original_png-1.png","width":4096,"height":3692,"caption":"Autodigi O\u00dc"},"image":{"@id":"https:\/\/autodigi.ee\/#\/schema\/logo\/image\/"},"sameAs":["https:\/\/www.facebook.com\/AUTODIGI.ee","https:\/\/www.instagram.com\/autodigi.ee\/"]}]}},"_links":{"self":[{"href":"https:\/\/autodigi.ee\/fi\/wp-json\/wp\/v2\/product\/24122","targetHints":{"allow":["GET"]}}],"collection":[{"href":"https:\/\/autodigi.ee\/fi\/wp-json\/wp\/v2\/product"}],"about":[{"href":"https:\/\/autodigi.ee\/fi\/wp-json\/wp\/v2\/types\/product"}],"wp:featuredmedia":[{"embeddable":true,"href":"https:\/\/autodigi.ee\/fi\/wp-json\/wp\/v2\/media\/24118"}],"wp:attachment":[{"href":"https:\/\/autodigi.ee\/fi\/wp-json\/wp\/v2\/media?parent=24122"}],"wp:term":[{"taxonomy":"product_brand","embeddable":true,"href":"https:\/\/autodigi.ee\/fi\/wp-json\/wp\/v2\/product_brand?post=24122"},{"taxonomy":"product_cat","embeddable":true,"href":"https:\/\/autodigi.ee\/fi\/wp-json\/wp\/v2\/product_cat?post=24122"},{"taxonomy":"product_tag","embeddable":true,"href":"https:\/\/autodigi.ee\/fi\/wp-json\/wp\/v2\/product_tag?post=24122"}],"curies":[{"name":"wp","href":"https:\/\/api.w.org\/{rel}","templated":true}]}}