{"id":23099,"date":"2022-03-01T21:16:15","date_gmt":"2022-03-01T19:16:15","guid":{"rendered":"https:\/\/autodigi.ee\/kayttoehdot\/"},"modified":"2024-09-27T16:10:35","modified_gmt":"2024-09-27T14:10:35","slug":"kayttoehdot","status":"publish","type":"page","link":"https:\/\/autodigi.ee\/fi\/kayttoehdot\/","title":{"rendered":"K\u00e4ytt\u00f6ehdot"},"content":{"rendered":"\n<p><strong> K\u00e4ytt\u00f6ehdot<\/strong><\/p>\n<p>Verkkokaupan\u00a0<strong>www.auto<\/strong><strong>digi<\/strong><strong>.ee<\/strong> (j\u00e4ljemp\u00e4n\u00e4 verkkokauppa) omistaja on A-autodigi OY, 17078621 (rekisterikoodi), joka sijaitsee osoitteessa Tuuliku tee 4, 10621 Tallinn.<\/p>\n<p><strong>Myyntisopimuksen p\u00e4tevyys, tuote- ja hintatiedot<\/strong><\/p>\n<p>Myyntiehdot koskevat tavaroiden ostamista verkkokaupasta.<\/p>\n<p>Verkkokaupassa myyt\u00e4vien tuotteiden hinnat ilmoitetaan tuotteiden vieress\u00e4. Hintaan lis\u00e4t\u00e4\u00e4n toimitusmaksu. Toimituskulut riippuvat ostajan sijainnista ja toimitustavasta. Toimituskulut n\u00e4ytet\u00e4\u00e4n, kun ostaja tekee tilauksen.<\/p>\n<p>Kaikki hinnat ovat euroina (\u20ac). Tuotetiedot annetaan heti tuotteen vieress\u00e4 verkkokaupassa.<\/p>\n<p><strong>Tilauksen tekeminen<\/strong><\/p>\n<p>Lis\u00e4\u00e4 haluamasi tuotteet ostoskoriin tilataksesi ne. T\u00e4yt\u00e4 kaikki vaaditut kent\u00e4t ja valitse tilauksen viimeistelyyn sopivin toimitustapa. Kokonaiskustannukset n\u00e4ytet\u00e4\u00e4n sitten n\u00e4yt\u00f6ll\u00e4. T\u00e4m\u00e4 voidaan maksaa turvallisesti seuraavilla \u00a0Paysera LT UAB: n tarjoamilla maksutavoilla:<\/p>\n<p><strong>Viron pankkilinkit:<\/strong>\u00a0Swedbank, SEB, Luminor, LHV, Coop Pank, Luminor, Citadele, Revolut<\/p>\n<p><strong>Suomalaiset pankkilinkit:<\/strong>\u00a0Osuuspankki, Danske, Nordea, Revolut Visa \/ MasterCard -luottokorttimaksut<\/p>\n<p><strong>Maksa my\u00f6hemmin<\/strong>\u00a0ratkaisut: Slice, Liisi ID<\/p>\n<p>\u00a0<\/p>\n<p><strong>HUOM! Kun k\u00e4yt\u00e4t pankkilinkkimaksua, vahvista tilaus ja napsauta sitten Palaa kauppiaalle -painiketta.\u00a0<\/strong><\/p>\n<p>Maksujen suorittamiseen tarvittavat henkil\u00f6tiedot siirret\u00e4\u00e4n valtuutetulle k\u00e4sittelij\u00e4lle Maksekeskus AS: lle. Sopimus tulee voimaan, kun maksettava summa siirret\u00e4\u00e4n verkkokaupan pankkitilille. Jos emme voi toimittaa tilattuja tavaroita loppuvan varastosi vuoksi tai jostain muusta syyst\u00e4, ostajalle ilmoitetaan asiasta mahdollisimman pian ja maksetut rahat (mukaan lukien l\u00e4hetyskulut) hyvitet\u00e4\u00e4n nopeasti, mutta viimeist\u00e4\u00e4n 14 p\u00e4iv\u00e4n kuluessa ilmoituksen vastaanottamisesta.<\/p>\n<p><strong>Toimitus<\/strong><\/p>\n<p>Tavarat toimitetaan seuraaviin maihin: kaikkiin EU-maat.<\/p>\n<p>N\u00e4m\u00e4 vaihtoehdot ovat k\u00e4ytett\u00e4viss\u00e4 tilauksen vastaanottamiseen:<\/p>\n<p>Nouto A-autodigi OY -toimistolta, Tuuliku tee 4, 10621 Tallinn<\/p>\n<p>Omniva-pakettiautomaatit (vain Virossa)<\/p>\n<p>Omnivan postitoimistot (vain Virossa)<\/p>\n<p>ELS-kuriiri (vain Virossa)<\/p>\n<p>Itella Smartpost -pakettiautomaatit (Virossa ja Suomessa)<\/p>\n<p>Postitoimistot Suomessa (Postin palvelupisteet)<\/p>\n<p>EMS-kuriiri (kaikki EU-maat)<\/p>\n<p>Ostaja vastaa toimituskulusta, ja vastaavat hintatiedot n\u00e4ytet\u00e4\u00e4n l\u00e4hetystavan vieress\u00e4.<\/p>\n<p>Kaikki toimitukset Virossa saapuvat yleens\u00e4 ostajan m\u00e4\u00e4rittelem\u00e4\u00e4n m\u00e4\u00e4r\u00e4np\u00e4\u00e4h\u00e4n 3 &#8211; 7 ty\u00f6p\u00e4iv\u00e4n kuluessa myyntisopimuksen voimaantulop\u00e4iv\u00e4st\u00e4. Kaikki toimitukset Viron ulkopuolelle taataan 15 kalenterip\u00e4iv\u00e4n sis\u00e4ll\u00e4. Meill\u00e4 on oikeus l\u00e4hett\u00e4\u00e4 tuotteita 45 kalenterip\u00e4iv\u00e4n kuluessa poikkeustapauksissa.<\/p>\n<p><strong>Tilauksen peruminen<\/strong><\/p>\n<p>Saatuaan tilauksen ostajalla on oikeus peruuttaa verkkokaupan kanssa tehty sopimus 14 p\u00e4iv\u00e4n kuluessa.<\/p>\n<p>Peruuttamisoikeutta ei sovelleta, jos ostaja on oikeushenkil\u00f6.<\/p>\n<p>14 p\u00e4iv\u00e4n peruutusoikeuden k\u00e4ytt\u00e4miseksi et saa k\u00e4ytt\u00e4\u00e4 tilattuja tavaroita muulla tavalla kuin on v\u00e4ltt\u00e4m\u00e4t\u00f6nt\u00e4 tavaroiden luonteen, ominaisuuksien ja toiminnan varmistamiseksi samalla tavalla kuin sinulla olisi mahdollisuus testata tavaroita varsinainen myym\u00e4l\u00e4.<\/p>\n<p>Jos tavaroita on k\u00e4ytetty mihink\u00e4\u00e4n muuhun tarkoitukseen kuin on v\u00e4ltt\u00e4m\u00e4t\u00f6nt\u00e4 tavaroiden luonteen, ominaisuuksien ja toiminnan varmistamiseksi tai jos k\u00e4yt\u00f6n tai kulumisesta on merkkej\u00e4, verkkokaupalla on oikeus alentaa palautettavaa m\u00e4\u00e4r\u00e4\u00e4 tavaroiden arvon laskun mukaisesti.<\/p>\n<p>Tavaroiden palauttamiseksi sinun on l\u00e4hetett\u00e4v\u00e4 peruutusilmoitus vapaassa muodossa s\u00e4hk\u00f6postiosoitteeseen\u00a0<strong>info@aut<\/strong><strong>odigi<\/strong><strong>.ee<\/strong>\u00a014 p\u00e4iv\u00e4n kuluessa tavaran vastaanottamisesta.<\/p>\n<p>Ostaja vastaa tavaroiden palautuskustannuksista, paitsi tapauksissa, joissa palautuksen syy on se, ett\u00e4 palautettava tuote ei t\u00e4yt\u00e4 tilausta (esim. V\u00e4\u00e4r\u00e4 tai viallinen tuote).<\/p>\n<p>Ostajan on palautettava tavarat 14 p\u00e4iv\u00e4n kuluessa peruuttamisilmoituksen j\u00e4tt\u00e4misest\u00e4 tai esitett\u00e4v\u00e4 todisteet siit\u00e4, ett\u00e4 he ovat luovuttaneet tavarat kuljetusyritykselle edell\u00e4 mainitussa ajassa.<\/p>\n<p>Vastaanotettuaan palautetut tavarat verkkokaupan on palautettava ostajalle v\u00e4litt\u00f6m\u00e4sti, mutta viimeist\u00e4\u00e4n 14 p\u00e4iv\u00e4n kuluttua, kaikki ostajalta sopimuksen perusteella saadut maksut.<\/p>\n<p>Verkkokaupalla on oikeus kielt\u00e4yty\u00e4 hyvityksest\u00e4, kunnes palautettavat tavarat on vastaanotettu tai kunnes ostaja on esitt\u00e4nyt todisteet tuotteiden palauttamisesta sen mukaan, kumpi tapahtuu ensin.<\/p>\n<p>Jos ostaja on selv\u00e4sti valinnut eri l\u00e4hetysmuodon kuin verkkokaupan tarjoama edullisin tavallinen l\u00e4hetysmuoto, myym\u00e4l\u00e4n ei tarvitse korvata tavanomaisia toimituskuluja ylitt\u00e4vi\u00e4 kustannuksia.<\/p>\n<p>Verkkokaupalla on oikeus vet\u00e4yty\u00e4 myynnist\u00e4 ja vaatia ostajan palauttamaan tuotteet, jos tavaroiden merkitty hinta verkkokaupassa on virheen vuoksi merkitt\u00e4v\u00e4sti alhaisempi kuin tavaroiden markkinahinta.<\/p>\n<p><strong>Vialliset tuotteet<\/strong><\/p>\n<p>Verkkokauppa on vastuussa siit\u00e4, ett\u00e4 ostajalle myyt\u00e4v\u00e4t tavarat eiv\u00e4t noudata sopimuksen ehtoja tai puutteita, jotka olivat jo olemassa toimitushetkell\u00e4 ja jotka ilmenev\u00e4t kahden vuoden kuluessa tavaran toimittamisesta ostajalle. Ensimm\u00e4isten kuuden kuukauden kuluessa toimituksesta oletetaan, ett\u00e4 vika oli l\u00e4sn\u00e4 toimitushetkell\u00e4. Verkkokaupan vastuulla on osoittaa toisin.<\/p>\n<p>Ostajalla on oikeus k\u00e4\u00e4nty\u00e4 verkkokauppaan kahden kuukauden kuluessa vian ilmenemisest\u00e4 l\u00e4hett\u00e4m\u00e4ll\u00e4 s\u00e4hk\u00f6postia osoitteeseen\u00a0<strong>info@auto<\/strong><strong>digi<\/strong><strong>.ee<\/strong>\u00a0tai soittamalla numeroon +372 56667105.<\/p>\n<p>Verkkokauppa ei ole vastuussa mahdollisista puutteista, jotka johtuvat tavaran toimittamisesta ostajalle.<\/p>\n<p>Jos verkkokaupasta ostetuilla tuotteilla on vikoja, joista verkkokauppa on vastuussa, verkkokauppa korjaa tai vaihtaa vialliset tuotteet. Jos tavaroita ei voida korjata tai vaihtaa, verkkokauppa palauttaa ostajalle kaikki myyntisopimukseen liittyv\u00e4t maksut.<\/p>\n<p>Verkkokauppa vastaa kuluttajan valitukseen kirjallisesti tai kirjallisen j\u00e4ljent\u00e4misen mahdollistavassa muodossa 15 p\u00e4iv\u00e4n kuluessa.<\/p>\n<p><strong>Henkil\u00f6tietojen suoramarkkinointi ja k\u00e4sittely<\/strong><\/p>\n<p>Verkkokauppa k\u00e4ytt\u00e4\u00e4 ostajan antamia henkil\u00f6tietoja vain tilauksen k\u00e4sittelemiseen ja tavaroiden l\u00e4hett\u00e4miseen ostajalle. Verkkokauppa v\u00e4litt\u00e4\u00e4 henkil\u00f6tiedot kuljetuspalvelun tarjoajalle tavaroiden toimittamiseksi.<\/p>\n<p>Verkkokauppa l\u00e4hett\u00e4\u00e4 uutiskirjeit\u00e4 ja tarjouksia ostajan s\u00e4hk\u00f6postiosoitteeseen vain, jos ostaja on ilmaissut haluavansa vastaanottaa niit\u00e4 kirjoittamalla s\u00e4hk\u00f6postiosoitteensa verkkosivustolle ja ilmoittamalla haluavansa vastaanottaa suoraa postia.<\/p>\n<p>Ostaja voi milloin tahansa kielt\u00e4yty\u00e4 s\u00e4hk\u00f6postiosoitteeseen l\u00e4hetetyist\u00e4 tarjouksista ja uutiskirjeist\u00e4 ilmoittamalla siit\u00e4 meille s\u00e4hk\u00f6postitse tai seuraamalla tarjouksen sis\u00e4lt\u00e4v\u00e4n s\u00e4hk\u00f6postin ohjeita.<\/p>\n<p><strong>Erimielisyyksien selvitt\u00e4minen<\/strong><\/p>\n<p>Kaikki ostajan verkkokauppaa koskevat valitukset on l\u00e4hetett\u00e4v\u00e4 s\u00e4hk\u00f6postitse tai l\u00e4hetett\u00e4v\u00e4 soittamalla. Jos ostaja ja verkkokauppa eiv\u00e4t pysty ratkaisemaan erimielisyytt\u00e4 sopimuksella, ostaja voi ottaa yhteytt\u00e4 kuluttajariitakomiteaan. Kuluttajariitakomitea on toimivaltainen ratkaisemaan ostajan ja verkkokaupan v\u00e4lisest\u00e4 sopimuksesta johtuvat riidat. Kuluttajariitakomitean riitojen ratkaisu on ostajalle maksutonta.<\/p>\n<p>Ostaja voi my\u00f6s k\u00e4\u00e4nty\u00e4 Euroopan unionin riitojenratkaisuelinten puoleen.<\/p>\n\n","protected":false},"excerpt":{"rendered":"","protected":false},"author":1,"featured_media":0,"parent":0,"menu_order":0,"comment_status":"closed","ping_status":"closed","template":"","meta":{"footnotes":""},"class_list":["post-23099","page","type-page","status-publish","hentry"],"yoast_head":"<!-- This site is optimized with the Yoast SEO plugin v25.9 - https:\/\/yoast.com\/wordpress\/plugins\/seo\/ -->\n<title>K\u00e4ytt\u00f6ehdot - Autodigi.ee<\/title>\n<meta name=\"robots\" content=\"index, follow, max-snippet:-1, max-image-preview:large, max-video-preview:-1\" \/>\n<link rel=\"canonical\" href=\"https:\/\/autodigi.ee\/fi\/kayttoehdot\/\" \/>\n<meta property=\"og:locale\" content=\"fi_FI\" \/>\n<meta property=\"og:type\" content=\"article\" \/>\n<meta property=\"og:title\" content=\"K\u00e4ytt\u00f6ehdot - Autodigi.ee\" \/>\n<meta property=\"og:url\" content=\"https:\/\/autodigi.ee\/fi\/kayttoehdot\/\" \/>\n<meta property=\"og:site_name\" content=\"Autodigi.ee\" \/>\n<meta property=\"article:publisher\" content=\"https:\/\/www.facebook.com\/AUTODIGI.ee\" \/>\n<meta property=\"article:modified_time\" content=\"2024-09-27T14:10:35+00:00\" \/>\n<meta name=\"twitter:card\" content=\"summary_large_image\" \/>\n<meta name=\"twitter:label1\" content=\"Arvioitu lukuaika\" \/>\n\t<meta name=\"twitter:data1\" content=\"4 minuuttia\" \/>\n<script type=\"application\/ld+json\" class=\"yoast-schema-graph\">{\"@context\":\"https:\/\/schema.org\",\"@graph\":[{\"@type\":\"WebPage\",\"@id\":\"https:\/\/autodigi.ee\/fi\/kayttoehdot\/\",\"url\":\"https:\/\/autodigi.ee\/fi\/kayttoehdot\/\",\"name\":\"K\u00e4ytt\u00f6ehdot - Autodigi.ee\",\"isPartOf\":{\"@id\":\"https:\/\/autodigi.ee\/#website\"},\"datePublished\":\"2022-03-01T19:16:15+00:00\",\"dateModified\":\"2024-09-27T14:10:35+00:00\",\"breadcrumb\":{\"@id\":\"https:\/\/autodigi.ee\/fi\/kayttoehdot\/#breadcrumb\"},\"inLanguage\":\"fi\",\"potentialAction\":[{\"@type\":\"ReadAction\",\"target\":[\"https:\/\/autodigi.ee\/fi\/kayttoehdot\/\"]}]},{\"@type\":\"BreadcrumbList\",\"@id\":\"https:\/\/autodigi.ee\/fi\/kayttoehdot\/#breadcrumb\",\"itemListElement\":[{\"@type\":\"ListItem\",\"position\":1,\"name\":\"Home\",\"item\":\"https:\/\/autodigi.ee\/\"},{\"@type\":\"ListItem\",\"position\":2,\"name\":\"K\u00e4ytt\u00f6ehdot\"}]},{\"@type\":\"WebSite\",\"@id\":\"https:\/\/autodigi.ee\/#website\",\"url\":\"https:\/\/autodigi.ee\/\",\"name\":\"Autodigi.ee\",\"description\":\"Android multimeedia raadiod ja lisaekraanid autosse. Carplay ja Android Auto.\",\"publisher\":{\"@id\":\"https:\/\/autodigi.ee\/#organization\"},\"potentialAction\":[{\"@type\":\"SearchAction\",\"target\":{\"@type\":\"EntryPoint\",\"urlTemplate\":\"https:\/\/autodigi.ee\/?s={search_term_string}\"},\"query-input\":{\"@type\":\"PropertyValueSpecification\",\"valueRequired\":true,\"valueName\":\"search_term_string\"}}],\"inLanguage\":\"fi\"},{\"@type\":\"Organization\",\"@id\":\"https:\/\/autodigi.ee\/#organization\",\"name\":\"Autodigi O\u00dc\",\"url\":\"https:\/\/autodigi.ee\/\",\"logo\":{\"@type\":\"ImageObject\",\"inLanguage\":\"fi\",\"@id\":\"https:\/\/autodigi.ee\/#\/schema\/logo\/image\/\",\"url\":\"https:\/\/autodigi.ee\/wp-content\/uploads\/2022\/02\/Original_png-1.png\",\"contentUrl\":\"https:\/\/autodigi.ee\/wp-content\/uploads\/2022\/02\/Original_png-1.png\",\"width\":4096,\"height\":3692,\"caption\":\"Autodigi O\u00dc\"},\"image\":{\"@id\":\"https:\/\/autodigi.ee\/#\/schema\/logo\/image\/\"},\"sameAs\":[\"https:\/\/www.facebook.com\/AUTODIGI.ee\",\"https:\/\/www.instagram.com\/autodigi.ee\/\"]}]}<\/script>\n<!-- \/ Yoast SEO plugin. -->","yoast_head_json":{"title":"K\u00e4ytt\u00f6ehdot - Autodigi.ee","robots":{"index":"index","follow":"follow","max-snippet":"max-snippet:-1","max-image-preview":"max-image-preview:large","max-video-preview":"max-video-preview:-1"},"canonical":"https:\/\/autodigi.ee\/fi\/kayttoehdot\/","og_locale":"fi_FI","og_type":"article","og_title":"K\u00e4ytt\u00f6ehdot - Autodigi.ee","og_url":"https:\/\/autodigi.ee\/fi\/kayttoehdot\/","og_site_name":"Autodigi.ee","article_publisher":"https:\/\/www.facebook.com\/AUTODIGI.ee","article_modified_time":"2024-09-27T14:10:35+00:00","twitter_card":"summary_large_image","twitter_misc":{"Arvioitu lukuaika":"4 minuuttia"},"schema":{"@context":"https:\/\/schema.org","@graph":[{"@type":"WebPage","@id":"https:\/\/autodigi.ee\/fi\/kayttoehdot\/","url":"https:\/\/autodigi.ee\/fi\/kayttoehdot\/","name":"K\u00e4ytt\u00f6ehdot - Autodigi.ee","isPartOf":{"@id":"https:\/\/autodigi.ee\/#website"},"datePublished":"2022-03-01T19:16:15+00:00","dateModified":"2024-09-27T14:10:35+00:00","breadcrumb":{"@id":"https:\/\/autodigi.ee\/fi\/kayttoehdot\/#breadcrumb"},"inLanguage":"fi","potentialAction":[{"@type":"ReadAction","target":["https:\/\/autodigi.ee\/fi\/kayttoehdot\/"]}]},{"@type":"BreadcrumbList","@id":"https:\/\/autodigi.ee\/fi\/kayttoehdot\/#breadcrumb","itemListElement":[{"@type":"ListItem","position":1,"name":"Home","item":"https:\/\/autodigi.ee\/"},{"@type":"ListItem","position":2,"name":"K\u00e4ytt\u00f6ehdot"}]},{"@type":"WebSite","@id":"https:\/\/autodigi.ee\/#website","url":"https:\/\/autodigi.ee\/","name":"Autodigi.ee","description":"Android multimeedia raadiod ja lisaekraanid autosse. Carplay ja Android Auto.","publisher":{"@id":"https:\/\/autodigi.ee\/#organization"},"potentialAction":[{"@type":"SearchAction","target":{"@type":"EntryPoint","urlTemplate":"https:\/\/autodigi.ee\/?s={search_term_string}"},"query-input":{"@type":"PropertyValueSpecification","valueRequired":true,"valueName":"search_term_string"}}],"inLanguage":"fi"},{"@type":"Organization","@id":"https:\/\/autodigi.ee\/#organization","name":"Autodigi O\u00dc","url":"https:\/\/autodigi.ee\/","logo":{"@type":"ImageObject","inLanguage":"fi","@id":"https:\/\/autodigi.ee\/#\/schema\/logo\/image\/","url":"https:\/\/autodigi.ee\/wp-content\/uploads\/2022\/02\/Original_png-1.png","contentUrl":"https:\/\/autodigi.ee\/wp-content\/uploads\/2022\/02\/Original_png-1.png","width":4096,"height":3692,"caption":"Autodigi O\u00dc"},"image":{"@id":"https:\/\/autodigi.ee\/#\/schema\/logo\/image\/"},"sameAs":["https:\/\/www.facebook.com\/AUTODIGI.ee","https:\/\/www.instagram.com\/autodigi.ee\/"]}]}},"_links":{"self":[{"href":"https:\/\/autodigi.ee\/fi\/wp-json\/wp\/v2\/pages\/23099","targetHints":{"allow":["GET"]}}],"collection":[{"href":"https:\/\/autodigi.ee\/fi\/wp-json\/wp\/v2\/pages"}],"about":[{"href":"https:\/\/autodigi.ee\/fi\/wp-json\/wp\/v2\/types\/page"}],"author":[{"embeddable":true,"href":"https:\/\/autodigi.ee\/fi\/wp-json\/wp\/v2\/users\/1"}],"replies":[{"embeddable":true,"href":"https:\/\/autodigi.ee\/fi\/wp-json\/wp\/v2\/comments?post=23099"}],"version-history":[{"count":8,"href":"https:\/\/autodigi.ee\/fi\/wp-json\/wp\/v2\/pages\/23099\/revisions"}],"predecessor-version":[{"id":84104,"href":"https:\/\/autodigi.ee\/fi\/wp-json\/wp\/v2\/pages\/23099\/revisions\/84104"}],"wp:attachment":[{"href":"https:\/\/autodigi.ee\/fi\/wp-json\/wp\/v2\/media?parent=23099"}],"curies":[{"name":"wp","href":"https:\/\/api.w.org\/{rel}","templated":true}]}}