{"id":23069,"date":"2022-03-01T09:16:07","date_gmt":"2022-03-01T07:16:07","guid":{"rendered":"https:\/\/autodigi.ee\/tietosuojakaytanto\/"},"modified":"2024-09-27T16:15:33","modified_gmt":"2024-09-27T14:15:33","slug":"tietosuojakaytanto","status":"publish","type":"page","link":"https:\/\/autodigi.ee\/fi\/tietosuojakaytanto\/","title":{"rendered":"Tietosuojak\u00e4yt\u00e4nt\u00f6"},"content":{"rendered":"\n\n\t<section class=\"section\" id=\"section_1761623727\">\n\t\t<div class=\"section-bg fill\" >\n\t\t\t\t\t\t\t\t\t\n\t\t\t\n\n\t\t<\/div>\n\n\t\t\n\n\t\t<div class=\"section-content relative\">\n\t\t\t\n\n<ol>\n<li><strong> Yleiset s\u00e4\u00e4nn\u00f6kset<\/strong><\/li>\n<\/ol>\n<p>1.1. T\u00e4m\u00e4 tietosuojak\u00e4yt\u00e4nt\u00f6 s\u00e4\u00e4telee henkil\u00f6tietojen ker\u00e4\u00e4misen, k\u00e4sittelyn ja tallentamisen periaatteita. Henkil\u00f6tietoja k\u00e4sittelee ja tallentaa A-autodigi OY, joka on henkil\u00f6tietojen rekisterinpit\u00e4j\u00e4 (my\u00f6hemmin rekisterinpit\u00e4j\u00e4).<\/p>\n<p>1.2. TT\u00e4ss\u00e4 tietosuojak\u00e4yt\u00e4nn\u00f6ss\u00e4 rekister\u00f6idyll\u00e4 tarkoitetaan asiakasta tai muuta luonnollista henkil\u00f6\u00e4, jonka henkil\u00f6tietoja rekisterinpit\u00e4j\u00e4 k\u00e4sittelee.<\/p>\n<p>1.3. Rekisterinpit\u00e4j\u00e4 noudattaa lains\u00e4\u00e4d\u00e4nn\u00f6n mukaisia henkil\u00f6tietojen k\u00e4sittelyyn liittyvi\u00e4 periaatteita ja muun muassa k\u00e4sittelee henkil\u00f6tietoja laillisella, oikeudenmukaisella ja turvallisella tavalla. Rekisterinpit\u00e4j\u00e4 voi vakuuttaa, ett\u00e4 henkil\u00f6tietoja on k\u00e4sitelty lains\u00e4\u00e4d\u00e4nn\u00f6n s\u00e4\u00e4nn\u00f6sten mukaisesti.<\/p>\n<ol start=\"2\">\n<li><strong> Henkil\u00f6tietojen ker\u00e4\u00e4minen, k\u00e4sittely ja varastointi<\/strong><\/li>\n<\/ol>\n<p>2.1. Rekisterinpit\u00e4j\u00e4n ker\u00e4\u00e4m\u00e4t, k\u00e4sittelem\u00e4t ja tallentamat henkil\u00f6tiedot on ker\u00e4tty s\u00e4hk\u00f6isesti, p\u00e4\u00e4asiassa verkkosivuston ja s\u00e4hk\u00f6postin kautta.<\/p>\n<p>2.2. Jakamalla henkil\u00f6tietojaan rekister\u00f6ity henkil\u00f6 antaa rekisterinpit\u00e4j\u00e4lle oikeuden ker\u00e4t\u00e4, j\u00e4rjest\u00e4\u00e4, k\u00e4ytt\u00e4\u00e4 ja hallinnoida tietosuojak\u00e4yt\u00e4nn\u00f6ss\u00e4 m\u00e4\u00e4ritelty\u00e4 tarkoitusta varten henkil\u00f6tietoja, jotka asiakas jakaa suoraan tai v\u00e4lillisesti rekisterinpit\u00e4j\u00e4n kanssa ostaessaan tavaroita tai palveluja verkkosivustolla.<\/p>\n<p>2.3. Rekister\u00f6ity on vastuussa l\u00e4hett\u00e4miens\u00e4 tietojen tarkkuudesta, oikeellisuudesta ja eheydest\u00e4. Tietoisesti v\u00e4\u00e4rien tietojen toimittamista pidet\u00e4\u00e4n yksityisyyden suojan rikkomisena. Rekister\u00f6idyn on ilmoitettava v\u00e4litt\u00f6m\u00e4sti rekisterinpit\u00e4j\u00e4lle kaikista muutoksista toimitettuihin tietoihin.<\/p>\n<p>2.4. Rekisterinpit\u00e4j\u00e4 ei ole vastuussa vahingoista tai menetyksist\u00e4, jotka aiheutuvat rekister\u00f6idylle tai kolmannelle osapuolelle v\u00e4\u00e4r\u00e4n tiedon toimittamisen seurauksena.<\/p>\n<ol start=\"3\">\n<li><strong> Asiakkaiden henkil\u00f6tietojen k\u00e4sittely<\/strong><\/li>\n<\/ol>\n<p>3.1. Rekisterinpit\u00e4j\u00e4 voi k\u00e4sitell\u00e4 seuraavia asiakkaan henkil\u00f6tietoja:<\/p>\n<p>3.1.1. Etu- ja sukunimi;<\/p>\n<p>3.1.2. Syntym\u00e4aika;<\/p>\n<p>3.1.3. Puhelinnumero;<\/p>\n<p>3.1.4. S\u00e4hk\u00f6postiosoite;<\/p>\n<p>3.1.5. Toimitusosoite;<\/p>\n<p>3.1.6. Pankkitilin numero;<\/p>\n<p>3.1.7. Maksukortin tiedot;<\/p>\n<p>3.2. Edell\u00e4 mainitun lis\u00e4ksi rekisterinpit\u00e4j\u00e4ll\u00e4 on oikeus ker\u00e4t\u00e4 asiakasta koskevia tietoja, jotka ovat saatavilla julkisissa rekistereiss\u00e4.<\/p>\n<p>3.3. Oikeusperusta henkil\u00f6tietojen k\u00e4sittelyn lain (EU General Data Protection Regulation) artikkelin 6, kohde 1 &#8211; a, b, c ja f alakohdassa:<\/p>\n<ol>\n<li>a) rekister\u00f6ity on antanut suostumuksensa henkil\u00f6tietojensa k\u00e4sittelyyn yht\u00e4 tai useampaa erityist\u00e4 tarkoitusta varten;<\/li>\n<li>b) k\u00e4sittely on v\u00e4ltt\u00e4m\u00e4t\u00f6nt\u00e4 sellaisen sopimuksen toteuttamiseksi, jonka rekister\u00f6idy on osapuolena, tai jotta voidaan ryhty\u00e4 toimiin rekister\u00f6idyn pyynn\u00f6st\u00e4 ennen sopimuksen tekemist\u00e4;<\/li>\n<li>c) k\u00e4sittely on tarpeen rekisterinpit\u00e4j\u00e4n laillisen velvoitteen noudattamiseksi;<\/li>\n<li>f) k\u00e4sittely on v\u00e4ltt\u00e4m\u00e4t\u00f6nt\u00e4 rekisterinpit\u00e4j\u00e4n tai kolmannen osapuolen oikeutettujen etujen toteuttamiseksi, paitsi jos kyseiset edut syrj\u00e4ytt\u00e4v\u00e4t rekister\u00f6idyn edut tai perusoikeudet ja -vapaudet, jotka edellytt\u00e4v\u00e4t henkil\u00f6tietojen suojaa, erityisesti miss\u00e4 rekister\u00f6ity on lapsi.<\/li>\n<\/ol>\n<p>3.4. Henkil\u00f6tietojen k\u00e4sittely k\u00e4sittelyn tarkoituksen mukaisesti:<\/p>\n<p>3.4.1. K\u00e4sittelyn tarkoitus &#8211; varmuus ja turvallisuus<\/p>\n<p>Henkil\u00f6tietojen s\u00e4ilytyksen enimm\u00e4isaika &#8211; laissa m\u00e4\u00e4riteltyjen ehtojen mukaisesti<\/p>\n<p>3.4.2. K\u00e4sittelyn tarkoitus &#8211; tilausten k\u00e4sittely<\/p>\n<p>Henkil\u00f6tietojen enimm\u00e4isaika &#8211; 2 vuotta.<\/p>\n<p>3.4.3. K\u00e4sittelyn tarkoitus &#8211; verkkokauppapalvelujen toiminnan varmistaminen<\/p>\n<p>Henkil\u00f6tietojen enimm\u00e4isaika &#8211; 2 vuotta.<\/p>\n<p>3.4.4. K\u00e4sittelyn tarkoitus &#8211; asiakashallinta<\/p>\n<p>Henkil\u00f6tietojen enimm\u00e4isaika &#8211; 2 vuotta.<\/p>\n<p>3.4.5. K\u00e4sittelyn tarkoitus &#8211; rahoitustoiminta, kirjanpito<\/p>\n<p>Henkil\u00f6tietojen enimm\u00e4isaika &#8211; laissa m\u00e4\u00e4riteltyjen ehtojen mukaisesti<\/p>\n<p>3.4.6. K\u00e4sittelyn tarkoitus &#8211; markkinointi Henkil\u00f6tietojen enint\u00e4\u00e4n s\u00e4ilytysaika &#8211; 2 vuotta.<\/p>\n<p>3.5. Rekisterinpit\u00e4j\u00e4ll\u00e4 on oikeus jakaa asiakkaiden henkil\u00f6tietoja kolmansille osapuolille, kuten k\u00e4sittelij\u00f6ille, kirjanpit\u00e4jille, kuljetus- ja kuriiriyrityksille, kuljettuspalveluja tarjoaville yrityksille. Rekisterinpit\u00e4j\u00e4 on vastuussa henkil\u00f6tietojen k\u00e4sittelyst\u00e4. Rekisterinpit\u00e4j\u00e4 v\u00e4litt\u00e4\u00e4 maksujen suorittamiseen tarvittavat henkil\u00f6tiedot k\u00e4sittelij\u00e4lle Maksekeskus AS: lle.<\/p>\n<p>3.6. Rekisterinpit\u00e4j\u00e4 k\u00e4sittelee ja tallentaa rekister\u00f6idyn henkil\u00f6tietoja toteuttamalla organisatoriset ja tekniset toimenpiteet varmistaakseen, ett\u00e4 henkil\u00f6tiedot on suojattu vahingossa tapahtuvalta tai laittomalta tuhoamiselta, muuttamiselta, paljastamiselta ja muulta laittomalta k\u00e4sittelylt\u00e4.<\/p>\n<p>3.7. Rekisterinpit\u00e4j\u00e4 tallentaa rekister\u00f6idyn tiedot k\u00e4sittelyn tarkoituksesta riippuen, mutta enint\u00e4\u00e4n kahden vuoden ajaksi.<\/p>\n<ol start=\"4\">\n<li><strong> Rekister\u00f6idyn oikeudet<\/strong><\/li>\n<\/ol>\n<p>4.1. Rekister\u00f6idyll\u00e4 on oikeus saada p\u00e4\u00e4sy henkil\u00f6tietoihinsa ja tutkia niit\u00e4.<\/p>\n<p>4.2. Rekister\u00f6idyll\u00e4 on oikeus saada tietoja henkil\u00f6tietojensa k\u00e4sittelyst\u00e4.<\/p>\n<p>4.3. Rekister\u00f6idyll\u00e4 on oikeus muuttaa tai korjata virheellisi\u00e4 tietoja.<\/p>\n<p>4.4. Jos rekisterinpit\u00e4j\u00e4 k\u00e4sittelee rekister\u00f6idyn henkil\u00f6tietoja t\u00e4m\u00e4n antaman suostumuksen perusteella, rekister\u00f6idyll\u00e4 on oikeus peruuttaa suostumuksensa milloin tahansa.<\/p>\n<p>4.5. Rekister\u00f6ity voi k\u00e4ytt\u00e4\u00e4 oikeuksiaan ottamalla yhteytt\u00e4 verkkokaupan asiakastukeen osoitteessa info@autodigi.ee<\/p>\n<p>4.6. Oikeuksiensa suojaamiseksi rekister\u00f6ity voi tehd\u00e4 valituksen tietosuojavaltuutetulle.<\/p>\n<ol start=\"5\">\n<li><strong> Loppus\u00e4\u00e4nn\u00f6kset<\/strong><\/li>\n<\/ol>\n<p>5.1. N\u00e4m\u00e4 tietosuojaehdot on laadittu luonnollisten henkil\u00f6iden suojelusta henkil\u00f6tietojen k\u00e4sittelyss\u00e4 ja n\u00e4iden tietojen vapaasta liikkuvuudesta annetun Euroopan parlamentin ja neuvoston asetuksen (EU) 2016\/679 mukaisesti, ja direktiivin 95\/46 \/ EY (yleinen tietosuoja-asetus), Viron tasavallan henkil\u00f6tietosuojalain sek\u00e4 Viron tasavallan ja EU: n lains\u00e4\u00e4d\u00e4nn\u00f6n kumoamisesta.<\/p>\n<p>5.2. Rekisterinpit\u00e4j\u00e4ll\u00e4 on oikeus muuttaa tietosuojaehtoja osittain tai kokonaan ilmoittamalla rekister\u00f6idyille muutoksista sivulla www.automeedia.ee<\/p>\n<p>\u00a0<\/p>\n\n\t\t<\/div>\n\n\t\t\n<style>\n#section_1761623727 {\n  padding-top: 30px;\n  padding-bottom: 30px;\n}\n<\/style>\n\t<\/section>\n\t\n\n","protected":false},"excerpt":{"rendered":"","protected":false},"author":1,"featured_media":0,"parent":0,"menu_order":0,"comment_status":"closed","ping_status":"closed","template":"","meta":{"footnotes":""},"class_list":["post-23069","page","type-page","status-publish","hentry"],"yoast_head":"<!-- This site is optimized with the Yoast SEO plugin v25.9 - https:\/\/yoast.com\/wordpress\/plugins\/seo\/ -->\n<title>Tietosuojak\u00e4yt\u00e4nt\u00f6 - Autodigi.ee<\/title>\n<meta name=\"robots\" content=\"index, follow, max-snippet:-1, max-image-preview:large, max-video-preview:-1\" \/>\n<link rel=\"canonical\" href=\"https:\/\/autodigi.ee\/fi\/tietosuojakaytanto\/\" \/>\n<meta property=\"og:locale\" content=\"fi_FI\" \/>\n<meta property=\"og:type\" content=\"article\" \/>\n<meta property=\"og:title\" content=\"Tietosuojak\u00e4yt\u00e4nt\u00f6 - Autodigi.ee\" \/>\n<meta property=\"og:url\" content=\"https:\/\/autodigi.ee\/fi\/tietosuojakaytanto\/\" \/>\n<meta property=\"og:site_name\" content=\"Autodigi.ee\" \/>\n<meta property=\"article:publisher\" content=\"https:\/\/www.facebook.com\/AUTODIGI.ee\" \/>\n<meta property=\"article:modified_time\" content=\"2024-09-27T14:15:33+00:00\" \/>\n<meta name=\"twitter:card\" content=\"summary_large_image\" \/>\n<meta name=\"twitter:label1\" content=\"Arvioitu lukuaika\" \/>\n\t<meta name=\"twitter:data1\" content=\"4 minuuttia\" \/>\n<script type=\"application\/ld+json\" class=\"yoast-schema-graph\">{\"@context\":\"https:\/\/schema.org\",\"@graph\":[{\"@type\":\"WebPage\",\"@id\":\"https:\/\/autodigi.ee\/fi\/tietosuojakaytanto\/\",\"url\":\"https:\/\/autodigi.ee\/fi\/tietosuojakaytanto\/\",\"name\":\"Tietosuojak\u00e4yt\u00e4nt\u00f6 - Autodigi.ee\",\"isPartOf\":{\"@id\":\"https:\/\/autodigi.ee\/#website\"},\"datePublished\":\"2022-03-01T07:16:07+00:00\",\"dateModified\":\"2024-09-27T14:15:33+00:00\",\"breadcrumb\":{\"@id\":\"https:\/\/autodigi.ee\/fi\/tietosuojakaytanto\/#breadcrumb\"},\"inLanguage\":\"fi\",\"potentialAction\":[{\"@type\":\"ReadAction\",\"target\":[\"https:\/\/autodigi.ee\/fi\/tietosuojakaytanto\/\"]}]},{\"@type\":\"BreadcrumbList\",\"@id\":\"https:\/\/autodigi.ee\/fi\/tietosuojakaytanto\/#breadcrumb\",\"itemListElement\":[{\"@type\":\"ListItem\",\"position\":1,\"name\":\"Home\",\"item\":\"https:\/\/autodigi.ee\/\"},{\"@type\":\"ListItem\",\"position\":2,\"name\":\"Tietosuojak\u00e4yt\u00e4nt\u00f6\"}]},{\"@type\":\"WebSite\",\"@id\":\"https:\/\/autodigi.ee\/#website\",\"url\":\"https:\/\/autodigi.ee\/\",\"name\":\"Autodigi.ee\",\"description\":\"Android multimeedia raadiod ja lisaekraanid autosse. Carplay ja Android Auto.\",\"publisher\":{\"@id\":\"https:\/\/autodigi.ee\/#organization\"},\"potentialAction\":[{\"@type\":\"SearchAction\",\"target\":{\"@type\":\"EntryPoint\",\"urlTemplate\":\"https:\/\/autodigi.ee\/?s={search_term_string}\"},\"query-input\":{\"@type\":\"PropertyValueSpecification\",\"valueRequired\":true,\"valueName\":\"search_term_string\"}}],\"inLanguage\":\"fi\"},{\"@type\":\"Organization\",\"@id\":\"https:\/\/autodigi.ee\/#organization\",\"name\":\"Autodigi O\u00dc\",\"url\":\"https:\/\/autodigi.ee\/\",\"logo\":{\"@type\":\"ImageObject\",\"inLanguage\":\"fi\",\"@id\":\"https:\/\/autodigi.ee\/#\/schema\/logo\/image\/\",\"url\":\"https:\/\/autodigi.ee\/wp-content\/uploads\/2022\/02\/Original_png-1.png\",\"contentUrl\":\"https:\/\/autodigi.ee\/wp-content\/uploads\/2022\/02\/Original_png-1.png\",\"width\":4096,\"height\":3692,\"caption\":\"Autodigi O\u00dc\"},\"image\":{\"@id\":\"https:\/\/autodigi.ee\/#\/schema\/logo\/image\/\"},\"sameAs\":[\"https:\/\/www.facebook.com\/AUTODIGI.ee\",\"https:\/\/www.instagram.com\/autodigi.ee\/\"]}]}<\/script>\n<!-- \/ Yoast SEO plugin. -->","yoast_head_json":{"title":"Tietosuojak\u00e4yt\u00e4nt\u00f6 - Autodigi.ee","robots":{"index":"index","follow":"follow","max-snippet":"max-snippet:-1","max-image-preview":"max-image-preview:large","max-video-preview":"max-video-preview:-1"},"canonical":"https:\/\/autodigi.ee\/fi\/tietosuojakaytanto\/","og_locale":"fi_FI","og_type":"article","og_title":"Tietosuojak\u00e4yt\u00e4nt\u00f6 - Autodigi.ee","og_url":"https:\/\/autodigi.ee\/fi\/tietosuojakaytanto\/","og_site_name":"Autodigi.ee","article_publisher":"https:\/\/www.facebook.com\/AUTODIGI.ee","article_modified_time":"2024-09-27T14:15:33+00:00","twitter_card":"summary_large_image","twitter_misc":{"Arvioitu lukuaika":"4 minuuttia"},"schema":{"@context":"https:\/\/schema.org","@graph":[{"@type":"WebPage","@id":"https:\/\/autodigi.ee\/fi\/tietosuojakaytanto\/","url":"https:\/\/autodigi.ee\/fi\/tietosuojakaytanto\/","name":"Tietosuojak\u00e4yt\u00e4nt\u00f6 - Autodigi.ee","isPartOf":{"@id":"https:\/\/autodigi.ee\/#website"},"datePublished":"2022-03-01T07:16:07+00:00","dateModified":"2024-09-27T14:15:33+00:00","breadcrumb":{"@id":"https:\/\/autodigi.ee\/fi\/tietosuojakaytanto\/#breadcrumb"},"inLanguage":"fi","potentialAction":[{"@type":"ReadAction","target":["https:\/\/autodigi.ee\/fi\/tietosuojakaytanto\/"]}]},{"@type":"BreadcrumbList","@id":"https:\/\/autodigi.ee\/fi\/tietosuojakaytanto\/#breadcrumb","itemListElement":[{"@type":"ListItem","position":1,"name":"Home","item":"https:\/\/autodigi.ee\/"},{"@type":"ListItem","position":2,"name":"Tietosuojak\u00e4yt\u00e4nt\u00f6"}]},{"@type":"WebSite","@id":"https:\/\/autodigi.ee\/#website","url":"https:\/\/autodigi.ee\/","name":"Autodigi.ee","description":"Android multimeedia raadiod ja lisaekraanid autosse. Carplay ja Android Auto.","publisher":{"@id":"https:\/\/autodigi.ee\/#organization"},"potentialAction":[{"@type":"SearchAction","target":{"@type":"EntryPoint","urlTemplate":"https:\/\/autodigi.ee\/?s={search_term_string}"},"query-input":{"@type":"PropertyValueSpecification","valueRequired":true,"valueName":"search_term_string"}}],"inLanguage":"fi"},{"@type":"Organization","@id":"https:\/\/autodigi.ee\/#organization","name":"Autodigi O\u00dc","url":"https:\/\/autodigi.ee\/","logo":{"@type":"ImageObject","inLanguage":"fi","@id":"https:\/\/autodigi.ee\/#\/schema\/logo\/image\/","url":"https:\/\/autodigi.ee\/wp-content\/uploads\/2022\/02\/Original_png-1.png","contentUrl":"https:\/\/autodigi.ee\/wp-content\/uploads\/2022\/02\/Original_png-1.png","width":4096,"height":3692,"caption":"Autodigi O\u00dc"},"image":{"@id":"https:\/\/autodigi.ee\/#\/schema\/logo\/image\/"},"sameAs":["https:\/\/www.facebook.com\/AUTODIGI.ee","https:\/\/www.instagram.com\/autodigi.ee\/"]}]}},"_links":{"self":[{"href":"https:\/\/autodigi.ee\/fi\/wp-json\/wp\/v2\/pages\/23069","targetHints":{"allow":["GET"]}}],"collection":[{"href":"https:\/\/autodigi.ee\/fi\/wp-json\/wp\/v2\/pages"}],"about":[{"href":"https:\/\/autodigi.ee\/fi\/wp-json\/wp\/v2\/types\/page"}],"author":[{"embeddable":true,"href":"https:\/\/autodigi.ee\/fi\/wp-json\/wp\/v2\/users\/1"}],"replies":[{"embeddable":true,"href":"https:\/\/autodigi.ee\/fi\/wp-json\/wp\/v2\/comments?post=23069"}],"version-history":[{"count":11,"href":"https:\/\/autodigi.ee\/fi\/wp-json\/wp\/v2\/pages\/23069\/revisions"}],"predecessor-version":[{"id":84108,"href":"https:\/\/autodigi.ee\/fi\/wp-json\/wp\/v2\/pages\/23069\/revisions\/84108"}],"wp:attachment":[{"href":"https:\/\/autodigi.ee\/fi\/wp-json\/wp\/v2\/media?parent=23069"}],"curies":[{"name":"wp","href":"https:\/\/api.w.org\/{rel}","templated":true}]}}